{"id":398,"date":"2018-07-17T10:01:13","date_gmt":"2018-07-17T10:01:13","guid":{"rendered":"https:\/\/conceptsk2.com\/notreileverte-test\/?page_id=398"},"modified":"2025-03-17T11:38:52","modified_gmt":"2025-03-17T15:38:52","slug":"faire-un-don","status":"publish","type":"page","link":"https:\/\/conceptsk2.com\/notreileverte-test\/faire-un-don\/","title":{"rendered":"Faire un don"},"content":{"rendered":"\t\t<div data-elementor-type=\"wp-post\" data-elementor-id=\"398\" class=\"elementor elementor-398\" data-elementor-post-type=\"page\">\n\t\t\t\t\t\t<section class=\"elementor-section elementor-top-section elementor-element elementor-element-bd8a9b8 elementor-section-boxed elementor-section-height-default elementor-section-height-default\" data-id=\"bd8a9b8\" data-element_type=\"section\">\n\t\t\t\t\t\t<div class=\"elementor-container elementor-column-gap-no\">\n\t\t\t\t\t<div class=\"elementor-column elementor-col-100 elementor-top-column elementor-element elementor-element-aa00b4d sc_layouts_column_icons_position_left\" data-id=\"aa00b4d\" data-element_type=\"column\">\n\t\t\t<div class=\"elementor-widget-wrap elementor-element-populated\">\n\t\t\t\t\t\t<div class=\"elementor-element elementor-element-53eb345 sc_fly_static elementor-widget elementor-widget-spacer\" data-id=\"53eb345\" data-element_type=\"widget\" data-widget_type=\"spacer.default\">\n\t\t\t\t<div class=\"elementor-widget-container\">\n\t\t\t\t\t<div class=\"elementor-spacer\">\n\t\t\t<div class=\"elementor-spacer-inner\"><\/div>\n\t\t<\/div>\n\t\t\t\t<\/div>\n\t\t\t\t<\/div>\n\t\t\t\t\t<\/div>\n\t\t<\/div>\n\t\t\t\t\t<\/div>\n\t\t<\/section>\n\t\t\t\t<section class=\"elementor-section elementor-top-section elementor-element elementor-element-2806b7b elementor-section-boxed elementor-section-height-default elementor-section-height-default\" data-id=\"2806b7b\" data-element_type=\"section\">\n\t\t\t\t\t\t<div class=\"elementor-container elementor-column-gap-extended\">\n\t\t\t\t\t<div class=\"elementor-column elementor-col-100 elementor-top-column elementor-element elementor-element-5c8ef17 sc_layouts_column_icons_position_left\" data-id=\"5c8ef17\" data-element_type=\"column\">\n\t\t\t<div class=\"elementor-widget-wrap elementor-element-populated\">\n\t\t\t\t\t\t<div class=\"elementor-element elementor-element-6452a91 sc_fly_static elementor-widget elementor-widget-heading\" data-id=\"6452a91\" data-element_type=\"widget\" data-widget_type=\"heading.default\">\n\t\t\t\t<div class=\"elementor-widget-container\">\n\t\t\t<h2 class=\"elementor-heading-title elementor-size-default\">Faire un don<\/h2>\t\t<\/div>\n\t\t\t\t<\/div>\n\t\t\t\t\t<\/div>\n\t\t<\/div>\n\t\t\t\t\t<\/div>\n\t\t<\/section>\n\t\t\t\t<section class=\"elementor-section elementor-top-section elementor-element elementor-element-642709c elementor-section-boxed elementor-section-height-default elementor-section-height-default\" data-id=\"642709c\" data-element_type=\"section\">\n\t\t\t\t\t\t<div class=\"elementor-container elementor-column-gap-extended\">\n\t\t\t\t\t<div class=\"elementor-column elementor-col-100 elementor-top-column elementor-element elementor-element-db85635 sc_layouts_column_icons_position_left\" data-id=\"db85635\" data-element_type=\"column\">\n\t\t\t<div class=\"elementor-widget-wrap elementor-element-populated\">\n\t\t\t\t\t\t<div class=\"elementor-element elementor-element-74b0652 sc_fly_static elementor-widget elementor-widget-spacer\" data-id=\"74b0652\" data-element_type=\"widget\" data-widget_type=\"spacer.default\">\n\t\t\t\t<div class=\"elementor-widget-container\">\n\t\t\t\t\t<div class=\"elementor-spacer\">\n\t\t\t<div class=\"elementor-spacer-inner\"><\/div>\n\t\t<\/div>\n\t\t\t\t<\/div>\n\t\t\t\t<\/div>\n\t\t\t\t<div class=\"elementor-element elementor-element-605e2aa sc_fly_static elementor-widget elementor-widget-text-editor\" data-id=\"605e2aa\" data-element_type=\"widget\" data-widget_type=\"text-editor.default\">\n\t\t\t\t<div class=\"elementor-widget-container\">\n\t\t\t\t\t\t\t<p>Vous souhaitez appuyer nos initiatives ? Plusieurs moyens existent, dont les suivants :<\/p>\t\t\t\t\t\t<\/div>\n\t\t\t\t<\/div>\n\t\t\t\t<div class=\"elementor-element elementor-element-ba20357 sc_fly_static elementor-widget elementor-widget-spacer\" data-id=\"ba20357\" data-element_type=\"widget\" data-widget_type=\"spacer.default\">\n\t\t\t\t<div class=\"elementor-widget-container\">\n\t\t\t\t\t<div class=\"elementor-spacer\">\n\t\t\t<div class=\"elementor-spacer-inner\"><\/div>\n\t\t<\/div>\n\t\t\t\t<\/div>\n\t\t\t\t<\/div>\n\t\t\t\t\t<\/div>\n\t\t<\/div>\n\t\t\t\t\t<\/div>\n\t\t<\/section>\n\t\t\t\t<section class=\"elementor-section elementor-top-section elementor-element elementor-element-8314bcc elementor-section-boxed elementor-section-height-default elementor-section-height-default\" data-id=\"8314bcc\" data-element_type=\"section\">\n\t\t\t\t\t\t<div class=\"elementor-container elementor-column-gap-extended\">\n\t\t\t\t\t<div class=\"elementor-column elementor-col-100 elementor-top-column elementor-element elementor-element-1fbc8da sc_layouts_column_icons_position_left\" data-id=\"1fbc8da\" data-element_type=\"column\">\n\t\t\t<div class=\"elementor-widget-wrap elementor-element-populated\">\n\t\t\t\t\t\t<div class=\"elementor-element elementor-element-115da4a sc_fly_static elementor-widget elementor-widget-text-editor\" data-id=\"115da4a\" data-element_type=\"widget\" data-widget_type=\"text-editor.default\">\n\t\t\t\t<div class=\"elementor-widget-container\">\n\t\t\t\t\t\t\t<ol><li>Faire un <strong>don en argent<\/strong> au Regroupement pour la p\u00e9rennit\u00e9 de l\u2019ile Verte pour soutenir ses activit\u00e9s de conservation.<p><strong>Modes de paiement pour votre don en argent :<\/strong><br \/>a) Si vous choisissez de <strong>faire un virement bancaire<\/strong>, le virement peut \u00eatre envoy\u00e9 \u00e0 <a href=\"mailto:paiement@notreileverte.org\">paiement@notreileverte.org<\/a> en prenant soin de pr\u00e9ciser le nom et l\u2019adresse de la personne \u00e0 qui nous enverrons le re\u00e7u de charit\u00e9 pour fins d\u2019imp\u00f4ts.<\/p><p>b) Si vous choisissez de <strong>payer par ch\u00e8que<\/strong> \u00e0 l\u2019ordre de \u00ab Regroupement pour la p\u00e9rennit\u00e9 de l\u2019ile Verte \u00bb, merci de nous le faire parvenir par la poste \u00e0 : Regroupement pour la p\u00e9rennit\u00e9 de l\u2019ile Verte, 507-30, rue d\u2019Ambre, Candiac (QC) J5R 0S3, en pr\u00e9cisant le nom et l\u2019adresse de la personne \u00e0 qui nous enverrons le re\u00e7u de charit\u00e9 pour fins d\u2019imp\u00f4ts.<\/p><p>c) Le Regroupement enverra des re\u00e7us de charit\u00e9 pour fins d\u2019imp\u00f4t aux personnes qui font des dons de 20 $ et plus.<\/p><\/li><li>Faire un <strong>don par legs testamentaire<\/strong> pour que le Regroupement puisse honorer votre m\u00e9moire par la mise en place d\u2019activit\u00e9s de conservation.<\/li><li><p>Faire des <strong>dons \u00e0 la suite du d\u00e9c\u00e8s d\u2019un proche<\/strong> pour qui la conservation des terres de l\u2019ile Verte \u00e9tait une valeur importante.<\/p><p>Vous n\u2019aurez qu\u2019\u00e0 inclure les informations dans l\u2019annonce de d\u00e9c\u00e8s publi\u00e9 dans les journaux ou sur le site Web de la maison fun\u00e9raire. \u00c0 ce titre, vous pouvez communiquer avec la secr\u00e9taire du Regroupement par t\u00e9l\u00e9phone (450-659-2516)<\/p><\/li><li>Faire un <strong>don de terrain, en tout ou en partie. <\/strong>Par exemple, le Regroupement a pu prendre son essor gr\u00e2ce \u00e0 un don de terrain fait en 2015. En m\u00eame temps le propri\u00e9taire a accord\u00e9 une servitude de conservation sur un terrain voisin. En tout, 43 hectares ont \u00e9t\u00e9 conserv\u00e9s \u00e0 perp\u00e9tuit\u00e9 ! Par la suite, d&rsquo;autres propri\u00e9taires ont c\u00e9d\u00e9 ou accord\u00e9 des servitudes sur leurs terrains.\u00a0<\/li><\/ol>\t\t\t\t\t\t<\/div>\n\t\t\t\t<\/div>\n\t\t\t\t<div class=\"elementor-element elementor-element-a076dbe sc_fly_static elementor-widget elementor-widget-spacer\" data-id=\"a076dbe\" data-element_type=\"widget\" data-widget_type=\"spacer.default\">\n\t\t\t\t<div class=\"elementor-widget-container\">\n\t\t\t\t\t<div class=\"elementor-spacer\">\n\t\t\t<div class=\"elementor-spacer-inner\"><\/div>\n\t\t<\/div>\n\t\t\t\t<\/div>\n\t\t\t\t<\/div>\n\t\t\t\t\t<\/div>\n\t\t<\/div>\n\t\t\t\t\t<\/div>\n\t\t<\/section>\n\t\t\t\t<section class=\"elementor-section elementor-top-section elementor-element elementor-element-8b40db2 elementor-section-boxed elementor-section-height-default elementor-section-height-default\" data-id=\"8b40db2\" data-element_type=\"section\">\n\t\t\t\t\t\t<div class=\"elementor-container elementor-column-gap-extended\">\n\t\t\t\t\t<div class=\"elementor-column elementor-col-100 elementor-top-column elementor-element elementor-element-23fa9f0 sc_layouts_column_icons_position_left\" data-id=\"23fa9f0\" data-element_type=\"column\">\n\t\t\t<div class=\"elementor-widget-wrap elementor-element-populated\">\n\t\t\t\t\t\t<div class=\"elementor-element elementor-element-83a652d sc_fly_static elementor-widget elementor-widget-text-editor\" data-id=\"83a652d\" data-element_type=\"widget\" data-widget_type=\"text-editor.default\">\n\t\t\t\t<div class=\"elementor-widget-container\">\n\t\t\t\t\t\t\t<h5>Vous souhaitez prot\u00e9ger votre terrain ?<\/h5><p>Voir le lien suivant et n\u2019h\u00e9siter pas \u00e0 nous consulter.<\/p>\t\t\t\t\t\t<\/div>\n\t\t\t\t<\/div>\n\t\t\t\t<div class=\"elementor-element elementor-element-ba1a9e3 sc_fly_static elementor-widget elementor-widget-spacer\" data-id=\"ba1a9e3\" data-element_type=\"widget\" data-widget_type=\"spacer.default\">\n\t\t\t\t<div class=\"elementor-widget-container\">\n\t\t\t\t\t<div class=\"elementor-spacer\">\n\t\t\t<div class=\"elementor-spacer-inner\"><\/div>\n\t\t<\/div>\n\t\t\t\t<\/div>\n\t\t\t\t<\/div>\n\t\t\t\t<div class=\"elementor-element elementor-element-96342b5 terrain sc_fly_static elementor-widget elementor-widget-trx_sc_button\" data-id=\"96342b5\" data-element_type=\"widget\" data-widget_type=\"trx_sc_button.default\">\n\t\t\t\t<div class=\"elementor-widget-container\">\n\t\t\t<div class=\"sc_item_button sc_button_wrap sc_align_center\"><a href=\"https:\/\/www.lapresse.ca\/contexte\/environnement\/proteger-la-nature-un-terrain-a-la-fois\/2024-03-17\/environnement\/trois-options-pour-les-proprietaires.php\" id=\"trx_sc_button_715891859\" class=\"sc_button sc_button_default sc_button_size_small sc_button_icon_left\"><span class=\"sc_button_text\"><span class=\"sc_button_title\">Prot\u00e9gez votre terrain<\/span><\/span><!-- \/.sc_button_text --><\/a><!-- \/.sc_button --><\/div><!-- \/.sc_item_button -->\t\t<\/div>\n\t\t\t\t<\/div>\n\t\t\t\t<div class=\"elementor-element elementor-element-4b2b48c sc_fly_static elementor-widget elementor-widget-spacer\" data-id=\"4b2b48c\" data-element_type=\"widget\" data-widget_type=\"spacer.default\">\n\t\t\t\t<div class=\"elementor-widget-container\">\n\t\t\t\t\t<div class=\"elementor-spacer\">\n\t\t\t<div class=\"elementor-spacer-inner\"><\/div>\n\t\t<\/div>\n\t\t\t\t<\/div>\n\t\t\t\t<\/div>\n\t\t\t\t\t<\/div>\n\t\t<\/div>\n\t\t\t\t\t<\/div>\n\t\t<\/section>\n\t\t\t\t<section class=\"elementor-section elementor-top-section elementor-element elementor-element-4a59fc1 elementor-section-boxed elementor-section-height-default elementor-section-height-default\" data-id=\"4a59fc1\" data-element_type=\"section\">\n\t\t\t\t\t\t<div class=\"elementor-container elementor-column-gap-extended\">\n\t\t\t\t\t<div class=\"elementor-column elementor-col-100 elementor-top-column elementor-element elementor-element-cc97c35 sc_layouts_column_icons_position_left\" data-id=\"cc97c35\" data-element_type=\"column\">\n\t\t\t<div class=\"elementor-widget-wrap elementor-element-populated\">\n\t\t\t\t\t\t<div class=\"elementor-element elementor-element-9e3967f sc_fly_static elementor-widget elementor-widget-spacer\" data-id=\"9e3967f\" data-element_type=\"widget\" data-widget_type=\"spacer.default\">\n\t\t\t\t<div class=\"elementor-widget-container\">\n\t\t\t\t\t<div class=\"elementor-spacer\">\n\t\t\t<div class=\"elementor-spacer-inner\"><\/div>\n\t\t<\/div>\n\t\t\t\t<\/div>\n\t\t\t\t<\/div>\n\t\t\t\t<div class=\"elementor-element elementor-element-e0c4c26 sc_fly_static elementor-widget elementor-widget-text-editor\" data-id=\"e0c4c26\" data-element_type=\"widget\" data-widget_type=\"text-editor.default\">\n\t\t\t\t<div class=\"elementor-widget-container\">\n\t\t\t\t\t\t\t<p style=\"margin-left: 18.0pt;\">Vos dons nous sont essentiels et servent uniquement \u00e0 la promotion des objets du Regroupement, dont la conservation \u00e0 perp\u00e9tuit\u00e9 de terrains \u00e0 l\u2019ile Verte. <strong>Merci de contribuer aux objets du Regroupement!<\/strong><\/p>\t\t\t\t\t\t<\/div>\n\t\t\t\t<\/div>\n\t\t\t\t\t<\/div>\n\t\t<\/div>\n\t\t\t\t\t<\/div>\n\t\t<\/section>\n\t\t\t\t<section class=\"elementor-section elementor-top-section elementor-element elementor-element-a54fb24 elementor-section-boxed elementor-section-height-default elementor-section-height-default\" data-id=\"a54fb24\" data-element_type=\"section\">\n\t\t\t\t\t\t<div class=\"elementor-container elementor-column-gap-extended\">\n\t\t\t\t\t<div class=\"elementor-column elementor-col-100 elementor-top-column elementor-element elementor-element-1d4e04d sc_layouts_column_icons_position_left\" data-id=\"1d4e04d\" data-element_type=\"column\">\n\t\t\t<div class=\"elementor-widget-wrap elementor-element-populated\">\n\t\t\t\t\t\t<div class=\"elementor-element elementor-element-e905b0d sc_fly_static elementor-widget elementor-widget-spacer\" data-id=\"e905b0d\" data-element_type=\"widget\" data-widget_type=\"spacer.default\">\n\t\t\t\t<div class=\"elementor-widget-container\">\n\t\t\t\t\t<div class=\"elementor-spacer\">\n\t\t\t<div class=\"elementor-spacer-inner\"><\/div>\n\t\t<\/div>\n\t\t\t\t<\/div>\n\t\t\t\t<\/div>\n\t\t\t\t<div class=\"elementor-element elementor-element-a990b64 elementor-widget__width-inherit sc_fly_static elementor-widget elementor-widget-text-editor\" data-id=\"a990b64\" data-element_type=\"widget\" data-widget_type=\"text-editor.default\">\n\t\t\t\t<div class=\"elementor-widget-container\">\n\t\t\t\t\t\t\t<p><em>Le Regroupement est enregistr\u00e9 \u00e0 titre d&rsquo;organisme de bienfaisance aupr\u00e8s de l&rsquo;Agence du revenu du Canada et de Revenu Qu\u00e9bec (No. 80257 9854 RR0001).<\/em><\/p>\t\t\t\t\t\t<\/div>\n\t\t\t\t<\/div>\n\t\t\t\t<div class=\"elementor-element elementor-element-a4411a0 sc_fly_static elementor-widget elementor-widget-spacer\" data-id=\"a4411a0\" data-element_type=\"widget\" data-widget_type=\"spacer.default\">\n\t\t\t\t<div class=\"elementor-widget-container\">\n\t\t\t\t\t<div class=\"elementor-spacer\">\n\t\t\t<div class=\"elementor-spacer-inner\"><\/div>\n\t\t<\/div>\n\t\t\t\t<\/div>\n\t\t\t\t<\/div>\n\t\t\t\t<div class=\"elementor-element elementor-element-6eecd92 sc_fly_static elementor-widget elementor-widget-spacer\" data-id=\"6eecd92\" data-element_type=\"widget\" data-widget_type=\"spacer.default\">\n\t\t\t\t<div class=\"elementor-widget-container\">\n\t\t\t\t\t<div class=\"elementor-spacer\">\n\t\t\t<div class=\"elementor-spacer-inner\"><\/div>\n\t\t<\/div>\n\t\t\t\t<\/div>\n\t\t\t\t<\/div>\n\t\t\t\t\t<\/div>\n\t\t<\/div>\n\t\t\t\t\t<\/div>\n\t\t<\/section>\n\t\t\t\t<\/div>\n\t\t","protected":false},"excerpt":{"rendered":"<p>Faire un don Vous souhaitez appuyer nos initiatives ? Plusieurs moyens existent, dont les suivants : Faire un don en argent au Regroupement pour la p\u00e9rennit\u00e9 de l\u2019ile Verte pour soutenir ses activit\u00e9s&hellip;<\/p>\n","protected":false},"author":1,"featured_media":8104,"parent":0,"menu_order":0,"comment_status":"closed","ping_status":"closed","template":"","meta":{"footnotes":""},"class_list":["post-398","page","type-page","status-publish","has-post-thumbnail","hentry"],"_links":{"self":[{"href":"https:\/\/conceptsk2.com\/notreileverte-test\/wp-json\/wp\/v2\/pages\/398","targetHints":{"allow":["GET"]}}],"collection":[{"href":"https:\/\/conceptsk2.com\/notreileverte-test\/wp-json\/wp\/v2\/pages"}],"about":[{"href":"https:\/\/conceptsk2.com\/notreileverte-test\/wp-json\/wp\/v2\/types\/page"}],"author":[{"embeddable":true,"href":"https:\/\/conceptsk2.com\/notreileverte-test\/wp-json\/wp\/v2\/users\/1"}],"replies":[{"embeddable":true,"href":"https:\/\/conceptsk2.com\/notreileverte-test\/wp-json\/wp\/v2\/comments?post=398"}],"version-history":[{"count":93,"href":"https:\/\/conceptsk2.com\/notreileverte-test\/wp-json\/wp\/v2\/pages\/398\/revisions"}],"predecessor-version":[{"id":8747,"href":"https:\/\/conceptsk2.com\/notreileverte-test\/wp-json\/wp\/v2\/pages\/398\/revisions\/8747"}],"wp:featuredmedia":[{"embeddable":true,"href":"https:\/\/conceptsk2.com\/notreileverte-test\/wp-json\/wp\/v2\/media\/8104"}],"wp:attachment":[{"href":"https:\/\/conceptsk2.com\/notreileverte-test\/wp-json\/wp\/v2\/media?parent=398"}],"curies":[{"name":"wp","href":"https:\/\/api.w.org\/{rel}","templated":true}]}}