{"id":569,"date":"2018-07-23T12:44:11","date_gmt":"2018-07-23T12:44:11","guid":{"rendered":"https:\/\/conceptsk2.com\/notreileverte-test\/?page_id=569"},"modified":"2024-06-14T14:34:01","modified_gmt":"2024-06-14T18:34:01","slug":"histoire","status":"publish","type":"page","link":"https:\/\/conceptsk2.com\/notreileverte-test\/histoire\/","title":{"rendered":"Histoire"},"content":{"rendered":"\t\t<div data-elementor-type=\"wp-post\" data-elementor-id=\"569\" class=\"elementor elementor-569\" data-elementor-post-type=\"page\">\n\t\t\t\t\t\t<section class=\"elementor-section elementor-top-section elementor-element elementor-element-54d20d3 elementor-section-full_width elementor-section-height-default elementor-section-height-default\" data-id=\"54d20d3\" data-element_type=\"section\" data-settings=\"{&quot;background_background&quot;:&quot;classic&quot;}\">\n\t\t\t\t\t\t<div class=\"elementor-container elementor-column-gap-extended\">\n\t\t\t\t\t<div class=\"elementor-column elementor-col-100 elementor-top-column elementor-element elementor-element-52ef014 sc_layouts_column_icons_position_left\" data-id=\"52ef014\" data-element_type=\"column\">\n\t\t\t<div class=\"elementor-widget-wrap elementor-element-populated\">\n\t\t\t\t\t\t<div class=\"elementor-element elementor-element-69241ed sc_height_huge sc_fly_static elementor-widget elementor-widget-spacer\" data-id=\"69241ed\" data-element_type=\"widget\" data-widget_type=\"spacer.default\">\n\t\t\t\t<div class=\"elementor-widget-container\">\n\t\t\t\t\t<div class=\"elementor-spacer\">\n\t\t\t<div class=\"elementor-spacer-inner\"><\/div>\n\t\t<\/div>\n\t\t\t\t<\/div>\n\t\t\t\t<\/div>\n\t\t\t\t\t<\/div>\n\t\t<\/div>\n\t\t\t\t\t<\/div>\n\t\t<\/section>\n\t\t\t\t<section class=\"elementor-section elementor-top-section elementor-element elementor-element-f5f79c7 elementor-section-content-top elementor-section-boxed elementor-section-height-default elementor-section-height-default\" data-id=\"f5f79c7\" data-element_type=\"section\" data-settings=\"{&quot;background_background&quot;:&quot;classic&quot;}\">\n\t\t\t\t\t\t<div class=\"elementor-container elementor-column-gap-extended\">\n\t\t\t\t\t<div class=\"elementor-column elementor-col-50 elementor-top-column elementor-element elementor-element-00163f5 sc_layouts_column_icons_position_left elementor-invisible\" data-id=\"00163f5\" data-element_type=\"column\" data-settings=\"{&quot;animation&quot;:&quot;fadeInLeft&quot;}\">\n\t\t\t<div class=\"elementor-widget-wrap elementor-element-populated\">\n\t\t\t\t\t\t<div class=\"elementor-element elementor-element-09d201f scheme_dark sc_fly_static elementor-widget elementor-widget-trx_sc_promo\" data-id=\"09d201f\" data-element_type=\"widget\" data-widget_type=\"trx_sc_promo.default\">\n\t\t\t\t<div class=\"elementor-widget-container\">\n\t\t\t<div  id=\"trx_sc_promo_333386711\" \n\tclass=\"sc_promo scheme_dark sc_promo_preview sc_promo_size_normal sc_promo_image_position_left\"><div class=\"sc_promo_image\" style=\"background-image:url(\/\/conceptsk2.com\/notreileverte-test\/wp-content\/uploads\/2024\/05\/histoire-phare-ile-verte.jpg);width:100%;left: 0;height:454px;\"><\/div><!-- \/.sc_promo_image --><div class=\"sc_promo_text\" style=\"float: right; \">\n\t\t\t<div class=\"sc_promo_text_inner trx_addons_inline_1842910610\">\n                                \t\t\t\t<\/div>\n\t\t<\/div><!-- \/.sc_promo_text --><\/div><!-- \/.sc_promo -->\t\t<\/div>\n\t\t\t\t<\/div>\n\t\t\t\t\t<\/div>\n\t\t<\/div>\n\t\t\t\t<div class=\"elementor-column elementor-col-50 elementor-top-column elementor-element elementor-element-63bbf0d sc_layouts_column_icons_position_left elementor-invisible\" data-id=\"63bbf0d\" data-element_type=\"column\" data-settings=\"{&quot;animation&quot;:&quot;fadeInRight&quot;}\">\n\t\t\t<div class=\"elementor-widget-wrap elementor-element-populated\">\n\t\t\t\t\t\t<div class=\"elementor-element elementor-element-29dce88 sc_fly_static elementor-widget elementor-widget-trx_sc_title\" data-id=\"29dce88\" data-element_type=\"widget\" data-widget_type=\"trx_sc_title.default\">\n\t\t\t\t<div class=\"elementor-widget-container\">\n\t\t\t<div id=\"trx_sc_title_1132761108\"\r\n\t\tclass=\"sc_title sc_title_default\"><span class=\"sc_item_subtitle sc_title_subtitle sc_item_subtitle_above sc_item_title_style_default\">Histoire<\/span><h5 class=\"sc_item_title sc_title_title sc_item_title_style_default sc_item_title_tag\"><span class=\"sc_item_title_text\">L\u2019origine du nom de l\u2019ile est inconnue. Une l\u00e9gende existe selon laquelle Jacques Cartier l\u2019aurait baptis\u00e9e ainsi en septembre 1535, en raison de son paysage uniform\u00e9ment vert qui se d\u00e9tachait de la c\u00f4te.<\/span><\/h5><div class=\"sc_item_descr sc_title_descr\"><p>Le Phare de l\u2019ile a \u00e9t\u00e9 d\u00e9sign\u00e9 lieu historique national du Canada en 1974 et depuis 2021, il est class\u00e9 comme bien patrimonial par le Qu\u00e9bec.<\/p>\n<\/div><\/div><!-- \/.sc_title -->\t\t<\/div>\n\t\t\t\t<\/div>\n\t\t\t\t\t<\/div>\n\t\t<\/div>\n\t\t\t\t\t<\/div>\n\t\t<\/section>\n\t\t\t\t<section class=\"elementor-section elementor-top-section elementor-element elementor-element-a19db25 elementor-section-full_width elementor-section-height-default elementor-section-height-default\" data-id=\"a19db25\" data-element_type=\"section\" data-settings=\"{&quot;background_background&quot;:&quot;classic&quot;}\">\n\t\t\t\t\t\t<div class=\"elementor-container elementor-column-gap-extended\">\n\t\t\t\t\t<div class=\"elementor-column elementor-col-100 elementor-top-column elementor-element elementor-element-00baf68 sc_layouts_column_icons_position_left\" data-id=\"00baf68\" data-element_type=\"column\">\n\t\t\t<div class=\"elementor-widget-wrap elementor-element-populated\">\n\t\t\t\t\t\t<div class=\"elementor-element elementor-element-f4fcd6a sc_height_huge sc_fly_static elementor-widget elementor-widget-spacer\" data-id=\"f4fcd6a\" data-element_type=\"widget\" data-widget_type=\"spacer.default\">\n\t\t\t\t<div class=\"elementor-widget-container\">\n\t\t\t\t\t<div class=\"elementor-spacer\">\n\t\t\t<div class=\"elementor-spacer-inner\"><\/div>\n\t\t<\/div>\n\t\t\t\t<\/div>\n\t\t\t\t<\/div>\n\t\t\t\t\t<\/div>\n\t\t<\/div>\n\t\t\t\t\t<\/div>\n\t\t<\/section>\n\t\t\t\t<section class=\"elementor-section elementor-top-section elementor-element elementor-element-288e8a7 elementor-section-stretched elementor-section-boxed elementor-section-height-default elementor-section-height-default\" data-id=\"288e8a7\" data-element_type=\"section\" data-settings=\"{&quot;background_background&quot;:&quot;classic&quot;,&quot;stretch_section&quot;:&quot;section-stretched&quot;}\">\n\t\t\t\t\t\t<div class=\"elementor-container elementor-column-gap-extended\">\n\t\t\t\t\t<div class=\"elementor-column elementor-col-100 elementor-top-column elementor-element elementor-element-d11c454 sc_layouts_column_icons_position_left\" data-id=\"d11c454\" data-element_type=\"column\">\n\t\t\t<div class=\"elementor-widget-wrap elementor-element-populated\">\n\t\t\t\t\t\t<div class=\"elementor-element elementor-element-7c3203b sc_fly_static elementor-widget elementor-widget-spacer\" data-id=\"7c3203b\" data-element_type=\"widget\" data-widget_type=\"spacer.default\">\n\t\t\t\t<div class=\"elementor-widget-container\">\n\t\t\t\t\t<div class=\"elementor-spacer\">\n\t\t\t<div class=\"elementor-spacer-inner\"><\/div>\n\t\t<\/div>\n\t\t\t\t<\/div>\n\t\t\t\t<\/div>\n\t\t\t\t<div class=\"elementor-element elementor-element-b3c35de sc_fly_static elementor-invisible elementor-widget elementor-widget-trx_sc_title\" data-id=\"b3c35de\" data-element_type=\"widget\" data-settings=\"{&quot;_animation&quot;:&quot;fadeInUp&quot;}\" data-widget_type=\"trx_sc_title.default\">\n\t\t\t\t<div class=\"elementor-widget-container\">\n\t\t\t<div id=\"trx_sc_title_1811725216\"\r\n\t\tclass=\"sc_title sc_title_default\"><span class=\"sc_item_subtitle sc_title_subtitle sc_align_center sc_item_subtitle_above sc_item_title_style_default\">Histoire de l'ile<\/span><h5 class=\"sc_item_title sc_title_title sc_align_center sc_item_title_style_default sc_item_title_tag\"><span class=\"sc_item_title_text\">Travers\u00e9e du temps : l'histoire vivante de l'ile Verte<\/span><\/h5><\/div><!-- \/.sc_title -->\t\t<\/div>\n\t\t\t\t<\/div>\n\t\t\t\t<div class=\"elementor-element elementor-element-6f55329 sc_fly_static elementor-widget elementor-widget-spacer\" data-id=\"6f55329\" data-element_type=\"widget\" data-widget_type=\"spacer.default\">\n\t\t\t\t<div class=\"elementor-widget-container\">\n\t\t\t\t\t<div class=\"elementor-spacer\">\n\t\t\t<div class=\"elementor-spacer-inner\"><\/div>\n\t\t<\/div>\n\t\t\t\t<\/div>\n\t\t\t\t<\/div>\n\t\t\t\t<div class=\"elementor-element elementor-element-2028205 histoire sc_fly_static elementor-invisible elementor-widget elementor-widget-be-timeline\" data-id=\"2028205\" data-element_type=\"widget\" data-settings=\"{&quot;_animation&quot;:&quot;fadeIn&quot;}\" data-widget_type=\"be-timeline.default\">\n\t\t\t\t<div class=\"elementor-widget-container\">\n\t\t\t<ul class=\"be-pack timeline\">\t\t\t\t<li class=\"timeline-inverted\">\n\t\t\t \n\t\t\t<div class=\"tl-circ\"><\/div>\n\t\t\t  <div class=\"timeline-panel\">\n\t\t\t\t<div class=\"tl-heading\">\n\t\t\t\t\t<div class=\"tl-content\">\n\t\t\t\t\t\t<div class=\"timeline_pic pull-left\"><img decoding=\"async\" width=\"120\" height=\"120\" src=\"https:\/\/conceptsk2.com\/notreileverte-test\/wp-content\/uploads\/2024\/05\/aerienne-timeline.png\" class=\"be-image\" alt=\"\" srcset=\"https:\/\/conceptsk2.com\/notreileverte-test\/wp-content\/uploads\/2024\/05\/aerienne-timeline.png 120w, https:\/\/conceptsk2.com\/notreileverte-test\/wp-content\/uploads\/2024\/05\/aerienne-timeline-90x90.png 90w\" sizes=\"(max-width: 120px) 100vw, 120px\" \/><\/div>\t\t\t\t\t\t<div class=\"be-desc\">\n\t\t\t\t\t\t<h2 class=\"be-title\">-6000<\/h2>\t\t\t\t\t\t<div class=\"be-content\">\n\t\t\t\t\t\t\t<p>Depuis la fin de la derni\u00e8re glaciation, l\u2019ile a \u00e9t\u00e9 fr\u00e9quent\u00e9e par les Premi\u00e8res Nations et des sites arch\u00e9ologiques ont \u00e9t\u00e9 identifi\u00e9s sur l\u2019ile.<\/p> \n\t\t\t\t\t\t<\/div>\n\t\t\t\t\t\t<\/div>\n\t\t\t\t\t<\/div>\n\t\t\t\t<\/div>\n\t\t\t  <\/div>\n\t\t\t<\/li>\n\t\t\t\t\t\t<li class=\"timeline-right\">\n\t\t\t \n\t\t\t<div class=\"tl-circ\"><\/div>\n\t\t\t  <div class=\"timeline-panel\">\n\t\t\t\t<div class=\"tl-heading\">\n\t\t\t\t\t<div class=\"tl-content\">\n\t\t\t\t\t\t<div class=\"timeline_pic pull-left\"><img decoding=\"async\" width=\"120\" height=\"120\" src=\"https:\/\/conceptsk2.com\/notreileverte-test\/wp-content\/uploads\/2024\/05\/jacques-cartier-timeline.png\" class=\"be-image\" alt=\"\" srcset=\"https:\/\/conceptsk2.com\/notreileverte-test\/wp-content\/uploads\/2024\/05\/jacques-cartier-timeline.png 120w, https:\/\/conceptsk2.com\/notreileverte-test\/wp-content\/uploads\/2024\/05\/jacques-cartier-timeline-90x90.png 90w\" sizes=\"(max-width: 120px) 100vw, 120px\" \/><\/div>\t\t\t\t\t\t<div class=\"be-desc\">\n\t\t\t\t\t\t<h2 class=\"be-title\">1535<\/h2>\t\t\t\t\t\t<div class=\"be-content\">\n\t\t\t\t\t\t\t<p>L\u2019origine du nom de l\u2019ile est inconnue. Une l\u00e9gende existe selon laquelle Jacques Cartier l\u2019aurait baptis\u00e9e ainsi en septembre 1535, en raison de son paysage uniform\u00e9ment vert qui se d\u00e9tachait de la c\u00f4te.<\/p> \n\t\t\t\t\t\t<\/div>\n\t\t\t\t\t\t<\/div>\n\t\t\t\t\t<\/div>\n\t\t\t\t<\/div>\n\t\t\t  <\/div>\n\t\t\t<\/li>\n\t\t\t\t\t\t\t<li class=\"timeline-inverted\">\n\t\t\t \n\t\t\t<div class=\"tl-circ\"><\/div>\n\t\t\t  <div class=\"timeline-panel\">\n\t\t\t\t<div class=\"tl-heading\">\n\t\t\t\t\t<div class=\"tl-content\">\n\t\t\t\t\t\t<div class=\"timeline_pic pull-left\"><img decoding=\"async\" width=\"120\" height=\"120\" src=\"https:\/\/conceptsk2.com\/notreileverte-test\/wp-content\/uploads\/2024\/05\/amerindien-commerce-timeline.png\" class=\"be-image\" alt=\"\" srcset=\"https:\/\/conceptsk2.com\/notreileverte-test\/wp-content\/uploads\/2024\/05\/amerindien-commerce-timeline.png 120w, https:\/\/conceptsk2.com\/notreileverte-test\/wp-content\/uploads\/2024\/05\/amerindien-commerce-timeline-90x90.png 90w\" sizes=\"(max-width: 120px) 100vw, 120px\" \/><\/div>\t\t\t\t\t\t<div class=\"be-desc\">\n\t\t\t\t\t\t<h2 class=\"be-title\">1621<\/h2>\t\t\t\t\t\t<div class=\"be-content\">\n\t\t\t\t\t\t\t<p>Samuel de Champlain fait allusion \u00e0 l\u2019ile dans ses rapports et selon lui, de 1621 \u00e0 1626, des commer\u00e7ants fran\u00e7ais y venaient pour y faire du troc avec des Am\u00e9rindiens Montagnais.<\/p> \n\t\t\t\t\t\t<\/div>\n\t\t\t\t\t\t<\/div>\n\t\t\t\t\t<\/div>\n\t\t\t\t<\/div>\n\t\t\t  <\/div>\n\t\t\t<\/li>\n\t\t\t\t\t\t<li class=\"timeline-right\">\n\t\t\t \n\t\t\t<div class=\"tl-circ\"><\/div>\n\t\t\t  <div class=\"timeline-panel\">\n\t\t\t\t<div class=\"tl-heading\">\n\t\t\t\t\t<div class=\"tl-content\">\n\t\t\t\t\t\t<div class=\"timeline_pic pull-left\"><img loading=\"lazy\" decoding=\"async\" width=\"120\" height=\"120\" src=\"https:\/\/conceptsk2.com\/notreileverte-test\/wp-content\/uploads\/2024\/05\/peter-fraser-timeline.png\" class=\"be-image\" alt=\"\" srcset=\"https:\/\/conceptsk2.com\/notreileverte-test\/wp-content\/uploads\/2024\/05\/peter-fraser-timeline.png 120w, https:\/\/conceptsk2.com\/notreileverte-test\/wp-content\/uploads\/2024\/05\/peter-fraser-timeline-90x90.png 90w\" sizes=\"(max-width: 120px) 100vw, 120px\" \/><\/div>\t\t\t\t\t\t<div class=\"be-desc\">\n\t\t\t\t\t\t<h2 class=\"be-title\">1806<\/h2>\t\t\t\t\t\t<div class=\"be-content\">\n\t\t\t\t\t\t\t<p>Peter Fraser, d\u2019origine \u00e9cossaise, a \u00e9t\u00e9 le premier habitant et d\u00e9fricheur de l\u2019ile Verte et c\u2019est gr\u00e2ce \u00e0 ses initiatives que le Phare de l\u2019ile, le premier du Saint-Laurent, a \u00e9t\u00e9 construit entre 1806 et 1809. Peter Fraser est d\u00e9c\u00e9d\u00e9 sur l\u2019ile le 4 d\u00e9cembre 1820, dans une maison qu\u2019il avait construite et qui existe toujours. Il est l\u2019anc\u00eatre de deux importantes lign\u00e9es Fraser \u00e0 l\u2019ile, issues de ses fils Malcom et Pierre Fraser.<\/p> \n\t\t\t\t\t\t<\/div>\n\t\t\t\t\t\t<\/div>\n\t\t\t\t\t<\/div>\n\t\t\t\t<\/div>\n\t\t\t  <\/div>\n\t\t\t<\/li>\n\t\t\t\t\t\t\t<li class=\"timeline-inverted\">\n\t\t\t \n\t\t\t<div class=\"tl-circ\"><\/div>\n\t\t\t  <div class=\"timeline-panel\">\n\t\t\t\t<div class=\"tl-heading\">\n\t\t\t\t\t<div class=\"tl-content\">\n\t\t\t\t\t\t<div class=\"timeline_pic pull-left\"><img loading=\"lazy\" decoding=\"async\" width=\"120\" height=\"120\" src=\"https:\/\/conceptsk2.com\/notreileverte-test\/wp-content\/uploads\/2024\/05\/eglise-timeline.png\" class=\"be-image\" alt=\"\" srcset=\"https:\/\/conceptsk2.com\/notreileverte-test\/wp-content\/uploads\/2024\/05\/eglise-timeline.png 120w, https:\/\/conceptsk2.com\/notreileverte-test\/wp-content\/uploads\/2024\/05\/eglise-timeline-90x90.png 90w\" sizes=\"(max-width: 120px) 100vw, 120px\" \/><\/div>\t\t\t\t\t\t<div class=\"be-desc\">\n\t\t\t\t\t\t<h2 class=\"be-title\">1874<\/h2>\t\t\t\t\t\t<div class=\"be-content\">\n\t\t\t\t\t\t\t<p>Le 6 mars 1874 marque la cr\u00e9ation de la paroisse, laquelle est devenue une municipalit\u00e9, Notre-Dame-des-Sept-Douleurs, le 8 novembre 1874.<\/p> \n\t\t\t\t\t\t<\/div>\n\t\t\t\t\t\t<\/div>\n\t\t\t\t\t<\/div>\n\t\t\t\t<\/div>\n\t\t\t  <\/div>\n\t\t\t<\/li>\n\t\t\t\t\t\t<li class=\"timeline-right\">\n\t\t\t \n\t\t\t<div class=\"tl-circ\"><\/div>\n\t\t\t  <div class=\"timeline-panel\">\n\t\t\t\t<div class=\"tl-heading\">\n\t\t\t\t\t<div class=\"tl-content\">\n\t\t\t\t\t\t<div class=\"timeline_pic pull-left\"><img decoding=\"async\" width=\"120\" height=\"120\" src=\"https:\/\/conceptsk2.com\/notreileverte-test\/wp-content\/uploads\/2024\/05\/aerienne-timeline.png\" class=\"be-image\" alt=\"\" srcset=\"https:\/\/conceptsk2.com\/notreileverte-test\/wp-content\/uploads\/2024\/05\/aerienne-timeline.png 120w, https:\/\/conceptsk2.com\/notreileverte-test\/wp-content\/uploads\/2024\/05\/aerienne-timeline-90x90.png 90w\" sizes=\"(max-width: 120px) 100vw, 120px\" \/><\/div>\t\t\t\t\t\t<div class=\"be-desc\">\n\t\t\t\t\t\t<h2 class=\"be-title\">1988<\/h2>\t\t\t\t\t\t<div class=\"be-content\">\n\t\t\t\t\t\t\t<p>Un traversier, <em>NM La Richardi\u00e8re<\/em>, d\u00e9but la navette entre l\u2019ile Verte et la municipalit\u00e9 de L\u2019Isle-Verte situ\u00e9e sur la c\u00f4te sud du fleuve.<\/p> \n\t\t\t\t\t\t<\/div>\n\t\t\t\t\t\t<\/div>\n\t\t\t\t\t<\/div>\n\t\t\t\t<\/div>\n\t\t\t  <\/div>\n\t\t\t<\/li>\n\t\t\t\t\t\t\t<li class=\"timeline-inverted\">\n\t\t\t \n\t\t\t<div class=\"tl-circ\"><\/div>\n\t\t\t  <div class=\"timeline-panel\">\n\t\t\t\t<div class=\"tl-heading\">\n\t\t\t\t\t<div class=\"tl-content\">\n\t\t\t\t\t\t<div class=\"timeline_pic pull-left\"><img loading=\"lazy\" decoding=\"async\" width=\"120\" height=\"120\" src=\"https:\/\/conceptsk2.com\/notreileverte-test\/wp-content\/uploads\/2024\/05\/groupe-timeline.png\" class=\"be-image\" alt=\"\" srcset=\"https:\/\/conceptsk2.com\/notreileverte-test\/wp-content\/uploads\/2024\/05\/groupe-timeline.png 120w, https:\/\/conceptsk2.com\/notreileverte-test\/wp-content\/uploads\/2024\/05\/groupe-timeline-90x90.png 90w\" sizes=\"(max-width: 120px) 100vw, 120px\" \/><\/div>\t\t\t\t\t\t<div class=\"be-desc\">\n\t\t\t\t\t\t<h2 class=\"be-title\">2010<\/h2>\t\t\t\t\t\t<div class=\"be-content\">\n\t\t\t\t\t\t\t<p>Le Regroupement pour la p\u00e9rennit\u00e9 de l\u2019ile Verte est fond\u00e9.<\/p> \n\t\t\t\t\t\t<\/div>\n\t\t\t\t\t\t<\/div>\n\t\t\t\t\t<\/div>\n\t\t\t\t<\/div>\n\t\t\t  <\/div>\n\t\t\t<\/li>\n\t\t\t\t\t\t<li class=\"timeline-right\">\n\t\t\t \n\t\t\t<div class=\"tl-circ\"><\/div>\n\t\t\t  <div class=\"timeline-panel\">\n\t\t\t\t<div class=\"tl-heading\">\n\t\t\t\t\t<div class=\"tl-content\">\n\t\t\t\t\t\t<div class=\"timeline_pic pull-left\"><img decoding=\"async\" width=\"120\" height=\"120\" src=\"https:\/\/conceptsk2.com\/notreileverte-test\/wp-content\/uploads\/2024\/05\/aerienne-timeline.png\" class=\"be-image\" alt=\"\" srcset=\"https:\/\/conceptsk2.com\/notreileverte-test\/wp-content\/uploads\/2024\/05\/aerienne-timeline.png 120w, https:\/\/conceptsk2.com\/notreileverte-test\/wp-content\/uploads\/2024\/05\/aerienne-timeline-90x90.png 90w\" sizes=\"(max-width: 120px) 100vw, 120px\" \/><\/div>\t\t\t\t\t\t<div class=\"be-desc\">\n\t\t\t\t\t\t<h2 class=\"be-title\">2013<\/h2>\t\t\t\t\t\t<div class=\"be-content\">\n\t\t\t\t\t\t\t<p>Un nouveau traversier, <em>NM Peter Fraser, <\/em>fait d\u00e9sormais la navette entre l\u2019ile Verte et la municipalit\u00e9 de L\u2019Isle-Verte.<\/p> \n\t\t\t\t\t\t<\/div>\n\t\t\t\t\t\t<\/div>\n\t\t\t\t\t<\/div>\n\t\t\t\t<\/div>\n\t\t\t  <\/div>\n\t\t\t<\/li>\n\t\t\t\t\t\t\t<li class=\"timeline-inverted\">\n\t\t\t \n\t\t\t<div class=\"tl-circ\"><\/div>\n\t\t\t  <div class=\"timeline-panel\">\n\t\t\t\t<div class=\"tl-heading\">\n\t\t\t\t\t<div class=\"tl-content\">\n\t\t\t\t\t\t<div class=\"timeline_pic pull-left\"><img loading=\"lazy\" decoding=\"async\" width=\"120\" height=\"120\" src=\"https:\/\/conceptsk2.com\/notreileverte-test\/wp-content\/uploads\/2024\/05\/incendie-timeline.png\" class=\"be-image\" alt=\"\" srcset=\"https:\/\/conceptsk2.com\/notreileverte-test\/wp-content\/uploads\/2024\/05\/incendie-timeline.png 120w, https:\/\/conceptsk2.com\/notreileverte-test\/wp-content\/uploads\/2024\/05\/incendie-timeline-90x90.png 90w\" sizes=\"(max-width: 120px) 100vw, 120px\" \/><\/div>\t\t\t\t\t\t<div class=\"be-desc\">\n\t\t\t\t\t\t<h2 class=\"be-title\">2014<\/h2>\t\t\t\t\t\t<div class=\"be-content\">\n\t\t\t\t\t\t\t<p>Un incendie majeur ravage la r\u00e9sidence du Havre, situ\u00e9 dans le village de L\u2019Isle-Verte. Une plaque au cimeti\u00e8re de l\u2019ile Verte comm\u00e9more la m\u00e9moire des r\u00e9sidents de l\u2019ile qui sont d\u00e9c\u00e9d\u00e9s dans l\u2019incendie.<\/p> \n\t\t\t\t\t\t<\/div>\n\t\t\t\t\t\t<\/div>\n\t\t\t\t\t<\/div>\n\t\t\t\t<\/div>\n\t\t\t  <\/div>\n\t\t\t<\/li>\n\t\t\t\t\t\t<li class=\"timeline-right\">\n\t\t\t \n\t\t\t<div class=\"tl-circ\"><\/div>\n\t\t\t  <div class=\"timeline-panel\">\n\t\t\t\t<div class=\"tl-heading\">\n\t\t\t\t\t<div class=\"tl-content\">\n\t\t\t\t\t\t<div class=\"timeline_pic pull-left\"><img loading=\"lazy\" decoding=\"async\" width=\"120\" height=\"120\" src=\"https:\/\/conceptsk2.com\/notreileverte-test\/wp-content\/uploads\/2024\/05\/aerienne-gilles-carles-timeline.png\" class=\"be-image\" alt=\"\" srcset=\"https:\/\/conceptsk2.com\/notreileverte-test\/wp-content\/uploads\/2024\/05\/aerienne-gilles-carles-timeline.png 120w, https:\/\/conceptsk2.com\/notreileverte-test\/wp-content\/uploads\/2024\/05\/aerienne-gilles-carles-timeline-90x90.png 90w\" sizes=\"(max-width: 120px) 100vw, 120px\" \/><\/div>\t\t\t\t\t\t<div class=\"be-desc\">\n\t\t\t\t\t\t<h2 class=\"be-title\"> 2024<\/h2>\t\t\t\t\t\t<div class=\"be-content\">\n\t\t\t\t\t\t\t<p>La municipalit\u00e9 de Notre-Dame-des-Sept-Douleurs c\u00e9l\u00e8bre son 150<sup>e<\/sup> anniversaire.<\/p> \n\t\t\t\t\t\t<\/div>\n\t\t\t\t\t\t<\/div>\n\t\t\t\t\t<\/div>\n\t\t\t\t<\/div>\n\t\t\t  <\/div>\n\t\t\t<\/li>\n\t\t\t \n      <\/ul>\n\n\t\t\t<\/div>\n\t\t\t\t<\/div>\n\t\t\t\t<div class=\"elementor-element elementor-element-c7d4670 sc_fly_static elementor-widget elementor-widget-spacer\" data-id=\"c7d4670\" data-element_type=\"widget\" data-widget_type=\"spacer.default\">\n\t\t\t\t<div class=\"elementor-widget-container\">\n\t\t\t\t\t<div class=\"elementor-spacer\">\n\t\t\t<div class=\"elementor-spacer-inner\"><\/div>\n\t\t<\/div>\n\t\t\t\t<\/div>\n\t\t\t\t<\/div>\n\t\t\t\t\t<\/div>\n\t\t<\/div>\n\t\t\t\t\t<\/div>\n\t\t<\/section>\n\t\t\t\t<section class=\"elementor-section elementor-top-section elementor-element elementor-element-8492601 elementor-section-boxed elementor-section-height-default elementor-section-height-default\" data-id=\"8492601\" data-element_type=\"section\">\n\t\t\t\t\t\t<div class=\"elementor-container elementor-column-gap-extended\">\n\t\t\t\t\t<div class=\"elementor-column elementor-col-100 elementor-top-column elementor-element elementor-element-90472bf sc_layouts_column_icons_position_left\" data-id=\"90472bf\" data-element_type=\"column\">\n\t\t\t<div class=\"elementor-widget-wrap elementor-element-populated\">\n\t\t\t\t\t\t<div class=\"elementor-element elementor-element-c3a5ac1 sc_height_huge sc_fly_static elementor-widget elementor-widget-spacer\" data-id=\"c3a5ac1\" data-element_type=\"widget\" data-widget_type=\"spacer.default\">\n\t\t\t\t<div class=\"elementor-widget-container\">\n\t\t\t\t\t<div class=\"elementor-spacer\">\n\t\t\t<div class=\"elementor-spacer-inner\"><\/div>\n\t\t<\/div>\n\t\t\t\t<\/div>\n\t\t\t\t<\/div>\n\t\t\t\t\t<\/div>\n\t\t<\/div>\n\t\t\t\t\t<\/div>\n\t\t<\/section>\n\t\t\t\t<\/div>\n\t\t","protected":false},"excerpt":{"rendered":"<p>Histoire L\u2019origine du nom de l\u2019ile est inconnue. Une l\u00e9gende existe selon laquelle Jacques Cartier l\u2019aurait baptis\u00e9e ainsi en septembre 1535, en raison de son paysage uniform\u00e9ment vert qui se d\u00e9tachait de la&hellip;<\/p>\n","protected":false},"author":1,"featured_media":7925,"parent":0,"menu_order":0,"comment_status":"closed","ping_status":"closed","template":"","meta":{"footnotes":""},"class_list":["post-569","page","type-page","status-publish","has-post-thumbnail","hentry"],"_links":{"self":[{"href":"https:\/\/conceptsk2.com\/notreileverte-test\/wp-json\/wp\/v2\/pages\/569","targetHints":{"allow":["GET"]}}],"collection":[{"href":"https:\/\/conceptsk2.com\/notreileverte-test\/wp-json\/wp\/v2\/pages"}],"about":[{"href":"https:\/\/conceptsk2.com\/notreileverte-test\/wp-json\/wp\/v2\/types\/page"}],"author":[{"embeddable":true,"href":"https:\/\/conceptsk2.com\/notreileverte-test\/wp-json\/wp\/v2\/users\/1"}],"replies":[{"embeddable":true,"href":"https:\/\/conceptsk2.com\/notreileverte-test\/wp-json\/wp\/v2\/comments?post=569"}],"version-history":[{"count":79,"href":"https:\/\/conceptsk2.com\/notreileverte-test\/wp-json\/wp\/v2\/pages\/569\/revisions"}],"predecessor-version":[{"id":8659,"href":"https:\/\/conceptsk2.com\/notreileverte-test\/wp-json\/wp\/v2\/pages\/569\/revisions\/8659"}],"wp:featuredmedia":[{"embeddable":true,"href":"https:\/\/conceptsk2.com\/notreileverte-test\/wp-json\/wp\/v2\/media\/7925"}],"wp:attachment":[{"href":"https:\/\/conceptsk2.com\/notreileverte-test\/wp-json\/wp\/v2\/media?parent=569"}],"curies":[{"name":"wp","href":"https:\/\/api.w.org\/{rel}","templated":true}]}}