{"id":6867,"date":"2024-04-11T10:02:10","date_gmt":"2024-04-11T14:02:10","guid":{"rendered":"https:\/\/conceptsk2.com\/notreileverte-test\/?page_id=6867"},"modified":"2024-06-14T11:04:45","modified_gmt":"2024-06-14T15:04:45","slug":"geographie","status":"publish","type":"page","link":"https:\/\/conceptsk2.com\/notreileverte-test\/geographie\/","title":{"rendered":"G\u00e9ographie"},"content":{"rendered":"\t\t<div data-elementor-type=\"wp-post\" data-elementor-id=\"6867\" class=\"elementor elementor-6867\" data-elementor-post-type=\"page\">\n\t\t\t\t\t\t<section class=\"elementor-section elementor-top-section elementor-element elementor-element-d570b7e elementor-section-boxed elementor-section-height-default elementor-section-height-default\" data-id=\"d570b7e\" data-element_type=\"section\">\n\t\t\t\t\t\t<div class=\"elementor-container elementor-column-gap-no\">\n\t\t\t\t\t<div class=\"elementor-column elementor-col-100 elementor-top-column elementor-element elementor-element-282fad6 sc_layouts_column_icons_position_left\" data-id=\"282fad6\" data-element_type=\"column\">\n\t\t\t<div class=\"elementor-widget-wrap elementor-element-populated\">\n\t\t\t\t\t\t<div class=\"elementor-element elementor-element-bcd2b88 sc_fly_static elementor-widget elementor-widget-spacer\" data-id=\"bcd2b88\" data-element_type=\"widget\" data-widget_type=\"spacer.default\">\n\t\t\t\t<div class=\"elementor-widget-container\">\n\t\t\t\t\t<div class=\"elementor-spacer\">\n\t\t\t<div class=\"elementor-spacer-inner\"><\/div>\n\t\t<\/div>\n\t\t\t\t<\/div>\n\t\t\t\t<\/div>\n\t\t\t\t\t<\/div>\n\t\t<\/div>\n\t\t\t\t\t<\/div>\n\t\t<\/section>\n\t\t\t\t<section class=\"elementor-section elementor-top-section elementor-element elementor-element-638974a elementor-section-content-top elementor-section-boxed elementor-section-height-default elementor-section-height-default\" data-id=\"638974a\" data-element_type=\"section\" data-settings=\"{&quot;background_background&quot;:&quot;classic&quot;}\">\n\t\t\t\t\t\t<div class=\"elementor-container elementor-column-gap-extended\">\n\t\t\t\t\t<div class=\"elementor-column elementor-col-50 elementor-top-column elementor-element elementor-element-444de90 sc_layouts_column_icons_position_left elementor-invisible\" data-id=\"444de90\" data-element_type=\"column\" data-settings=\"{&quot;animation&quot;:&quot;fadeInLeft&quot;}\">\n\t\t\t<div class=\"elementor-widget-wrap elementor-element-populated\">\n\t\t\t\t\t\t<div class=\"elementor-element elementor-element-15eec26 sc_fly_static elementor-widget elementor-widget-trx_sc_promo\" data-id=\"15eec26\" data-element_type=\"widget\" data-widget_type=\"trx_sc_promo.default\">\n\t\t\t\t<div class=\"elementor-widget-container\">\n\t\t\t<div  id=\"trx_sc_promo_655404140\" \n\tclass=\"sc_promo sc_promo_preview sc_promo_size_normal sc_promo_image_position_left\"><div class=\"sc_promo_image\" style=\"background-image:url(\/\/conceptsk2.com\/notreileverte-test\/wp-content\/uploads\/2024\/04\/village-ile-tele.8.webp);width:100%;left: 0;height:405px;\"><\/div><!-- \/.sc_promo_image --><div class=\"sc_promo_text\" style=\"float: right; \">\n\t\t\t<div class=\"sc_promo_text_inner trx_addons_inline_1102346104\">\n                                \t\t\t\t<\/div>\n\t\t<\/div><!-- \/.sc_promo_text --><\/div><!-- \/.sc_promo -->\t\t<\/div>\n\t\t\t\t<\/div>\n\t\t\t\t\t<\/div>\n\t\t<\/div>\n\t\t\t\t<div class=\"elementor-column elementor-col-50 elementor-top-column elementor-element elementor-element-292aa4f sc_layouts_column_icons_position_left elementor-invisible\" data-id=\"292aa4f\" data-element_type=\"column\" data-settings=\"{&quot;animation&quot;:&quot;fadeInRight&quot;}\">\n\t\t\t<div class=\"elementor-widget-wrap elementor-element-populated\">\n\t\t\t\t\t\t<div class=\"elementor-element elementor-element-1610f85 sc_fly_static elementor-widget elementor-widget-spacer\" data-id=\"1610f85\" data-element_type=\"widget\" data-widget_type=\"spacer.default\">\n\t\t\t\t<div class=\"elementor-widget-container\">\n\t\t\t\t\t<div class=\"elementor-spacer\">\n\t\t\t<div class=\"elementor-spacer-inner\"><\/div>\n\t\t<\/div>\n\t\t\t\t<\/div>\n\t\t\t\t<\/div>\n\t\t\t\t<div class=\"elementor-element elementor-element-565db4d sc_fly_static elementor-widget elementor-widget-trx_sc_title\" data-id=\"565db4d\" data-element_type=\"widget\" data-widget_type=\"trx_sc_title.default\">\n\t\t\t\t<div class=\"elementor-widget-container\">\n\t\t\t<div id=\"trx_sc_title_1390322189\"\r\n\t\tclass=\"sc_title sc_title_default\"><span class=\"sc_item_subtitle sc_title_subtitle sc_item_subtitle_above sc_item_title_style_default\">G\u00e9ographie<\/span><h5 class=\"sc_item_title sc_title_title sc_item_title_style_default sc_item_title_tag\"><span class=\"sc_item_title_text\">L'ile Verte est situ\u00e9e dans la r\u00e9gion du Bas-Saint-Laurent.<\/span><\/h5><div class=\"sc_item_descr sc_title_descr\"><p> Elle se trouve \u00e0 22 kilom\u00e8tres de Tadoussac, 40 kilom\u00e8tres de Rimouski et 236 km de Qu\u00e9bec.<\/p>\n<\/div><\/div><!-- \/.sc_title -->\t\t<\/div>\n\t\t\t\t<\/div>\n\t\t\t\t\t<\/div>\n\t\t<\/div>\n\t\t\t\t\t<\/div>\n\t\t<\/section>\n\t\t\t\t<section class=\"elementor-section elementor-top-section elementor-element elementor-element-0720a43 elementor-section-boxed elementor-section-height-default elementor-section-height-default\" data-id=\"0720a43\" data-element_type=\"section\">\n\t\t\t\t\t\t<div class=\"elementor-container elementor-column-gap-extended\">\n\t\t\t\t\t<div class=\"elementor-column elementor-col-100 elementor-top-column elementor-element elementor-element-30bbdd8 sc_layouts_column_icons_position_left\" data-id=\"30bbdd8\" data-element_type=\"column\">\n\t\t\t<div class=\"elementor-widget-wrap elementor-element-populated\">\n\t\t\t\t\t\t<div class=\"elementor-element elementor-element-f0f1a14 sc_fly_static elementor-widget elementor-widget-spacer\" data-id=\"f0f1a14\" data-element_type=\"widget\" data-widget_type=\"spacer.default\">\n\t\t\t\t<div class=\"elementor-widget-container\">\n\t\t\t\t\t<div class=\"elementor-spacer\">\n\t\t\t<div class=\"elementor-spacer-inner\"><\/div>\n\t\t<\/div>\n\t\t\t\t<\/div>\n\t\t\t\t<\/div>\n\t\t\t\t<div class=\"elementor-element elementor-element-c8d6d97 sc_fly_static elementor-widget elementor-widget-testimonial\" data-id=\"c8d6d97\" data-element_type=\"widget\" data-widget_type=\"testimonial.default\">\n\t\t\t\t<div class=\"elementor-widget-container\">\n\t\t\t\t\t<div class=\"elementor-testimonial-wrapper\">\n\t\t\t\t\t\t\t<div class=\"elementor-testimonial-content\">\u00abAvec ses quatorze kilom\u00e8tres de longueur et ses deux kilom\u00e8tres et demi \u00e0 son plus large, l'\u00eele Verte offre une diversit\u00e9 de conditions physiques et une vari\u00e9t\u00e9 \u00e9tonnante de rivages. Celui du nord [...] est expos\u00e9 \u00e0 des conditions climatiques maritimes rigoureuses. La profondeur de l'eau descend rapidement \u00e0 plusieurs dizaines de m\u00e8tres, l'agitation des flots expose la rive \u00e0 une \u00e9rosion constante, parfois violente. Des plages de sable se sont tout de m\u00eame accroch\u00e9es au flac nord-est.\n\nLe rivage sud contraste. L'exposition au soleil et la protection de la cr\u00eate contre les vents froids, combin\u00e9es \u00e0 un relief plus doux, ont facilit\u00e9 l'installation des premiers \u00e9tablissements agricoles permanent \u00e0 la fin du XVIIIe si\u00e8cle.\u00bb<\/div>\n\t\t\t\n\t\t\t\t\t\t<div class=\"elementor-testimonial-meta\">\n\t\t\t\t<div class=\"elementor-testimonial-meta-inner\">\n\t\t\t\t\t\n\t\t\t\t\t\t\t\t\t\t<div class=\"elementor-testimonial-details\">\n\t\t\t\t\t\t\t\t\t\t\t\t\t\t<div class=\"elementor-testimonial-name\">Extrait de l'ouvrage <i>L'\u00eele Verte, le fleuve, une \u00eele et son phare<\/i><\/div>\n\t\t\t\t\t\t\t\t\t\t\t\t\t\t\t\t\t\t\t\t\t\t<div class=\"elementor-testimonial-job\">publi\u00e9 en 2009 par Les Editions GID, page 66<\/div>\n\t\t\t\t\t\t\t\t\t\t\t\t\t<\/div>\n\t\t\t\t\t\t\t\t\t<\/div>\n\t\t\t<\/div>\n\t\t\t\t\t<\/div>\n\t\t\t\t<\/div>\n\t\t\t\t<\/div>\n\t\t\t\t<div class=\"elementor-element elementor-element-8314758 sc_fly_static elementor-widget elementor-widget-spacer\" data-id=\"8314758\" data-element_type=\"widget\" data-widget_type=\"spacer.default\">\n\t\t\t\t<div class=\"elementor-widget-container\">\n\t\t\t\t\t<div class=\"elementor-spacer\">\n\t\t\t<div class=\"elementor-spacer-inner\"><\/div>\n\t\t<\/div>\n\t\t\t\t<\/div>\n\t\t\t\t<\/div>\n\t\t\t\t\t<\/div>\n\t\t<\/div>\n\t\t\t\t\t<\/div>\n\t\t<\/section>\n\t\t\t\t<section class=\"elementor-section elementor-top-section elementor-element elementor-element-da41a21 elementor-section-boxed elementor-section-height-default elementor-section-height-default\" data-id=\"da41a21\" data-element_type=\"section\">\n\t\t\t\t\t\t<div class=\"elementor-container elementor-column-gap-extended\">\n\t\t\t\t\t<div class=\"elementor-column elementor-col-100 elementor-top-column elementor-element elementor-element-94ba7c0 sc_layouts_column_icons_position_left\" data-id=\"94ba7c0\" data-element_type=\"column\">\n\t\t\t<div class=\"elementor-widget-wrap elementor-element-populated\">\n\t\t\t\t\t\t<div class=\"elementor-element elementor-element-d522fa7 elementor-arrows-position-inside elementor-pagination-position-outside sc_fly_static elementor-widget elementor-widget-image-carousel\" data-id=\"d522fa7\" data-element_type=\"widget\" data-settings=\"{&quot;slides_to_show&quot;:&quot;2&quot;,&quot;navigation&quot;:&quot;both&quot;,&quot;autoplay&quot;:&quot;yes&quot;,&quot;pause_on_hover&quot;:&quot;yes&quot;,&quot;pause_on_interaction&quot;:&quot;yes&quot;,&quot;autoplay_speed&quot;:5000,&quot;infinite&quot;:&quot;yes&quot;,&quot;speed&quot;:500}\" data-widget_type=\"image-carousel.default\">\n\t\t\t\t<div class=\"elementor-widget-container\">\n\t\t\t\t\t<div class=\"elementor-image-carousel-wrapper swiper\" dir=\"ltr\">\n\t\t\t<div class=\"elementor-image-carousel swiper-wrapper\" aria-live=\"off\">\n\t\t\t\t\t\t\t\t<div class=\"swiper-slide\" role=\"group\" aria-roledescription=\"slide\" aria-label=\"1 of 6\"><figure class=\"swiper-slide-inner\"><img decoding=\"async\" class=\"swiper-slide-image\" src=\"https:\/\/conceptsk2.com\/notreileverte-test\/wp-content\/uploads\/2024\/05\/2021-09-10-dji-upscale-1230x767.jpg\" alt=\"2021-09-10-dji-upscale\" \/><\/figure><\/div><div class=\"swiper-slide\" role=\"group\" aria-roledescription=\"slide\" aria-label=\"2 of 6\"><figure class=\"swiper-slide-inner\"><img decoding=\"async\" class=\"swiper-slide-image\" src=\"https:\/\/conceptsk2.com\/notreileverte-test\/wp-content\/uploads\/2024\/04\/DJI_0127-phare-e1713377246601-1230x767.webp\" alt=\"DJI_0127 phare\" \/><\/figure><\/div><div class=\"swiper-slide\" role=\"group\" aria-roledescription=\"slide\" aria-label=\"3 of 6\"><figure class=\"swiper-slide-inner\"><img decoding=\"async\" class=\"swiper-slide-image\" src=\"https:\/\/conceptsk2.com\/notreileverte-test\/wp-content\/uploads\/2024\/04\/ile-Verte-202220220923_0011-1230x767.webp\" alt=\"ile Verte 202220220923_0011\" \/><\/figure><\/div><div class=\"swiper-slide\" role=\"group\" aria-roledescription=\"slide\" aria-label=\"4 of 6\"><figure class=\"swiper-slide-inner\"><img decoding=\"async\" class=\"swiper-slide-image\" src=\"https:\/\/conceptsk2.com\/notreileverte-test\/wp-content\/uploads\/2024\/04\/village-ile-tele.8-1230x767.webp\" alt=\"village ile-t\u00e9l\u00e9.8\" \/><\/figure><\/div><div class=\"swiper-slide\" role=\"group\" aria-roledescription=\"slide\" aria-label=\"5 of 6\"><figure class=\"swiper-slide-inner\"><img decoding=\"async\" class=\"swiper-slide-image\" src=\"https:\/\/conceptsk2.com\/notreileverte-test\/wp-content\/uploads\/2024\/04\/IMG_0258-1230x767.webp\" alt=\"IMG_0258\" \/><\/figure><\/div><div class=\"swiper-slide\" role=\"group\" aria-roledescription=\"slide\" aria-label=\"6 of 6\"><figure class=\"swiper-slide-inner\"><img decoding=\"async\" class=\"swiper-slide-image\" src=\"https:\/\/conceptsk2.com\/notreileverte-test\/wp-content\/uploads\/2024\/04\/helico2011-10-1230x767.webp\" alt=\"h\u00e9lico2011-10\" \/><\/figure><\/div>\t\t\t<\/div>\n\t\t\t\t\t\t\t\t\t\t\t\t<div class=\"elementor-swiper-button elementor-swiper-button-prev\" role=\"button\" tabindex=\"0\">\n\t\t\t\t\t\t<i aria-hidden=\"true\" class=\"eicon-chevron-left\"><\/i>\t\t\t\t\t<\/div>\n\t\t\t\t\t<div class=\"elementor-swiper-button elementor-swiper-button-next\" role=\"button\" tabindex=\"0\">\n\t\t\t\t\t\t<i aria-hidden=\"true\" class=\"eicon-chevron-right\"><\/i>\t\t\t\t\t<\/div>\n\t\t\t\t\n\t\t\t\t\t\t\t\t\t<div class=\"swiper-pagination\"><\/div>\n\t\t\t\t\t\t\t\t\t<\/div>\n\t\t\t\t<\/div>\n\t\t\t\t<\/div>\n\t\t\t\t\t<\/div>\n\t\t<\/div>\n\t\t\t\t\t<\/div>\n\t\t<\/section>\n\t\t\t\t<section class=\"elementor-section elementor-top-section elementor-element elementor-element-74d16a0 elementor-section-boxed elementor-section-height-default elementor-section-height-default\" data-id=\"74d16a0\" data-element_type=\"section\">\n\t\t\t\t\t\t<div class=\"elementor-container elementor-column-gap-no\">\n\t\t\t\t\t<div class=\"elementor-column elementor-col-100 elementor-top-column elementor-element elementor-element-7896ae7 sc_layouts_column_icons_position_left\" data-id=\"7896ae7\" data-element_type=\"column\">\n\t\t\t<div class=\"elementor-widget-wrap elementor-element-populated\">\n\t\t\t\t\t\t<div class=\"elementor-element elementor-element-b717597 sc_fly_static elementor-widget elementor-widget-spacer\" data-id=\"b717597\" data-element_type=\"widget\" data-widget_type=\"spacer.default\">\n\t\t\t\t<div class=\"elementor-widget-container\">\n\t\t\t\t\t<div class=\"elementor-spacer\">\n\t\t\t<div class=\"elementor-spacer-inner\"><\/div>\n\t\t<\/div>\n\t\t\t\t<\/div>\n\t\t\t\t<\/div>\n\t\t\t\t\t<\/div>\n\t\t<\/div>\n\t\t\t\t\t<\/div>\n\t\t<\/section>\n\t\t\t\t<section class=\"elementor-section elementor-top-section elementor-element elementor-element-4ed31c9 elementor-section-stretched elementor-section-boxed elementor-section-height-default elementor-section-height-default\" data-id=\"4ed31c9\" data-element_type=\"section\" data-settings=\"{&quot;background_background&quot;:&quot;classic&quot;,&quot;stretch_section&quot;:&quot;section-stretched&quot;}\">\n\t\t\t\t\t\t\t<div class=\"elementor-background-overlay\"><\/div>\n\t\t\t\t\t\t\t<div class=\"elementor-container elementor-column-gap-extended\">\n\t\t\t\t\t<div class=\"elementor-column elementor-col-100 elementor-top-column elementor-element elementor-element-86bf865 sc_layouts_column_icons_position_left\" data-id=\"86bf865\" data-element_type=\"column\">\n\t\t\t<div class=\"elementor-widget-wrap elementor-element-populated\">\n\t\t\t\t\t\t<div class=\"elementor-element elementor-element-3afc383 sc_fly_static elementor-widget elementor-widget-spacer\" data-id=\"3afc383\" data-element_type=\"widget\" data-widget_type=\"spacer.default\">\n\t\t\t\t<div class=\"elementor-widget-container\">\n\t\t\t\t\t<div class=\"elementor-spacer\">\n\t\t\t<div class=\"elementor-spacer-inner\"><\/div>\n\t\t<\/div>\n\t\t\t\t<\/div>\n\t\t\t\t<\/div>\n\t\t\t\t<div class=\"elementor-element elementor-element-fe34213 scheme_dark sc_fly_static elementor-widget elementor-widget-trx_sc_title\" data-id=\"fe34213\" data-element_type=\"widget\" data-widget_type=\"trx_sc_title.default\">\n\t\t\t\t<div class=\"elementor-widget-container\">\n\t\t\t<div id=\"trx_sc_title_2113931154\"\r\n\t\tclass=\"sc_title scheme_dark sc_title_accent\"><h2 class=\"sc_item_title sc_title_title sc_item_title_style_accent sc_item_title_tag\"><span class=\"sc_item_title_text\">D\u00e9couvrez l'ile Verte<\/span><\/h2><\/div><!-- \/.sc_title -->\t\t<\/div>\n\t\t\t\t<\/div>\n\t\t\t\t<div class=\"elementor-element elementor-element-76bee7f sc_fly_static elementor-widget elementor-widget-spacer\" data-id=\"76bee7f\" data-element_type=\"widget\" data-widget_type=\"spacer.default\">\n\t\t\t\t<div class=\"elementor-widget-container\">\n\t\t\t\t\t<div class=\"elementor-spacer\">\n\t\t\t<div class=\"elementor-spacer-inner\"><\/div>\n\t\t<\/div>\n\t\t\t\t<\/div>\n\t\t\t\t<\/div>\n\t\t\t\t<div class=\"elementor-element elementor-element-f72f3be scheme_default sc_fly_static elementor-invisible elementor-widget elementor-widget-trx_sc_icons\" data-id=\"f72f3be\" data-element_type=\"widget\" data-settings=\"{&quot;_animation&quot;:&quot;fadeInUp&quot;}\" data-widget_type=\"trx_sc_icons.default\">\n\t\t\t\t<div class=\"elementor-widget-container\">\n\t\t\t<div id=\"trx_sc_icons_675157221\" \n\tclass=\"sc_icons sc_icons_iconed sc_icons_size_small sc_align_left\"><div class=\"sc_icons_columns_wrap sc_item_columns trx_addons_columns_wrap columns_padding_bottom\"><div class=\"trx_addons_column-1_3\"><div class=\"sc_icons_item\"  style=\"background: #ffffff\"><div class=\"sc_icons_icon sc_icon_type_ icon-world-map\" style=\"color: #4BA750\"><span class=\"sc_icon_type_ icon-world-map\" style=\"color: #4BA750\"><\/span><\/div><div class=\"sc_icons_item_details\"><h6 class=\"sc_icons_item_title\"><span>Localisation g\u00e9ographique de l&#039;ile Verte<\/span><\/h6><div class=\"sc_icons_item_description\"><span>L'ile Verte est situ\u00e9e dans l'Estuaire du Saint-Laurent, \u00e0 une distance d'environ 22 km au sud du village de Tadoussac et du Parc marin du Saguenay - Saint-Laurent.<\/span><\/div><\/div><\/div><\/div><div class=\"trx_addons_column-1_3\"><div class=\"sc_icons_item\"  style=\"background: #ffffff\"><div class=\"sc_icons_icon sc_icon_type_ icon-012-ecology-5\" style=\"color: #4BA750\"><span class=\"sc_icon_type_ icon-012-ecology-5\" style=\"color: #4BA750\"><\/span><\/div><div class=\"sc_icons_item_details\"><h6 class=\"sc_icons_item_title\"><span>La municipalit\u00e9 et son nom<\/span><\/h6><div class=\"sc_icons_item_description\"><span>La municipalit\u00e9 qui couvre l'ensemble du territoire de l'ile se nomme <a href=\"http:\/\/www.ileverte-municipalite.com\/\" target=\"_blank\">Notre-Dame-des-Sept-Douleurs.<\/a><\/span><span><\/span><\/div><\/div><\/div><\/div><div class=\"trx_addons_column-1_3\"><div class=\"sc_icons_item\"  style=\"background: #ffffff\"><div class=\"sc_icons_icon sc_icon_type_ icon-location\" style=\"color: #4BA750\"><span class=\"sc_icon_type_ icon-location\" style=\"color: #4BA750\"><\/span><\/div><div class=\"sc_icons_item_details\"><h6 class=\"sc_icons_item_title\"><span>Voisines de l&#039;ile Verte et distances<\/span><\/h6><div class=\"sc_icons_item_description\"><span>L'ile fait partie de la r\u00e9gion du Bas-Saint-Laurent et se trouve \u00e0 une trentaine de kilom\u00e8tres \u00e0 l'est de Rivi\u00e8re-du-Loup. L'ile voisine \u00e0 l'ouest est L'ile aux Li\u00e8vres. Du c\u00f4t\u00e9 est se trouvent l'ile aux Pommes, l'ile aux Basques et les iles du Bic. L'ile Verte est \u00e0 466 km de Montr\u00e9al et \u00e0 236 km de Qu\u00e9bec.<\/span><\/div><\/div><\/div><\/div><\/div><\/div><!-- \/.sc_icons -->\t\t<\/div>\n\t\t\t\t<\/div>\n\t\t\t\t<div class=\"elementor-element elementor-element-3ca786d sc_fly_static elementor-widget elementor-widget-spacer\" data-id=\"3ca786d\" data-element_type=\"widget\" data-widget_type=\"spacer.default\">\n\t\t\t\t<div class=\"elementor-widget-container\">\n\t\t\t\t\t<div class=\"elementor-spacer\">\n\t\t\t<div class=\"elementor-spacer-inner\"><\/div>\n\t\t<\/div>\n\t\t\t\t<\/div>\n\t\t\t\t<\/div>\n\t\t\t\t\t<\/div>\n\t\t<\/div>\n\t\t\t\t\t<\/div>\n\t\t<\/section>\n\t\t\t\t<section class=\"elementor-section elementor-top-section elementor-element elementor-element-9822181 sc_layouts_hide_on_mobile elementor-section-boxed elementor-section-height-default elementor-section-height-default\" data-id=\"9822181\" data-element_type=\"section\">\n\t\t\t\t\t\t<div class=\"elementor-container elementor-column-gap-no\">\n\t\t\t\t\t<div class=\"elementor-column elementor-col-100 elementor-top-column elementor-element elementor-element-45da3c8 sc_layouts_column_icons_position_left\" data-id=\"45da3c8\" data-element_type=\"column\">\n\t\t\t<div class=\"elementor-widget-wrap elementor-element-populated\">\n\t\t\t\t\t\t<div class=\"elementor-element elementor-element-00f8f7b sc_fly_static elementor-widget elementor-widget-spacer\" data-id=\"00f8f7b\" data-element_type=\"widget\" data-widget_type=\"spacer.default\">\n\t\t\t\t<div class=\"elementor-widget-container\">\n\t\t\t\t\t<div class=\"elementor-spacer\">\n\t\t\t<div class=\"elementor-spacer-inner\"><\/div>\n\t\t<\/div>\n\t\t\t\t<\/div>\n\t\t\t\t<\/div>\n\t\t\t\t\t<\/div>\n\t\t<\/div>\n\t\t\t\t\t<\/div>\n\t\t<\/section>\n\t\t\t\t<\/div>\n\t\t","protected":false},"excerpt":{"rendered":"<p>G\u00e9ographie L&rsquo;ile Verte est situ\u00e9e dans la r\u00e9gion du Bas-Saint-Laurent. Elle se trouve \u00e0 22 kilom\u00e8tres de Tadoussac, 40 kilom\u00e8tres de Rimouski et 236 km de Qu\u00e9bec. \u00abAvec ses quatorze kilom\u00e8tres de longueur&hellip;<\/p>\n","protected":false},"author":2,"featured_media":7977,"parent":0,"menu_order":0,"comment_status":"closed","ping_status":"closed","template":"","meta":{"footnotes":""},"class_list":["post-6867","page","type-page","status-publish","has-post-thumbnail","hentry"],"_links":{"self":[{"href":"https:\/\/conceptsk2.com\/notreileverte-test\/wp-json\/wp\/v2\/pages\/6867","targetHints":{"allow":["GET"]}}],"collection":[{"href":"https:\/\/conceptsk2.com\/notreileverte-test\/wp-json\/wp\/v2\/pages"}],"about":[{"href":"https:\/\/conceptsk2.com\/notreileverte-test\/wp-json\/wp\/v2\/types\/page"}],"author":[{"embeddable":true,"href":"https:\/\/conceptsk2.com\/notreileverte-test\/wp-json\/wp\/v2\/users\/2"}],"replies":[{"embeddable":true,"href":"https:\/\/conceptsk2.com\/notreileverte-test\/wp-json\/wp\/v2\/comments?post=6867"}],"version-history":[{"count":46,"href":"https:\/\/conceptsk2.com\/notreileverte-test\/wp-json\/wp\/v2\/pages\/6867\/revisions"}],"predecessor-version":[{"id":8569,"href":"https:\/\/conceptsk2.com\/notreileverte-test\/wp-json\/wp\/v2\/pages\/6867\/revisions\/8569"}],"wp:featuredmedia":[{"embeddable":true,"href":"https:\/\/conceptsk2.com\/notreileverte-test\/wp-json\/wp\/v2\/media\/7977"}],"wp:attachment":[{"href":"https:\/\/conceptsk2.com\/notreileverte-test\/wp-json\/wp\/v2\/media?parent=6867"}],"curies":[{"name":"wp","href":"https:\/\/api.w.org\/{rel}","templated":true}]}}