{"id":7003,"date":"2024-04-11T13:19:54","date_gmt":"2024-04-11T17:19:54","guid":{"rendered":"https:\/\/conceptsk2.com\/notreileverte-test\/?page_id=7003"},"modified":"2024-06-14T15:36:22","modified_gmt":"2024-06-14T19:36:22","slug":"population","status":"publish","type":"page","link":"https:\/\/conceptsk2.com\/notreileverte-test\/population\/","title":{"rendered":"Population"},"content":{"rendered":"\t\t<div data-elementor-type=\"wp-post\" data-elementor-id=\"7003\" class=\"elementor elementor-7003\" data-elementor-post-type=\"page\">\n\t\t\t\t\t\t<section class=\"elementor-section elementor-top-section elementor-element elementor-element-d570b7e elementor-section-boxed elementor-section-height-default elementor-section-height-default\" data-id=\"d570b7e\" data-element_type=\"section\">\n\t\t\t\t\t\t<div class=\"elementor-container elementor-column-gap-no\">\n\t\t\t\t\t<div class=\"elementor-column elementor-col-100 elementor-top-column elementor-element elementor-element-282fad6 sc_layouts_column_icons_position_left\" data-id=\"282fad6\" data-element_type=\"column\">\n\t\t\t<div class=\"elementor-widget-wrap elementor-element-populated\">\n\t\t\t\t\t\t<div class=\"elementor-element elementor-element-bcd2b88 sc_fly_static elementor-widget elementor-widget-spacer\" data-id=\"bcd2b88\" data-element_type=\"widget\" data-widget_type=\"spacer.default\">\n\t\t\t\t<div class=\"elementor-widget-container\">\n\t\t\t\t\t<div class=\"elementor-spacer\">\n\t\t\t<div class=\"elementor-spacer-inner\"><\/div>\n\t\t<\/div>\n\t\t\t\t<\/div>\n\t\t\t\t<\/div>\n\t\t\t\t\t<\/div>\n\t\t<\/div>\n\t\t\t\t\t<\/div>\n\t\t<\/section>\n\t\t\t\t<section class=\"elementor-section elementor-top-section elementor-element elementor-element-638974a elementor-section-content-top elementor-section-boxed elementor-section-height-default elementor-section-height-default\" data-id=\"638974a\" data-element_type=\"section\" data-settings=\"{&quot;background_background&quot;:&quot;classic&quot;}\">\n\t\t\t\t\t\t<div class=\"elementor-container elementor-column-gap-extended\">\n\t\t\t\t\t<div class=\"elementor-column elementor-col-50 elementor-top-column elementor-element elementor-element-444de90 sc_layouts_column_icons_position_left elementor-invisible\" data-id=\"444de90\" data-element_type=\"column\" data-settings=\"{&quot;animation&quot;:&quot;fadeInLeft&quot;}\">\n\t\t\t<div class=\"elementor-widget-wrap elementor-element-populated\">\n\t\t\t\t\t\t<div class=\"elementor-element elementor-element-15eec26 sc_fly_static elementor-widget elementor-widget-trx_sc_promo\" data-id=\"15eec26\" data-element_type=\"widget\" data-widget_type=\"trx_sc_promo.default\">\n\t\t\t\t<div class=\"elementor-widget-container\">\n\t\t\t<div  id=\"trx_sc_promo_1198688966\" \n\tclass=\"sc_promo sc_promo_preview sc_promo_size_normal sc_promo_image_position_left\"><div class=\"sc_promo_image\" style=\"background-image:url(\/\/conceptsk2.com\/notreileverte-test\/wp-content\/uploads\/2024\/05\/population-habitants.jpg);width:100%;left: 0;height:405px;\"><\/div><!-- \/.sc_promo_image --><div class=\"sc_promo_text\" style=\"float: right; \">\n\t\t\t<div class=\"sc_promo_text_inner trx_addons_inline_390373801\">\n                                \t\t\t\t<\/div>\n\t\t<\/div><!-- \/.sc_promo_text --><\/div><!-- \/.sc_promo -->\t\t<\/div>\n\t\t\t\t<\/div>\n\t\t\t\t\t<\/div>\n\t\t<\/div>\n\t\t\t\t<div class=\"elementor-column elementor-col-50 elementor-top-column elementor-element elementor-element-292aa4f sc_layouts_column_icons_position_left elementor-invisible\" data-id=\"292aa4f\" data-element_type=\"column\" data-settings=\"{&quot;animation&quot;:&quot;fadeInRight&quot;}\">\n\t\t\t<div class=\"elementor-widget-wrap elementor-element-populated\">\n\t\t\t\t\t\t<div class=\"elementor-element elementor-element-1610f85 sc_fly_static elementor-widget elementor-widget-spacer\" data-id=\"1610f85\" data-element_type=\"widget\" data-widget_type=\"spacer.default\">\n\t\t\t\t<div class=\"elementor-widget-container\">\n\t\t\t\t\t<div class=\"elementor-spacer\">\n\t\t\t<div class=\"elementor-spacer-inner\"><\/div>\n\t\t<\/div>\n\t\t\t\t<\/div>\n\t\t\t\t<\/div>\n\t\t\t\t<div class=\"elementor-element elementor-element-565db4d sc_fly_static elementor-widget elementor-widget-trx_sc_title\" data-id=\"565db4d\" data-element_type=\"widget\" data-widget_type=\"trx_sc_title.default\">\n\t\t\t\t<div class=\"elementor-widget-container\">\n\t\t\t<div id=\"trx_sc_title_2094790475\"\r\n\t\tclass=\"sc_title sc_title_default\"><span class=\"sc_item_subtitle sc_title_subtitle sc_item_subtitle_above sc_item_title_style_default\">Population<\/span><h5 class=\"sc_item_title sc_title_title sc_item_title_style_default sc_item_title_tag\"><span class=\"sc_item_title_text\">L'ile a d\u00e9j\u00e0 accueilli des membres de divers peuples autochtones qui faisaient l'exploitation de ses ressources marines.<\/span><\/h5><div class=\"sc_item_descr sc_title_descr\"><p>Malgr\u00e9 les d\u00e9fis de transport, l'ile est aujourd'hui habit\u00e9e toute l'ann\u00e9e par des r\u00e9sidents et compte plusieurs touristes \u00e0 la saison estivale.<\/p>\n<\/div><\/div><!-- \/.sc_title -->\t\t<\/div>\n\t\t\t\t<\/div>\n\t\t\t\t\t<\/div>\n\t\t<\/div>\n\t\t\t\t\t<\/div>\n\t\t<\/section>\n\t\t\t\t<section class=\"elementor-section elementor-top-section elementor-element elementor-element-0720a43 elementor-section-boxed elementor-section-height-default elementor-section-height-default\" data-id=\"0720a43\" data-element_type=\"section\">\n\t\t\t\t\t\t<div class=\"elementor-container elementor-column-gap-extended\">\n\t\t\t\t\t<div class=\"elementor-column elementor-col-100 elementor-top-column elementor-element elementor-element-30bbdd8 sc_layouts_column_icons_position_left\" data-id=\"30bbdd8\" data-element_type=\"column\">\n\t\t\t<div class=\"elementor-widget-wrap elementor-element-populated\">\n\t\t\t\t\t\t<div class=\"elementor-element elementor-element-f0f1a14 sc_fly_static elementor-widget elementor-widget-spacer\" data-id=\"f0f1a14\" data-element_type=\"widget\" data-widget_type=\"spacer.default\">\n\t\t\t\t<div class=\"elementor-widget-container\">\n\t\t\t\t\t<div class=\"elementor-spacer\">\n\t\t\t<div class=\"elementor-spacer-inner\"><\/div>\n\t\t<\/div>\n\t\t\t\t<\/div>\n\t\t\t\t<\/div>\n\t\t\t\t\t<\/div>\n\t\t<\/div>\n\t\t\t\t\t<\/div>\n\t\t<\/section>\n\t\t\t\t<section class=\"elementor-section elementor-top-section elementor-element elementor-element-da41a21 elementor-section-boxed elementor-section-height-default elementor-section-height-default\" data-id=\"da41a21\" data-element_type=\"section\">\n\t\t\t\t\t\t<div class=\"elementor-container elementor-column-gap-extended\">\n\t\t\t\t\t<div class=\"elementor-column elementor-col-100 elementor-top-column elementor-element elementor-element-94ba7c0 sc_layouts_column_icons_position_left\" data-id=\"94ba7c0\" data-element_type=\"column\">\n\t\t\t<div class=\"elementor-widget-wrap elementor-element-populated\">\n\t\t\t\t\t\t<div class=\"elementor-element elementor-element-d522fa7 elementor-arrows-position-inside elementor-pagination-position-outside sc_fly_static elementor-widget elementor-widget-image-carousel\" data-id=\"d522fa7\" data-element_type=\"widget\" data-settings=\"{&quot;slides_to_show&quot;:&quot;2&quot;,&quot;navigation&quot;:&quot;both&quot;,&quot;autoplay&quot;:&quot;yes&quot;,&quot;pause_on_hover&quot;:&quot;yes&quot;,&quot;pause_on_interaction&quot;:&quot;yes&quot;,&quot;autoplay_speed&quot;:5000,&quot;infinite&quot;:&quot;yes&quot;,&quot;speed&quot;:500}\" data-widget_type=\"image-carousel.default\">\n\t\t\t\t<div class=\"elementor-widget-container\">\n\t\t\t\t\t<div class=\"elementor-image-carousel-wrapper swiper\" dir=\"ltr\">\n\t\t\t<div class=\"elementor-image-carousel swiper-wrapper\" aria-live=\"off\">\n\t\t\t\t\t\t\t\t<div class=\"swiper-slide\" role=\"group\" aria-roledescription=\"slide\" aria-label=\"1 of 8\"><figure class=\"swiper-slide-inner\"><img decoding=\"async\" class=\"swiper-slide-image\" src=\"https:\/\/conceptsk2.com\/notreileverte-test\/wp-content\/uploads\/2024\/04\/IMG_3770-1230x767.webp\" alt=\"IMG_3770\" \/><\/figure><\/div><div class=\"swiper-slide\" role=\"group\" aria-roledescription=\"slide\" aria-label=\"2 of 8\"><figure class=\"swiper-slide-inner\"><img decoding=\"async\" class=\"swiper-slide-image\" src=\"https:\/\/conceptsk2.com\/notreileverte-test\/wp-content\/uploads\/2024\/04\/IMG_3340-1230x767.webp\" alt=\"IMG_3340\" \/><\/figure><\/div><div class=\"swiper-slide\" role=\"group\" aria-roledescription=\"slide\" aria-label=\"3 of 8\"><figure class=\"swiper-slide-inner\"><img decoding=\"async\" class=\"swiper-slide-image\" src=\"https:\/\/conceptsk2.com\/notreileverte-test\/wp-content\/uploads\/2024\/04\/DSCN1458-1230x767.webp\" alt=\"DSCN1458\" \/><\/figure><\/div><div class=\"swiper-slide\" role=\"group\" aria-roledescription=\"slide\" aria-label=\"4 of 8\"><figure class=\"swiper-slide-inner\"><img decoding=\"async\" class=\"swiper-slide-image\" src=\"https:\/\/conceptsk2.com\/notreileverte-test\/wp-content\/uploads\/2024\/04\/IMG_9435-1230x767.webp\" alt=\"IMG_9435\" \/><\/figure><\/div><div class=\"swiper-slide\" role=\"group\" aria-roledescription=\"slide\" aria-label=\"5 of 8\"><figure class=\"swiper-slide-inner\"><img decoding=\"async\" class=\"swiper-slide-image\" src=\"https:\/\/conceptsk2.com\/notreileverte-test\/wp-content\/uploads\/2024\/04\/mechoui3001-1230x767.webp\" alt=\"mechoui3001\" \/><\/figure><\/div><div class=\"swiper-slide\" role=\"group\" aria-roledescription=\"slide\" aria-label=\"6 of 8\"><figure class=\"swiper-slide-inner\"><img decoding=\"async\" class=\"swiper-slide-image\" src=\"https:\/\/conceptsk2.com\/notreileverte-test\/wp-content\/uploads\/2024\/04\/IMG_9042-1230x767.webp\" alt=\"IMG_9042\" \/><\/figure><\/div><div class=\"swiper-slide\" role=\"group\" aria-roledescription=\"slide\" aria-label=\"7 of 8\"><figure class=\"swiper-slide-inner\"><img decoding=\"async\" class=\"swiper-slide-image\" src=\"https:\/\/conceptsk2.com\/notreileverte-test\/wp-content\/uploads\/2024\/04\/IMG_0457-1230x767.webp\" alt=\"IMG_0457\" \/><\/figure><\/div><div class=\"swiper-slide\" role=\"group\" aria-roledescription=\"slide\" aria-label=\"8 of 8\"><figure class=\"swiper-slide-inner\"><img decoding=\"async\" class=\"swiper-slide-image\" src=\"https:\/\/conceptsk2.com\/notreileverte-test\/wp-content\/uploads\/2024\/04\/village-ile-tele.8-1230x767.webp\" alt=\"village ile-t\u00e9l\u00e9.8\" \/><\/figure><\/div>\t\t\t<\/div>\n\t\t\t\t\t\t\t\t\t\t\t\t<div class=\"elementor-swiper-button elementor-swiper-button-prev\" role=\"button\" tabindex=\"0\">\n\t\t\t\t\t\t<i aria-hidden=\"true\" class=\"eicon-chevron-left\"><\/i>\t\t\t\t\t<\/div>\n\t\t\t\t\t<div class=\"elementor-swiper-button elementor-swiper-button-next\" role=\"button\" tabindex=\"0\">\n\t\t\t\t\t\t<i aria-hidden=\"true\" class=\"eicon-chevron-right\"><\/i>\t\t\t\t\t<\/div>\n\t\t\t\t\n\t\t\t\t\t\t\t\t\t<div class=\"swiper-pagination\"><\/div>\n\t\t\t\t\t\t\t\t\t<\/div>\n\t\t\t\t<\/div>\n\t\t\t\t<\/div>\n\t\t\t\t\t<\/div>\n\t\t<\/div>\n\t\t\t\t\t<\/div>\n\t\t<\/section>\n\t\t\t\t<section class=\"elementor-section elementor-top-section elementor-element elementor-element-74d16a0 elementor-section-boxed elementor-section-height-default elementor-section-height-default\" data-id=\"74d16a0\" data-element_type=\"section\">\n\t\t\t\t\t\t<div class=\"elementor-container elementor-column-gap-no\">\n\t\t\t\t\t<div class=\"elementor-column elementor-col-100 elementor-top-column elementor-element elementor-element-7896ae7 sc_layouts_column_icons_position_left\" data-id=\"7896ae7\" data-element_type=\"column\">\n\t\t\t<div class=\"elementor-widget-wrap elementor-element-populated\">\n\t\t\t\t\t\t<div class=\"elementor-element elementor-element-b717597 sc_fly_static elementor-widget elementor-widget-spacer\" data-id=\"b717597\" data-element_type=\"widget\" data-widget_type=\"spacer.default\">\n\t\t\t\t<div class=\"elementor-widget-container\">\n\t\t\t\t\t<div class=\"elementor-spacer\">\n\t\t\t<div class=\"elementor-spacer-inner\"><\/div>\n\t\t<\/div>\n\t\t\t\t<\/div>\n\t\t\t\t<\/div>\n\t\t\t\t\t<\/div>\n\t\t<\/div>\n\t\t\t\t\t<\/div>\n\t\t<\/section>\n\t\t\t\t<section class=\"elementor-section elementor-top-section elementor-element elementor-element-4ed31c9 elementor-section-stretched elementor-section-boxed elementor-section-height-default elementor-section-height-default\" data-id=\"4ed31c9\" data-element_type=\"section\" data-settings=\"{&quot;background_background&quot;:&quot;classic&quot;,&quot;stretch_section&quot;:&quot;section-stretched&quot;}\">\n\t\t\t\t\t\t\t<div class=\"elementor-background-overlay\"><\/div>\n\t\t\t\t\t\t\t<div class=\"elementor-container elementor-column-gap-extended\">\n\t\t\t\t\t<div class=\"elementor-column elementor-col-100 elementor-top-column elementor-element elementor-element-86bf865 sc_layouts_column_icons_position_left\" data-id=\"86bf865\" data-element_type=\"column\">\n\t\t\t<div class=\"elementor-widget-wrap elementor-element-populated\">\n\t\t\t\t\t\t<div class=\"elementor-element elementor-element-3afc383 sc_fly_static elementor-widget elementor-widget-spacer\" data-id=\"3afc383\" data-element_type=\"widget\" data-widget_type=\"spacer.default\">\n\t\t\t\t<div class=\"elementor-widget-container\">\n\t\t\t\t\t<div class=\"elementor-spacer\">\n\t\t\t<div class=\"elementor-spacer-inner\"><\/div>\n\t\t<\/div>\n\t\t\t\t<\/div>\n\t\t\t\t<\/div>\n\t\t\t\t<div class=\"elementor-element elementor-element-fe34213 scheme_dark sc_fly_static elementor-widget elementor-widget-trx_sc_title\" data-id=\"fe34213\" data-element_type=\"widget\" data-widget_type=\"trx_sc_title.default\">\n\t\t\t\t<div class=\"elementor-widget-container\">\n\t\t\t<div id=\"trx_sc_title_1567100187\"\r\n\t\tclass=\"sc_title scheme_dark sc_title_accent\"><h2 class=\"sc_item_title sc_title_title sc_item_title_style_accent sc_item_title_tag\"><span class=\"sc_item_title_text\"> \u00c9volution d\u00e9mographique de l'ile Verte<\/span><\/h2><\/div><!-- \/.sc_title -->\t\t<\/div>\n\t\t\t\t<\/div>\n\t\t\t\t<div class=\"elementor-element elementor-element-76bee7f sc_fly_static elementor-widget elementor-widget-spacer\" data-id=\"76bee7f\" data-element_type=\"widget\" data-widget_type=\"spacer.default\">\n\t\t\t\t<div class=\"elementor-widget-container\">\n\t\t\t\t\t<div class=\"elementor-spacer\">\n\t\t\t<div class=\"elementor-spacer-inner\"><\/div>\n\t\t<\/div>\n\t\t\t\t<\/div>\n\t\t\t\t<\/div>\n\t\t\t\t<div class=\"elementor-element elementor-element-f72f3be scheme_default sc_fly_static elementor-invisible elementor-widget elementor-widget-trx_sc_icons\" data-id=\"f72f3be\" data-element_type=\"widget\" data-settings=\"{&quot;_animation&quot;:&quot;fadeInUp&quot;}\" data-widget_type=\"trx_sc_icons.default\">\n\t\t\t\t<div class=\"elementor-widget-container\">\n\t\t\t<div id=\"trx_sc_icons_1388137979\" \n\tclass=\"sc_icons sc_icons_iconed sc_icons_size_small sc_align_left\"><div class=\"sc_icons_columns_wrap sc_item_columns trx_addons_columns_wrap columns_padding_bottom\"><div class=\"trx_addons_column-1_3\"><div class=\"sc_icons_item sc_icons_item_linked\"  style=\"background: #ffffff\"><div class=\"sc_icons_icon sc_icon_type_ icon-summer\" style=\"color: #FFC20E\"><span class=\"sc_icon_type_ icon-summer\" style=\"color: #FFC20E\"><\/span><\/div><div class=\"sc_icons_item_details\"><h6 class=\"sc_icons_item_title\"><span>Occupation autochtone estivale<\/span><\/h6><div class=\"sc_icons_item_description\"><span>Des fouilles arch\u00e9ologiques ont r\u00e9v\u00e9l\u00e9 plusieurs lieux d'occupation autochtone : \u00abIl ressort que les s\u00e9jours dans l'\u00eele se d\u00e9roulaient durant la p\u00e9riode estivale o\u00f9 les groupes venaient s'approvisionner des ressources marines de l'estuaire et se d\u00e9placer vers le lieu de rassemblement et d'\u00e9changes que constituait traditionnellement la r\u00e9gion du Tadoussac\u00bb (<i>L'\u00eele Verte, le fleuve, une \u00eele et son phare<\/i>, publi\u00e9 en 2009 par Les Editions GID, page 37).<\/span><\/div><a href=\"https:\/\/conceptsk2.com\/notreileverte-test\/battures\/\"\n\t\t\t\t\t\tclass=\"sc_icons_item_link\"><\/a><\/div><\/div><\/div><div class=\"trx_addons_column-1_3\"><div class=\"sc_icons_item\"  style=\"background: #ffffff\"><div class=\"sc_icons_icon sc_icon_type_ icon-home-2\" style=\"color: #FFC20E\"><span class=\"sc_icon_type_ icon-home-2\" style=\"color: #FFC20E\"><\/span><\/div><div class=\"sc_icons_item_details\"><h6 class=\"sc_icons_item_title\"><span>Peuplement au <\/span><span><\/span><span>19e si\u00e8cle<\/span><\/h6><div class=\"sc_icons_item_description\"><span>C'est \u00e0 partir du 19e si\u00e8cle que l'ile conna\u00eet un peuplement accru, avec l'arriv\u00e9e de nombreuses familles souches qui s'installent \u00e0 demeure : \u00ab En 2008, on d\u00e9nombre encore dix familles dont l'un des conjoints porte le nom d'une famille souche. Il s'agit des d\u00e9nomm\u00e9s Caron, Dionne, Fraser, Guichard, Lafrance, L\u00e9vesque, Lindsay, Ouellet, Marquis et Michaud \u00bb (<i>L'\u00eele Verte, le fleuve, une \u00eele et son phare<\/i>, publi\u00e9 en 2009 par Les Editions GID, page 59).<\/span><\/div><\/div><\/div><\/div><div class=\"trx_addons_column-1_3\"><div class=\"sc_icons_item\"  style=\"background: #ffffff\"><div class=\"sc_icons_icon sc_icon_type_ icon-ship\" style=\"color: #FFC20E\"><span class=\"sc_icon_type_ icon-ship\" style=\"color: #FFC20E\"><\/span><\/div><div class=\"sc_icons_item_details\"><h6 class=\"sc_icons_item_title\"><span>Moyens d&#039;acc\u00e8s \u00e0 l&#039;ile<\/span><\/h6><div class=\"sc_icons_item_description\"><span>Malgr\u00e9 les al\u00e9as du transport, l'ile Verte demeure habit\u00e9e \u00e0 l'ann\u00e9e longue. Entre les mois d'avril et novembre, les r\u00e9sidents et visiteurs peuvent rejoindre l'ile au moyen d'un traversier, le NM Peter Fraser, qui fait la navette \u00e0 mar\u00e9e haute entre l'ile et le village de L'Isle-Verte, situ\u00e9 sur la Rive Sud du fleuve. Un pont de glace et, en son absence, un h\u00e9licopt\u00e8re, permettent d'y acc\u00e9der entre les mois de novembre et d'avril.<\/span><\/div><\/div><\/div><\/div><\/div><\/div><!-- \/.sc_icons -->\t\t<\/div>\n\t\t\t\t<\/div>\n\t\t\t\t<div class=\"elementor-element elementor-element-3ca786d sc_fly_static elementor-widget elementor-widget-spacer\" data-id=\"3ca786d\" data-element_type=\"widget\" data-widget_type=\"spacer.default\">\n\t\t\t\t<div class=\"elementor-widget-container\">\n\t\t\t\t\t<div class=\"elementor-spacer\">\n\t\t\t<div class=\"elementor-spacer-inner\"><\/div>\n\t\t<\/div>\n\t\t\t\t<\/div>\n\t\t\t\t<\/div>\n\t\t\t\t\t<\/div>\n\t\t<\/div>\n\t\t\t\t\t<\/div>\n\t\t<\/section>\n\t\t\t\t<section class=\"elementor-section elementor-top-section elementor-element elementor-element-5f0024f sc_layouts_hide_on_mobile elementor-section-boxed elementor-section-height-default elementor-section-height-default\" data-id=\"5f0024f\" data-element_type=\"section\">\n\t\t\t\t\t\t<div class=\"elementor-container elementor-column-gap-extended\">\n\t\t\t\t\t<div class=\"elementor-column elementor-col-100 elementor-top-column elementor-element elementor-element-a1a276a sc_layouts_column_icons_position_left\" data-id=\"a1a276a\" data-element_type=\"column\">\n\t\t\t<div class=\"elementor-widget-wrap elementor-element-populated\">\n\t\t\t\t\t\t<div class=\"elementor-element elementor-element-fd073de sc_fly_static elementor-widget elementor-widget-spacer\" data-id=\"fd073de\" data-element_type=\"widget\" data-widget_type=\"spacer.default\">\n\t\t\t\t<div class=\"elementor-widget-container\">\n\t\t\t\t\t<div class=\"elementor-spacer\">\n\t\t\t<div class=\"elementor-spacer-inner\"><\/div>\n\t\t<\/div>\n\t\t\t\t<\/div>\n\t\t\t\t<\/div>\n\t\t\t\t\t<\/div>\n\t\t<\/div>\n\t\t\t\t\t<\/div>\n\t\t<\/section>\n\t\t\t\t<\/div>\n\t\t","protected":false},"excerpt":{"rendered":"<p>Population L&rsquo;ile a d\u00e9j\u00e0 accueilli des membres de divers peuples autochtones qui faisaient l&rsquo;exploitation de ses ressources marines. Malgr\u00e9 les d\u00e9fis de transport, l&rsquo;ile est aujourd&rsquo;hui habit\u00e9e toute l&rsquo;ann\u00e9e par des r\u00e9sidents et&hellip;<\/p>\n","protected":false},"author":2,"featured_media":7936,"parent":0,"menu_order":0,"comment_status":"closed","ping_status":"closed","template":"","meta":{"footnotes":""},"class_list":["post-7003","page","type-page","status-publish","has-post-thumbnail","hentry"],"_links":{"self":[{"href":"https:\/\/conceptsk2.com\/notreileverte-test\/wp-json\/wp\/v2\/pages\/7003","targetHints":{"allow":["GET"]}}],"collection":[{"href":"https:\/\/conceptsk2.com\/notreileverte-test\/wp-json\/wp\/v2\/pages"}],"about":[{"href":"https:\/\/conceptsk2.com\/notreileverte-test\/wp-json\/wp\/v2\/types\/page"}],"author":[{"embeddable":true,"href":"https:\/\/conceptsk2.com\/notreileverte-test\/wp-json\/wp\/v2\/users\/2"}],"replies":[{"embeddable":true,"href":"https:\/\/conceptsk2.com\/notreileverte-test\/wp-json\/wp\/v2\/comments?post=7003"}],"version-history":[{"count":64,"href":"https:\/\/conceptsk2.com\/notreileverte-test\/wp-json\/wp\/v2\/pages\/7003\/revisions"}],"predecessor-version":[{"id":8713,"href":"https:\/\/conceptsk2.com\/notreileverte-test\/wp-json\/wp\/v2\/pages\/7003\/revisions\/8713"}],"wp:featuredmedia":[{"embeddable":true,"href":"https:\/\/conceptsk2.com\/notreileverte-test\/wp-json\/wp\/v2\/media\/7936"}],"wp:attachment":[{"href":"https:\/\/conceptsk2.com\/notreileverte-test\/wp-json\/wp\/v2\/media?parent=7003"}],"curies":[{"name":"wp","href":"https:\/\/api.w.org\/{rel}","templated":true}]}}