{"id":7005,"date":"2024-04-11T13:19:34","date_gmt":"2024-04-11T17:19:34","guid":{"rendered":"https:\/\/conceptsk2.com\/notreileverte-test\/?page_id=7005"},"modified":"2024-06-14T11:15:00","modified_gmt":"2024-06-14T15:15:00","slug":"milieu-agricole","status":"publish","type":"page","link":"https:\/\/conceptsk2.com\/notreileverte-test\/milieu-agricole\/","title":{"rendered":"Milieu agricole"},"content":{"rendered":"\t\t<div data-elementor-type=\"wp-post\" data-elementor-id=\"7005\" class=\"elementor elementor-7005\" data-elementor-post-type=\"page\">\n\t\t\t\t\t\t<section class=\"elementor-section elementor-top-section elementor-element elementor-element-d570b7e elementor-section-boxed elementor-section-height-default elementor-section-height-default\" data-id=\"d570b7e\" data-element_type=\"section\">\n\t\t\t\t\t\t<div class=\"elementor-container elementor-column-gap-no\">\n\t\t\t\t\t<div class=\"elementor-column elementor-col-100 elementor-top-column elementor-element elementor-element-282fad6 sc_layouts_column_icons_position_left\" data-id=\"282fad6\" data-element_type=\"column\">\n\t\t\t<div class=\"elementor-widget-wrap elementor-element-populated\">\n\t\t\t\t\t\t<div class=\"elementor-element elementor-element-bcd2b88 sc_fly_static elementor-widget elementor-widget-spacer\" data-id=\"bcd2b88\" data-element_type=\"widget\" data-widget_type=\"spacer.default\">\n\t\t\t\t<div class=\"elementor-widget-container\">\n\t\t\t\t\t<div class=\"elementor-spacer\">\n\t\t\t<div class=\"elementor-spacer-inner\"><\/div>\n\t\t<\/div>\n\t\t\t\t<\/div>\n\t\t\t\t<\/div>\n\t\t\t\t\t<\/div>\n\t\t<\/div>\n\t\t\t\t\t<\/div>\n\t\t<\/section>\n\t\t\t\t<section class=\"elementor-section elementor-top-section elementor-element elementor-element-638974a elementor-section-content-top elementor-section-boxed elementor-section-height-default elementor-section-height-default\" data-id=\"638974a\" data-element_type=\"section\" data-settings=\"{&quot;background_background&quot;:&quot;classic&quot;}\">\n\t\t\t\t\t\t<div class=\"elementor-container elementor-column-gap-extended\">\n\t\t\t\t\t<div class=\"elementor-column elementor-col-50 elementor-top-column elementor-element elementor-element-444de90 sc_layouts_column_icons_position_left elementor-invisible\" data-id=\"444de90\" data-element_type=\"column\" data-settings=\"{&quot;animation&quot;:&quot;fadeInLeft&quot;}\">\n\t\t\t<div class=\"elementor-widget-wrap elementor-element-populated\">\n\t\t\t\t\t\t<div class=\"elementor-element elementor-element-15eec26 sc_fly_static elementor-widget elementor-widget-trx_sc_promo\" data-id=\"15eec26\" data-element_type=\"widget\" data-widget_type=\"trx_sc_promo.default\">\n\t\t\t\t<div class=\"elementor-widget-container\">\n\t\t\t<div  id=\"trx_sc_promo_411324701\" \n\tclass=\"sc_promo sc_promo_preview sc_promo_size_normal sc_promo_image_position_left\"><div class=\"sc_promo_image\" style=\"background-image:url(\/\/conceptsk2.com\/notreileverte-test\/wp-content\/uploads\/2024\/04\/La-Saint-Jean-2Suzanne-chenard-1er-prix-et-prix-public-2010.webp);width:100%;left: 0;height:405px;\"><\/div><!-- \/.sc_promo_image --><div class=\"sc_promo_text\" style=\"float: right; \">\n\t\t\t<div class=\"sc_promo_text_inner trx_addons_inline_1766290110\">\n                                \t\t\t\t<\/div>\n\t\t<\/div><!-- \/.sc_promo_text --><\/div><!-- \/.sc_promo -->\t\t<\/div>\n\t\t\t\t<\/div>\n\t\t\t\t\t<\/div>\n\t\t<\/div>\n\t\t\t\t<div class=\"elementor-column elementor-col-50 elementor-top-column elementor-element elementor-element-292aa4f sc_layouts_column_icons_position_left elementor-invisible\" data-id=\"292aa4f\" data-element_type=\"column\" data-settings=\"{&quot;animation&quot;:&quot;fadeInRight&quot;}\">\n\t\t\t<div class=\"elementor-widget-wrap elementor-element-populated\">\n\t\t\t\t\t\t<div class=\"elementor-element elementor-element-1610f85 sc_fly_static elementor-widget elementor-widget-spacer\" data-id=\"1610f85\" data-element_type=\"widget\" data-widget_type=\"spacer.default\">\n\t\t\t\t<div class=\"elementor-widget-container\">\n\t\t\t\t\t<div class=\"elementor-spacer\">\n\t\t\t<div class=\"elementor-spacer-inner\"><\/div>\n\t\t<\/div>\n\t\t\t\t<\/div>\n\t\t\t\t<\/div>\n\t\t\t\t<div class=\"elementor-element elementor-element-565db4d sc_fly_static elementor-widget elementor-widget-trx_sc_title\" data-id=\"565db4d\" data-element_type=\"widget\" data-widget_type=\"trx_sc_title.default\">\n\t\t\t\t<div class=\"elementor-widget-container\">\n\t\t\t<div id=\"trx_sc_title_1890358427\"\r\n\t\tclass=\"sc_title sc_title_default\"><span class=\"sc_item_subtitle sc_title_subtitle sc_item_subtitle_above sc_item_title_style_default\">Milieu agricole<\/span><h5 class=\"sc_item_title sc_title_title sc_item_title_style_default sc_item_title_tag\"><span class=\"sc_item_title_text\">Plus de la moiti\u00e9 de la superficie de l\u2019ile est inapte \u00e0 l'agriculture en raison de la nature rocailleuse du sol.<\/span><\/h5><div class=\"sc_item_descr sc_title_descr\"><p>Les habitants ont surmont\u00e9 les d\u00e9fis reli\u00e9s \u00e0 la pauvret\u00e9 du sol et au climat. En plus de produire des potagers bien garnis, ils ont r\u00e9ussi \u00e0 cultiver la pomme de terre ainsi que le foin pour leurs animaux.<\/p>\n<\/div><\/div><!-- \/.sc_title -->\t\t<\/div>\n\t\t\t\t<\/div>\n\t\t\t\t\t<\/div>\n\t\t<\/div>\n\t\t\t\t\t<\/div>\n\t\t<\/section>\n\t\t\t\t<section class=\"elementor-section elementor-top-section elementor-element elementor-element-0720a43 elementor-section-boxed elementor-section-height-default elementor-section-height-default\" data-id=\"0720a43\" data-element_type=\"section\">\n\t\t\t\t\t\t<div class=\"elementor-container elementor-column-gap-extended\">\n\t\t\t\t\t<div class=\"elementor-column elementor-col-100 elementor-top-column elementor-element elementor-element-30bbdd8 sc_layouts_column_icons_position_left\" data-id=\"30bbdd8\" data-element_type=\"column\">\n\t\t\t<div class=\"elementor-widget-wrap elementor-element-populated\">\n\t\t\t\t\t\t<div class=\"elementor-element elementor-element-f0f1a14 sc_fly_static elementor-widget elementor-widget-spacer\" data-id=\"f0f1a14\" data-element_type=\"widget\" data-widget_type=\"spacer.default\">\n\t\t\t\t<div class=\"elementor-widget-container\">\n\t\t\t\t\t<div class=\"elementor-spacer\">\n\t\t\t<div class=\"elementor-spacer-inner\"><\/div>\n\t\t<\/div>\n\t\t\t\t<\/div>\n\t\t\t\t<\/div>\n\t\t\t\t\t<\/div>\n\t\t<\/div>\n\t\t\t\t\t<\/div>\n\t\t<\/section>\n\t\t\t\t<section class=\"elementor-section elementor-top-section elementor-element elementor-element-da41a21 elementor-section-boxed elementor-section-height-default elementor-section-height-default\" data-id=\"da41a21\" data-element_type=\"section\">\n\t\t\t\t\t\t<div class=\"elementor-container elementor-column-gap-extended\">\n\t\t\t\t\t<div class=\"elementor-column elementor-col-100 elementor-top-column elementor-element elementor-element-94ba7c0 sc_layouts_column_icons_position_left\" data-id=\"94ba7c0\" data-element_type=\"column\">\n\t\t\t<div class=\"elementor-widget-wrap elementor-element-populated\">\n\t\t\t\t\t\t<div class=\"elementor-element elementor-element-d522fa7 elementor-arrows-position-inside elementor-pagination-position-outside sc_fly_static elementor-widget elementor-widget-image-carousel\" data-id=\"d522fa7\" data-element_type=\"widget\" data-settings=\"{&quot;slides_to_show&quot;:&quot;2&quot;,&quot;navigation&quot;:&quot;both&quot;,&quot;autoplay&quot;:&quot;yes&quot;,&quot;pause_on_hover&quot;:&quot;yes&quot;,&quot;pause_on_interaction&quot;:&quot;yes&quot;,&quot;autoplay_speed&quot;:5000,&quot;infinite&quot;:&quot;yes&quot;,&quot;speed&quot;:500}\" data-widget_type=\"image-carousel.default\">\n\t\t\t\t<div class=\"elementor-widget-container\">\n\t\t\t\t\t<div class=\"elementor-image-carousel-wrapper swiper\" dir=\"ltr\">\n\t\t\t<div class=\"elementor-image-carousel swiper-wrapper\" aria-live=\"off\">\n\t\t\t\t\t\t\t\t<div class=\"swiper-slide\" role=\"group\" aria-roledescription=\"slide\" aria-label=\"1 of 5\"><figure class=\"swiper-slide-inner\"><img decoding=\"async\" class=\"swiper-slide-image\" src=\"https:\/\/conceptsk2.com\/notreileverte-test\/wp-content\/uploads\/2024\/04\/La-Saint-Jean-2Suzanne-chenard-1er-prix-et-prix-public-2010-1230x767.webp\" alt=\"La Saint-Jean 2Suzanne ch\u00e9nard 1er prix et prix public 2010\" \/><\/figure><\/div><div class=\"swiper-slide\" role=\"group\" aria-roledescription=\"slide\" aria-label=\"2 of 5\"><figure class=\"swiper-slide-inner\"><img decoding=\"async\" class=\"swiper-slide-image\" src=\"https:\/\/conceptsk2.com\/notreileverte-test\/wp-content\/uploads\/2024\/04\/Vaccinium-vitis-idaea-3-1230x767.webp\" alt=\"Vaccinium vitis-idaea (3)\" \/><\/figure><\/div><div class=\"swiper-slide\" role=\"group\" aria-roledescription=\"slide\" aria-label=\"3 of 5\"><figure class=\"swiper-slide-inner\"><img decoding=\"async\" class=\"swiper-slide-image\" src=\"https:\/\/conceptsk2.com\/notreileverte-test\/wp-content\/uploads\/2024\/04\/route-et-village-ile-tele-1230x767.webp\" alt=\"route et village ile-t\u00e9l\u00e9\" \/><\/figure><\/div><div class=\"swiper-slide\" role=\"group\" aria-roledescription=\"slide\" aria-label=\"4 of 5\"><figure class=\"swiper-slide-inner\"><img decoding=\"async\" class=\"swiper-slide-image\" src=\"https:\/\/conceptsk2.com\/notreileverte-test\/wp-content\/uploads\/2024\/04\/IMG_9540-1230x767.webp\" alt=\"IMG_9540\" \/><\/figure><\/div><div class=\"swiper-slide\" role=\"group\" aria-roledescription=\"slide\" aria-label=\"5 of 5\"><figure class=\"swiper-slide-inner\"><img decoding=\"async\" class=\"swiper-slide-image\" src=\"https:\/\/conceptsk2.com\/notreileverte-test\/wp-content\/uploads\/2024\/04\/ile_batture_moutons4-1230x767.webp\" alt=\"ile_batture_moutons4\" \/><\/figure><\/div>\t\t\t<\/div>\n\t\t\t\t\t\t\t\t\t\t\t\t<div class=\"elementor-swiper-button elementor-swiper-button-prev\" role=\"button\" tabindex=\"0\">\n\t\t\t\t\t\t<i aria-hidden=\"true\" class=\"eicon-chevron-left\"><\/i>\t\t\t\t\t<\/div>\n\t\t\t\t\t<div class=\"elementor-swiper-button elementor-swiper-button-next\" role=\"button\" tabindex=\"0\">\n\t\t\t\t\t\t<i aria-hidden=\"true\" class=\"eicon-chevron-right\"><\/i>\t\t\t\t\t<\/div>\n\t\t\t\t\n\t\t\t\t\t\t\t\t\t<div class=\"swiper-pagination\"><\/div>\n\t\t\t\t\t\t\t\t\t<\/div>\n\t\t\t\t<\/div>\n\t\t\t\t<\/div>\n\t\t\t\t\t<\/div>\n\t\t<\/div>\n\t\t\t\t\t<\/div>\n\t\t<\/section>\n\t\t\t\t<section class=\"elementor-section elementor-top-section elementor-element elementor-element-74d16a0 elementor-section-boxed elementor-section-height-default elementor-section-height-default\" data-id=\"74d16a0\" data-element_type=\"section\">\n\t\t\t\t\t\t<div class=\"elementor-container elementor-column-gap-no\">\n\t\t\t\t\t<div class=\"elementor-column elementor-col-100 elementor-top-column elementor-element elementor-element-7896ae7 sc_layouts_column_icons_position_left\" data-id=\"7896ae7\" data-element_type=\"column\">\n\t\t\t<div class=\"elementor-widget-wrap elementor-element-populated\">\n\t\t\t\t\t\t<div class=\"elementor-element elementor-element-b717597 sc_fly_static elementor-widget elementor-widget-spacer\" data-id=\"b717597\" data-element_type=\"widget\" data-widget_type=\"spacer.default\">\n\t\t\t\t<div class=\"elementor-widget-container\">\n\t\t\t\t\t<div class=\"elementor-spacer\">\n\t\t\t<div class=\"elementor-spacer-inner\"><\/div>\n\t\t<\/div>\n\t\t\t\t<\/div>\n\t\t\t\t<\/div>\n\t\t\t\t\t<\/div>\n\t\t<\/div>\n\t\t\t\t\t<\/div>\n\t\t<\/section>\n\t\t\t\t<section class=\"elementor-section elementor-top-section elementor-element elementor-element-4ed31c9 elementor-section-stretched elementor-section-boxed elementor-section-height-default elementor-section-height-default\" data-id=\"4ed31c9\" data-element_type=\"section\" data-settings=\"{&quot;background_background&quot;:&quot;classic&quot;,&quot;stretch_section&quot;:&quot;section-stretched&quot;}\">\n\t\t\t\t\t\t\t<div class=\"elementor-background-overlay\"><\/div>\n\t\t\t\t\t\t\t<div class=\"elementor-container elementor-column-gap-extended\">\n\t\t\t\t\t<div class=\"elementor-column elementor-col-100 elementor-top-column elementor-element elementor-element-86bf865 sc_layouts_column_icons_position_left\" data-id=\"86bf865\" data-element_type=\"column\">\n\t\t\t<div class=\"elementor-widget-wrap elementor-element-populated\">\n\t\t\t\t\t\t<div class=\"elementor-element elementor-element-3afc383 sc_fly_static elementor-widget elementor-widget-spacer\" data-id=\"3afc383\" data-element_type=\"widget\" data-widget_type=\"spacer.default\">\n\t\t\t\t<div class=\"elementor-widget-container\">\n\t\t\t\t\t<div class=\"elementor-spacer\">\n\t\t\t<div class=\"elementor-spacer-inner\"><\/div>\n\t\t<\/div>\n\t\t\t\t<\/div>\n\t\t\t\t<\/div>\n\t\t\t\t<div class=\"elementor-element elementor-element-fe34213 scheme_dark sc_fly_static elementor-widget elementor-widget-trx_sc_title\" data-id=\"fe34213\" data-element_type=\"widget\" data-widget_type=\"trx_sc_title.default\">\n\t\t\t\t<div class=\"elementor-widget-container\">\n\t\t\t<div id=\"trx_sc_title_808871413\"\r\n\t\tclass=\"sc_title scheme_dark sc_title_accent\"><h2 class=\"sc_item_title sc_title_title sc_item_title_style_accent sc_item_title_tag\"><span class=\"sc_item_title_text\">Le milieu agricole de l'ile Verte<\/span><\/h2><\/div><!-- \/.sc_title -->\t\t<\/div>\n\t\t\t\t<\/div>\n\t\t\t\t<div class=\"elementor-element elementor-element-76bee7f sc_fly_static elementor-widget elementor-widget-spacer\" data-id=\"76bee7f\" data-element_type=\"widget\" data-widget_type=\"spacer.default\">\n\t\t\t\t<div class=\"elementor-widget-container\">\n\t\t\t\t\t<div class=\"elementor-spacer\">\n\t\t\t<div class=\"elementor-spacer-inner\"><\/div>\n\t\t<\/div>\n\t\t\t\t<\/div>\n\t\t\t\t<\/div>\n\t\t\t\t<div class=\"elementor-element elementor-element-f72f3be scheme_default sc_fly_static elementor-invisible elementor-widget elementor-widget-trx_sc_icons\" data-id=\"f72f3be\" data-element_type=\"widget\" data-settings=\"{&quot;_animation&quot;:&quot;fadeInUp&quot;}\" data-widget_type=\"trx_sc_icons.default\">\n\t\t\t\t<div class=\"elementor-widget-container\">\n\t\t\t<div id=\"trx_sc_icons_1120683411\" \n\tclass=\"sc_icons sc_icons_iconed sc_icons_size_small sc_align_left\"><div class=\"sc_icons_columns_wrap sc_item_columns trx_addons_columns_wrap columns_padding_bottom\"><div class=\"trx_addons_column-1_3\"><div class=\"sc_icons_item\"  style=\"background: #ffffff\"><div class=\"sc_icons_icon sc_icon_type_ icon-033-green-earth\" style=\"color: #4BA750\"><span class=\"sc_icon_type_ icon-033-green-earth\" style=\"color: #4BA750\"><\/span><\/div><div class=\"sc_icons_item_details\"><h6 class=\"sc_icons_item_title\"><span>Caract\u00e9ristiques g\u00e9ographiques de l&#039;ile<\/span><\/h6><div class=\"sc_icons_item_description\"><span>\u00abL'\u00eele est tr\u00e8s rocailleuse et plus de la moiti\u00e9 de sa superficie est impropre \u00e0 l'agriculture, \u00e0 cause des roches et des crans qui s'y rencontrent \u00e0 profusion, surtout au nord. \u00c0 cause de la nature du sol, il est tr\u00e8s peu probable que les insulaires pourraient vivre des seules ressources de l'agriculture; le sol de la partie orientale est tr\u00e8s maigre et peu propice \u00e0 la culture. C'est dans la partie ouest qu'on trouve le plus de terres arables ...\u00bb (Extrait de l'ouvrage de Marcel Rioux, <i>Description de la culture de l'\u00cele Verte<\/i>, 2e \u00e9d., publi\u00e9 en 2006 par L'\u00c9lan, page 15)<\/span><\/div><\/div><\/div><\/div><div class=\"trx_addons_column-1_3\"><div class=\"sc_icons_item\"  style=\"background: #ffffff\"><div class=\"sc_icons_icon sc_icon_type_ icon-050-ecology\" style=\"color: #4BA750\"><span class=\"sc_icon_type_ icon-050-ecology\" style=\"color: #4BA750\"><\/span><\/div><div class=\"sc_icons_item_details\"><h6 class=\"sc_icons_item_title\"><span>Pratiques agricoles des insulaires<\/span><\/h6><div class=\"sc_icons_item_description\"><span>Malgr\u00e9 ce sol ingrat, les insulaires ont cultiv\u00e9 du foin pour leurs animaux, et ils ont aussi cultiv\u00e9 la pomme de terre qu'ils ont vendue, en faisant preuve de leur d\u00e9brouillardise habituelle, jusque sur la C\u00f4te nord. D'ailleurs, des photos anciennes d\u00e9montrent la pr\u00e9sence de potagers, tr\u00e8s bien entretenus, pr\u00e8s de chaque r\u00e9sidence. La tradition agricole se maintient encore aujourd\u2019hui, bien qu\u2019\u00e0 plus petite \u00e9chelle. Voir le num\u00e9ro 27-2 (\u00e9t\u00e9 2021) de <a href=\"https:\/\/cpiciv.org\/publications\/\" target=\"blank\"><i>L\u2019Insulaire<\/i><\/a>.<\/span><\/div><\/div><\/div><\/div><div class=\"trx_addons_column-1_3\"><div class=\"sc_icons_item\"  style=\"background: #ffffff\"><div class=\"sc_icons_icon sc_icon_type_ icon-note-2\" style=\"color: #4BA750\"><span class=\"sc_icon_type_ icon-note-2\" style=\"color: #4BA750\"><\/span><\/div><div class=\"sc_icons_item_details\"><h6 class=\"sc_icons_item_title\"><span>Changements de zonage<\/span><\/h6><div class=\"sc_icons_item_description\"><span>Autrefois d\u00e9sign\u00e9e comme zone agricole, l'ile Verte a \u00e9t\u00e9 d\u00e9class\u00e9e le 26 novembre 1999, selon un avis publi\u00e9 dans le <i>Cadastre du Qu\u00e9bec<\/i> sous le num\u00e9ro 351769.<\/span><\/div><\/div><\/div><\/div><\/div><\/div><!-- \/.sc_icons -->\t\t<\/div>\n\t\t\t\t<\/div>\n\t\t\t\t<div class=\"elementor-element elementor-element-3ca786d sc_fly_static elementor-widget elementor-widget-spacer\" data-id=\"3ca786d\" data-element_type=\"widget\" data-widget_type=\"spacer.default\">\n\t\t\t\t<div class=\"elementor-widget-container\">\n\t\t\t\t\t<div class=\"elementor-spacer\">\n\t\t\t<div class=\"elementor-spacer-inner\"><\/div>\n\t\t<\/div>\n\t\t\t\t<\/div>\n\t\t\t\t<\/div>\n\t\t\t\t\t<\/div>\n\t\t<\/div>\n\t\t\t\t\t<\/div>\n\t\t<\/section>\n\t\t\t\t<section class=\"elementor-section elementor-top-section elementor-element elementor-element-5f0024f sc_layouts_hide_on_mobile elementor-section-boxed elementor-section-height-default elementor-section-height-default\" data-id=\"5f0024f\" data-element_type=\"section\">\n\t\t\t\t\t\t<div class=\"elementor-container elementor-column-gap-extended\">\n\t\t\t\t\t<div class=\"elementor-column elementor-col-100 elementor-top-column elementor-element elementor-element-a1a276a sc_layouts_column_icons_position_left\" data-id=\"a1a276a\" data-element_type=\"column\">\n\t\t\t<div class=\"elementor-widget-wrap elementor-element-populated\">\n\t\t\t\t\t\t<div class=\"elementor-element elementor-element-fd073de sc_fly_static elementor-widget elementor-widget-spacer\" data-id=\"fd073de\" data-element_type=\"widget\" data-widget_type=\"spacer.default\">\n\t\t\t\t<div class=\"elementor-widget-container\">\n\t\t\t\t\t<div class=\"elementor-spacer\">\n\t\t\t<div class=\"elementor-spacer-inner\"><\/div>\n\t\t<\/div>\n\t\t\t\t<\/div>\n\t\t\t\t<\/div>\n\t\t\t\t\t<\/div>\n\t\t<\/div>\n\t\t\t\t\t<\/div>\n\t\t<\/section>\n\t\t\t\t<\/div>\n\t\t","protected":false},"excerpt":{"rendered":"<p>Milieu agricole Plus de la moiti\u00e9 de la superficie de l\u2019ile est inapte \u00e0 l&rsquo;agriculture en raison de la nature rocailleuse du sol. Les habitants ont surmont\u00e9 les d\u00e9fis reli\u00e9s \u00e0 la pauvret\u00e9&hellip;<\/p>\n","protected":false},"author":2,"featured_media":8009,"parent":0,"menu_order":0,"comment_status":"closed","ping_status":"closed","template":"","meta":{"footnotes":""},"class_list":["post-7005","page","type-page","status-publish","has-post-thumbnail","hentry"],"_links":{"self":[{"href":"https:\/\/conceptsk2.com\/notreileverte-test\/wp-json\/wp\/v2\/pages\/7005","targetHints":{"allow":["GET"]}}],"collection":[{"href":"https:\/\/conceptsk2.com\/notreileverte-test\/wp-json\/wp\/v2\/pages"}],"about":[{"href":"https:\/\/conceptsk2.com\/notreileverte-test\/wp-json\/wp\/v2\/types\/page"}],"author":[{"embeddable":true,"href":"https:\/\/conceptsk2.com\/notreileverte-test\/wp-json\/wp\/v2\/users\/2"}],"replies":[{"embeddable":true,"href":"https:\/\/conceptsk2.com\/notreileverte-test\/wp-json\/wp\/v2\/comments?post=7005"}],"version-history":[{"count":49,"href":"https:\/\/conceptsk2.com\/notreileverte-test\/wp-json\/wp\/v2\/pages\/7005\/revisions"}],"predecessor-version":[{"id":8597,"href":"https:\/\/conceptsk2.com\/notreileverte-test\/wp-json\/wp\/v2\/pages\/7005\/revisions\/8597"}],"wp:featuredmedia":[{"embeddable":true,"href":"https:\/\/conceptsk2.com\/notreileverte-test\/wp-json\/wp\/v2\/media\/8009"}],"wp:attachment":[{"href":"https:\/\/conceptsk2.com\/notreileverte-test\/wp-json\/wp\/v2\/media?parent=7005"}],"curies":[{"name":"wp","href":"https:\/\/api.w.org\/{rel}","templated":true}]}}