{"id":7011,"date":"2024-04-11T13:19:12","date_gmt":"2024-04-11T17:19:12","guid":{"rendered":"https:\/\/conceptsk2.com\/notreileverte-test\/?page_id=7011"},"modified":"2024-06-14T11:19:15","modified_gmt":"2024-06-14T15:19:15","slug":"faune","status":"publish","type":"page","link":"https:\/\/conceptsk2.com\/notreileverte-test\/faune\/","title":{"rendered":"Faune"},"content":{"rendered":"\t\t<div data-elementor-type=\"wp-post\" data-elementor-id=\"7011\" class=\"elementor elementor-7011\" data-elementor-post-type=\"page\">\n\t\t\t\t\t\t<section class=\"elementor-section elementor-top-section elementor-element elementor-element-d570b7e elementor-section-boxed elementor-section-height-default elementor-section-height-default\" data-id=\"d570b7e\" data-element_type=\"section\">\n\t\t\t\t\t\t<div class=\"elementor-container elementor-column-gap-no\">\n\t\t\t\t\t<div class=\"elementor-column elementor-col-100 elementor-top-column elementor-element elementor-element-282fad6 sc_layouts_column_icons_position_left\" data-id=\"282fad6\" data-element_type=\"column\">\n\t\t\t<div class=\"elementor-widget-wrap elementor-element-populated\">\n\t\t\t\t\t\t<div class=\"elementor-element elementor-element-bcd2b88 sc_fly_static elementor-widget elementor-widget-spacer\" data-id=\"bcd2b88\" data-element_type=\"widget\" data-widget_type=\"spacer.default\">\n\t\t\t\t<div class=\"elementor-widget-container\">\n\t\t\t\t\t<div class=\"elementor-spacer\">\n\t\t\t<div class=\"elementor-spacer-inner\"><\/div>\n\t\t<\/div>\n\t\t\t\t<\/div>\n\t\t\t\t<\/div>\n\t\t\t\t\t<\/div>\n\t\t<\/div>\n\t\t\t\t\t<\/div>\n\t\t<\/section>\n\t\t\t\t<section class=\"elementor-section elementor-top-section elementor-element elementor-element-638974a elementor-section-content-top elementor-section-boxed elementor-section-height-default elementor-section-height-default\" data-id=\"638974a\" data-element_type=\"section\" data-settings=\"{&quot;background_background&quot;:&quot;classic&quot;}\">\n\t\t\t\t\t\t<div class=\"elementor-container elementor-column-gap-extended\">\n\t\t\t\t\t<div class=\"elementor-column elementor-col-50 elementor-top-column elementor-element elementor-element-444de90 sc_layouts_column_icons_position_left elementor-invisible\" data-id=\"444de90\" data-element_type=\"column\" data-settings=\"{&quot;animation&quot;:&quot;fadeInLeft&quot;}\">\n\t\t\t<div class=\"elementor-widget-wrap elementor-element-populated\">\n\t\t\t\t\t\t<div class=\"elementor-element elementor-element-15eec26 sc_fly_static elementor-widget elementor-widget-trx_sc_promo\" data-id=\"15eec26\" data-element_type=\"widget\" data-widget_type=\"trx_sc_promo.default\">\n\t\t\t\t<div class=\"elementor-widget-container\">\n\t\t\t<div  id=\"trx_sc_promo_1932975499\" \n\tclass=\"sc_promo sc_promo_preview sc_promo_size_normal sc_promo_image_position_left\"><div class=\"sc_promo_image\" style=\"background-image:url(\/\/conceptsk2.com\/notreileverte-test\/wp-content\/uploads\/2024\/05\/faune-orignal.jpg);width:100%;left: 0;height:405px;\"><\/div><!-- \/.sc_promo_image --><div class=\"sc_promo_text\" style=\"float: right; \">\n\t\t\t<div class=\"sc_promo_text_inner trx_addons_inline_1313250880\">\n                                \t\t\t\t<\/div>\n\t\t<\/div><!-- \/.sc_promo_text --><\/div><!-- \/.sc_promo -->\t\t<\/div>\n\t\t\t\t<\/div>\n\t\t\t\t\t<\/div>\n\t\t<\/div>\n\t\t\t\t<div class=\"elementor-column elementor-col-50 elementor-top-column elementor-element elementor-element-292aa4f sc_layouts_column_icons_position_left elementor-invisible\" data-id=\"292aa4f\" data-element_type=\"column\" data-settings=\"{&quot;animation&quot;:&quot;fadeInRight&quot;}\">\n\t\t\t<div class=\"elementor-widget-wrap elementor-element-populated\">\n\t\t\t\t\t\t<div class=\"elementor-element elementor-element-1610f85 sc_fly_static elementor-widget elementor-widget-spacer\" data-id=\"1610f85\" data-element_type=\"widget\" data-widget_type=\"spacer.default\">\n\t\t\t\t<div class=\"elementor-widget-container\">\n\t\t\t\t\t<div class=\"elementor-spacer\">\n\t\t\t<div class=\"elementor-spacer-inner\"><\/div>\n\t\t<\/div>\n\t\t\t\t<\/div>\n\t\t\t\t<\/div>\n\t\t\t\t<div class=\"elementor-element elementor-element-565db4d sc_fly_static elementor-widget elementor-widget-trx_sc_title\" data-id=\"565db4d\" data-element_type=\"widget\" data-widget_type=\"trx_sc_title.default\">\n\t\t\t\t<div class=\"elementor-widget-container\">\n\t\t\t<div id=\"trx_sc_title_1039518878\"\r\n\t\tclass=\"sc_title sc_title_default\"><span class=\"sc_item_subtitle sc_title_subtitle sc_item_subtitle_above sc_item_title_style_default\">Faune<\/span><h5 class=\"sc_item_title sc_title_title sc_item_title_style_default sc_item_title_tag\"><span class=\"sc_item_title_text\">L'ile Verte abrite des mammif\u00e8res terrestres notables tels que l'orignal et le chevreuil, qui vivent en harmonie sur l'ile.<\/span><\/h5><div class=\"sc_item_descr sc_title_descr\"><p>Les oiseaux sont omnipr\u00e9sents sur l'ile et les eaux environnantes regorgent de vie marine vari\u00e9e.<\/p>\n<\/div><\/div><!-- \/.sc_title -->\t\t<\/div>\n\t\t\t\t<\/div>\n\t\t\t\t\t<\/div>\n\t\t<\/div>\n\t\t\t\t\t<\/div>\n\t\t<\/section>\n\t\t\t\t<section class=\"elementor-section elementor-top-section elementor-element elementor-element-0720a43 elementor-section-boxed elementor-section-height-default elementor-section-height-default\" data-id=\"0720a43\" data-element_type=\"section\">\n\t\t\t\t\t\t<div class=\"elementor-container elementor-column-gap-extended\">\n\t\t\t\t\t<div class=\"elementor-column elementor-col-100 elementor-top-column elementor-element elementor-element-30bbdd8 sc_layouts_column_icons_position_left\" data-id=\"30bbdd8\" data-element_type=\"column\">\n\t\t\t<div class=\"elementor-widget-wrap elementor-element-populated\">\n\t\t\t\t\t\t<div class=\"elementor-element elementor-element-f0f1a14 sc_fly_static elementor-widget elementor-widget-spacer\" data-id=\"f0f1a14\" data-element_type=\"widget\" data-widget_type=\"spacer.default\">\n\t\t\t\t<div class=\"elementor-widget-container\">\n\t\t\t\t\t<div class=\"elementor-spacer\">\n\t\t\t<div class=\"elementor-spacer-inner\"><\/div>\n\t\t<\/div>\n\t\t\t\t<\/div>\n\t\t\t\t<\/div>\n\t\t\t\t\t<\/div>\n\t\t<\/div>\n\t\t\t\t\t<\/div>\n\t\t<\/section>\n\t\t\t\t<section class=\"elementor-section elementor-top-section elementor-element elementor-element-da41a21 elementor-section-boxed elementor-section-height-default elementor-section-height-default\" data-id=\"da41a21\" data-element_type=\"section\">\n\t\t\t\t\t\t<div class=\"elementor-container elementor-column-gap-extended\">\n\t\t\t\t\t<div class=\"elementor-column elementor-col-100 elementor-top-column elementor-element elementor-element-94ba7c0 sc_layouts_column_icons_position_left\" data-id=\"94ba7c0\" data-element_type=\"column\">\n\t\t\t<div class=\"elementor-widget-wrap elementor-element-populated\">\n\t\t\t\t\t\t<div class=\"elementor-element elementor-element-d522fa7 elementor-widget__width-initial elementor-arrows-position-inside elementor-pagination-position-outside sc_fly_static elementor-widget elementor-widget-image-carousel\" data-id=\"d522fa7\" data-element_type=\"widget\" data-settings=\"{&quot;slides_to_show&quot;:&quot;2&quot;,&quot;navigation&quot;:&quot;both&quot;,&quot;autoplay&quot;:&quot;yes&quot;,&quot;pause_on_hover&quot;:&quot;yes&quot;,&quot;pause_on_interaction&quot;:&quot;yes&quot;,&quot;autoplay_speed&quot;:5000,&quot;infinite&quot;:&quot;yes&quot;,&quot;speed&quot;:500}\" data-widget_type=\"image-carousel.default\">\n\t\t\t\t<div class=\"elementor-widget-container\">\n\t\t\t\t\t<div class=\"elementor-image-carousel-wrapper swiper\" dir=\"ltr\">\n\t\t\t<div class=\"elementor-image-carousel swiper-wrapper\" aria-live=\"off\">\n\t\t\t\t\t\t\t\t<div class=\"swiper-slide\" role=\"group\" aria-roledescription=\"slide\" aria-label=\"1 of 10\"><figure class=\"swiper-slide-inner\"><img decoding=\"async\" class=\"swiper-slide-image\" src=\"https:\/\/conceptsk2.com\/notreileverte-test\/wp-content\/uploads\/2024\/04\/orignal-1230x767.webp\" alt=\"orignal\" \/><\/figure><\/div><div class=\"swiper-slide\" role=\"group\" aria-roledescription=\"slide\" aria-label=\"2 of 10\"><figure class=\"swiper-slide-inner\"><img decoding=\"async\" class=\"swiper-slide-image\" src=\"https:\/\/conceptsk2.com\/notreileverte-test\/wp-content\/uploads\/2024\/04\/IMG_6179-1230x767.webp\" alt=\"IMG_6179\" \/><\/figure><\/div><div class=\"swiper-slide\" role=\"group\" aria-roledescription=\"slide\" aria-label=\"3 of 10\"><figure class=\"swiper-slide-inner\"><img decoding=\"async\" class=\"swiper-slide-image\" src=\"https:\/\/conceptsk2.com\/notreileverte-test\/wp-content\/uploads\/2024\/04\/Oiseau.4-1230x767.webp\" alt=\"Oiseau.4\" \/><\/figure><\/div><div class=\"swiper-slide\" role=\"group\" aria-roledescription=\"slide\" aria-label=\"4 of 10\"><figure class=\"swiper-slide-inner\"><img decoding=\"async\" class=\"swiper-slide-image\" src=\"https:\/\/conceptsk2.com\/notreileverte-test\/wp-content\/uploads\/2024\/04\/Oiseau.8-1230x767.webp\" alt=\"Oiseau.8\" \/><\/figure><\/div><div class=\"swiper-slide\" role=\"group\" aria-roledescription=\"slide\" aria-label=\"5 of 10\"><figure class=\"swiper-slide-inner\"><img decoding=\"async\" class=\"swiper-slide-image\" src=\"https:\/\/conceptsk2.com\/notreileverte-test\/wp-content\/uploads\/2024\/04\/Oiseau.9-1230x767.webp\" alt=\"Oiseau.9\" \/><\/figure><\/div><div class=\"swiper-slide\" role=\"group\" aria-roledescription=\"slide\" aria-label=\"6 of 10\"><figure class=\"swiper-slide-inner\"><img decoding=\"async\" class=\"swiper-slide-image\" src=\"https:\/\/conceptsk2.com\/notreileverte-test\/wp-content\/uploads\/2024\/04\/Oiseau.7-1-1230x767.webp\" alt=\"Oiseau.7\" \/><\/figure><\/div><div class=\"swiper-slide\" role=\"group\" aria-roledescription=\"slide\" aria-label=\"7 of 10\"><figure class=\"swiper-slide-inner\"><img decoding=\"async\" class=\"swiper-slide-image\" src=\"https:\/\/conceptsk2.com\/notreileverte-test\/wp-content\/uploads\/2024\/04\/Oiseau.1-1-1230x767.webp\" alt=\"Oiseau.1\" \/><\/figure><\/div><div class=\"swiper-slide\" role=\"group\" aria-roledescription=\"slide\" aria-label=\"8 of 10\"><figure class=\"swiper-slide-inner\"><img decoding=\"async\" class=\"swiper-slide-image\" src=\"https:\/\/conceptsk2.com\/notreileverte-test\/wp-content\/uploads\/2024\/04\/Oiseau.3-1230x767.webp\" alt=\"Oiseau.3\" \/><\/figure><\/div><div class=\"swiper-slide\" role=\"group\" aria-roledescription=\"slide\" aria-label=\"9 of 10\"><figure class=\"swiper-slide-inner\"><img decoding=\"async\" class=\"swiper-slide-image\" src=\"https:\/\/conceptsk2.com\/notreileverte-test\/wp-content\/uploads\/2024\/04\/Oiseau.5-1230x767.webp\" alt=\"Oiseau.5\" \/><\/figure><\/div><div class=\"swiper-slide\" role=\"group\" aria-roledescription=\"slide\" aria-label=\"10 of 10\"><figure class=\"swiper-slide-inner\"><img decoding=\"async\" class=\"swiper-slide-image\" src=\"https:\/\/conceptsk2.com\/notreileverte-test\/wp-content\/uploads\/2024\/04\/Oiseau.2-1230x767.webp\" alt=\"Oiseau.2\" \/><\/figure><\/div>\t\t\t<\/div>\n\t\t\t\t\t\t\t\t\t\t\t\t<div class=\"elementor-swiper-button elementor-swiper-button-prev\" role=\"button\" tabindex=\"0\">\n\t\t\t\t\t\t<i aria-hidden=\"true\" class=\"eicon-chevron-left\"><\/i>\t\t\t\t\t<\/div>\n\t\t\t\t\t<div class=\"elementor-swiper-button elementor-swiper-button-next\" role=\"button\" tabindex=\"0\">\n\t\t\t\t\t\t<i aria-hidden=\"true\" class=\"eicon-chevron-right\"><\/i>\t\t\t\t\t<\/div>\n\t\t\t\t\n\t\t\t\t\t\t\t\t\t<div class=\"swiper-pagination\"><\/div>\n\t\t\t\t\t\t\t\t\t<\/div>\n\t\t\t\t<\/div>\n\t\t\t\t<\/div>\n\t\t\t\t\t<\/div>\n\t\t<\/div>\n\t\t\t\t\t<\/div>\n\t\t<\/section>\n\t\t\t\t<section class=\"elementor-section elementor-top-section elementor-element elementor-element-74d16a0 elementor-section-boxed elementor-section-height-default elementor-section-height-default\" data-id=\"74d16a0\" data-element_type=\"section\">\n\t\t\t\t\t\t<div class=\"elementor-container elementor-column-gap-no\">\n\t\t\t\t\t<div class=\"elementor-column elementor-col-100 elementor-top-column elementor-element elementor-element-7896ae7 sc_layouts_column_icons_position_left\" data-id=\"7896ae7\" data-element_type=\"column\">\n\t\t\t<div class=\"elementor-widget-wrap elementor-element-populated\">\n\t\t\t\t\t\t<div class=\"elementor-element elementor-element-b717597 sc_fly_static elementor-widget elementor-widget-spacer\" data-id=\"b717597\" data-element_type=\"widget\" data-widget_type=\"spacer.default\">\n\t\t\t\t<div class=\"elementor-widget-container\">\n\t\t\t\t\t<div class=\"elementor-spacer\">\n\t\t\t<div class=\"elementor-spacer-inner\"><\/div>\n\t\t<\/div>\n\t\t\t\t<\/div>\n\t\t\t\t<\/div>\n\t\t\t\t\t<\/div>\n\t\t<\/div>\n\t\t\t\t\t<\/div>\n\t\t<\/section>\n\t\t\t\t<section class=\"elementor-section elementor-top-section elementor-element elementor-element-4ed31c9 elementor-section-stretched elementor-section-boxed elementor-section-height-default elementor-section-height-default\" data-id=\"4ed31c9\" data-element_type=\"section\" data-settings=\"{&quot;background_background&quot;:&quot;classic&quot;,&quot;stretch_section&quot;:&quot;section-stretched&quot;}\">\n\t\t\t\t\t\t\t<div class=\"elementor-background-overlay\"><\/div>\n\t\t\t\t\t\t\t<div class=\"elementor-container elementor-column-gap-extended\">\n\t\t\t\t\t<div class=\"elementor-column elementor-col-100 elementor-top-column elementor-element elementor-element-86bf865 sc_layouts_column_icons_position_left\" data-id=\"86bf865\" data-element_type=\"column\">\n\t\t\t<div class=\"elementor-widget-wrap elementor-element-populated\">\n\t\t\t\t\t\t<div class=\"elementor-element elementor-element-3afc383 sc_fly_static elementor-widget elementor-widget-spacer\" data-id=\"3afc383\" data-element_type=\"widget\" data-widget_type=\"spacer.default\">\n\t\t\t\t<div class=\"elementor-widget-container\">\n\t\t\t\t\t<div class=\"elementor-spacer\">\n\t\t\t<div class=\"elementor-spacer-inner\"><\/div>\n\t\t<\/div>\n\t\t\t\t<\/div>\n\t\t\t\t<\/div>\n\t\t\t\t<div class=\"elementor-element elementor-element-fe34213 scheme_dark sc_fly_static elementor-widget elementor-widget-trx_sc_title\" data-id=\"fe34213\" data-element_type=\"widget\" data-widget_type=\"trx_sc_title.default\">\n\t\t\t\t<div class=\"elementor-widget-container\">\n\t\t\t<div id=\"trx_sc_title_37674310\"\r\n\t\tclass=\"sc_title scheme_dark sc_title_accent\"><h2 class=\"sc_item_title sc_title_title sc_item_title_style_accent sc_item_title_tag\"><span class=\"sc_item_title_text\">La vie sauvage de l'ile Verte<\/span><\/h2><\/div><!-- \/.sc_title -->\t\t<\/div>\n\t\t\t\t<\/div>\n\t\t\t\t<div class=\"elementor-element elementor-element-76bee7f sc_fly_static elementor-widget elementor-widget-spacer\" data-id=\"76bee7f\" data-element_type=\"widget\" data-widget_type=\"spacer.default\">\n\t\t\t\t<div class=\"elementor-widget-container\">\n\t\t\t\t\t<div class=\"elementor-spacer\">\n\t\t\t<div class=\"elementor-spacer-inner\"><\/div>\n\t\t<\/div>\n\t\t\t\t<\/div>\n\t\t\t\t<\/div>\n\t\t\t\t<div class=\"elementor-element elementor-element-f72f3be scheme_default sc_fly_static elementor-invisible elementor-widget elementor-widget-trx_sc_icons\" data-id=\"f72f3be\" data-element_type=\"widget\" data-settings=\"{&quot;_animation&quot;:&quot;fadeInUp&quot;}\" data-widget_type=\"trx_sc_icons.default\">\n\t\t\t\t<div class=\"elementor-widget-container\">\n\t\t\t<div id=\"trx_sc_icons_1163359917\" \n\tclass=\"sc_icons sc_icons_iconed sc_icons_size_small sc_align_left\"><div class=\"sc_icons_columns_wrap sc_item_columns trx_addons_columns_wrap columns_padding_bottom\"><div class=\"trx_addons_column-1_3\"><div class=\"sc_icons_item\"  style=\"background: #ffffff\"><div class=\"sc_icons_icon sc_icon_type_ icon-world-map\" style=\"color: #FFC20E\"><span class=\"sc_icon_type_ icon-world-map\" style=\"color: #FFC20E\"><\/span><\/div><div class=\"sc_icons_item_details\"><h6 class=\"sc_icons_item_title\"><span>Mammif\u00e8res terrestres<\/span><\/h6><div class=\"sc_icons_item_description\"><span>Bien que ce soient les oiseaux et la vie marine qui font sa renomm\u00e9e, l\u2019ile Verte h\u00e9berge plusieurs mammif\u00e8res terrestres. L'orignal et le chevreuil ont \u00e9lu domicile \u00e0 l'ile et on trouve \u00e9galement des coyotes, des renards et des li\u00e8vres. M\u00eame des lynx et un p\u00e9kan ont \u00e9t\u00e9 vus \u00e0 l\u2019ile !<\/span><\/div><\/div><\/div><\/div><div class=\"trx_addons_column-1_3\"><div class=\"sc_icons_item\"  style=\"background: #ffffff\"><div class=\"sc_icons_icon sc_icon_type_ icon-feather\" style=\"color: #FFC20E\"><span class=\"sc_icon_type_ icon-feather\" style=\"color: #FFC20E\"><\/span><\/div><div class=\"sc_icons_item_details\"><h6 class=\"sc_icons_item_title\"><span>Oiseaux migrateurs et nicheurs<\/span><\/h6><div class=\"sc_icons_item_description\"><span>En outre, les Eiders \u00e0 duvet, qui nichent sur les iles voisines (id\u00e9alement inhabit\u00e9es et o\u00f9 il y a peu de pr\u00e9dateurs terrestres), viennent se nourrir \u00e0 l'ile Verte et y \u00e9l\u00e8vent leur couv\u00e9e. Les oiseaux migrateurs, dont les oies des neiges, y font escale. Gr\u00e2ce \u00e0 ses marais, battures et plages, l'ile attire les canards noirs, les grands h\u00e9rons et plusieurs oiseaux de rivages. La for\u00eat de l'ile abrite la G\u00e9linotte hupp\u00e9e et le T\u00e9tras du Canada.<\/span><\/div><\/div><\/div><\/div><div class=\"trx_addons_column-1_3\"><div class=\"sc_icons_item\"  style=\"background: #ffffff\"><div class=\"sc_icons_icon sc_icon_type_ icon-air\" style=\"color: #FFC20E\"><span class=\"sc_icon_type_ icon-air\" style=\"color: #FFC20E\"><\/span><\/div><div class=\"sc_icons_item_details\"><h6 class=\"sc_icons_item_title\"><span>Vie marine diversifi\u00e9e<\/span><\/h6><div class=\"sc_icons_item_description\"><span>La vie marine y est diversifi\u00e9e et abondante. \u00c0 partir de l'ile, il est possible d'observer le b\u00e9luga, le marsouin commun, le petit rorqual, le rorqual commun, le rorqual \u00e0 bosse et le rorqual bleu. On peut m\u00eame entendre le souffle des baleines et le hurlement des \u00ab loups de mer \u00bb, c'est-\u00e0-dire des phoques communs et des phoques gris. Quant aux amphibiens et reptiles, on trouve trois esp\u00e8ces : la couleuvre ray\u00e9e, la grenouille \u00e0 bois et la salamandre \u00e0 points bleus.<\/span><\/div><\/div><\/div><\/div><\/div><\/div><!-- \/.sc_icons -->\t\t<\/div>\n\t\t\t\t<\/div>\n\t\t\t\t<div class=\"elementor-element elementor-element-3ca786d sc_fly_static elementor-widget elementor-widget-spacer\" data-id=\"3ca786d\" data-element_type=\"widget\" data-widget_type=\"spacer.default\">\n\t\t\t\t<div class=\"elementor-widget-container\">\n\t\t\t\t\t<div class=\"elementor-spacer\">\n\t\t\t<div class=\"elementor-spacer-inner\"><\/div>\n\t\t<\/div>\n\t\t\t\t<\/div>\n\t\t\t\t<\/div>\n\t\t\t\t\t<\/div>\n\t\t<\/div>\n\t\t\t\t\t<\/div>\n\t\t<\/section>\n\t\t\t\t<section class=\"elementor-section elementor-top-section elementor-element elementor-element-5f0024f sc_layouts_hide_on_mobile elementor-section-boxed elementor-section-height-default elementor-section-height-default\" data-id=\"5f0024f\" data-element_type=\"section\">\n\t\t\t\t\t\t<div class=\"elementor-container elementor-column-gap-extended\">\n\t\t\t\t\t<div class=\"elementor-column elementor-col-100 elementor-top-column elementor-element elementor-element-a1a276a sc_layouts_column_icons_position_left\" data-id=\"a1a276a\" data-element_type=\"column\">\n\t\t\t<div class=\"elementor-widget-wrap elementor-element-populated\">\n\t\t\t\t\t\t<div class=\"elementor-element elementor-element-fd073de sc_fly_static elementor-widget elementor-widget-spacer\" data-id=\"fd073de\" data-element_type=\"widget\" data-widget_type=\"spacer.default\">\n\t\t\t\t<div class=\"elementor-widget-container\">\n\t\t\t\t\t<div class=\"elementor-spacer\">\n\t\t\t<div class=\"elementor-spacer-inner\"><\/div>\n\t\t<\/div>\n\t\t\t\t<\/div>\n\t\t\t\t<\/div>\n\t\t\t\t\t<\/div>\n\t\t<\/div>\n\t\t\t\t\t<\/div>\n\t\t<\/section>\n\t\t\t\t<\/div>\n\t\t","protected":false},"excerpt":{"rendered":"<p>Faune L&rsquo;ile Verte abrite des mammif\u00e8res terrestres notables tels que l&rsquo;orignal et le chevreuil, qui vivent en harmonie sur l&rsquo;ile. Les oiseaux sont omnipr\u00e9sents sur l&rsquo;ile et les eaux environnantes regorgent de vie&hellip;<\/p>\n","protected":false},"author":2,"featured_media":8027,"parent":0,"menu_order":0,"comment_status":"closed","ping_status":"closed","template":"","meta":{"footnotes":""},"class_list":["post-7011","page","type-page","status-publish","has-post-thumbnail","hentry"],"_links":{"self":[{"href":"https:\/\/conceptsk2.com\/notreileverte-test\/wp-json\/wp\/v2\/pages\/7011","targetHints":{"allow":["GET"]}}],"collection":[{"href":"https:\/\/conceptsk2.com\/notreileverte-test\/wp-json\/wp\/v2\/pages"}],"about":[{"href":"https:\/\/conceptsk2.com\/notreileverte-test\/wp-json\/wp\/v2\/types\/page"}],"author":[{"embeddable":true,"href":"https:\/\/conceptsk2.com\/notreileverte-test\/wp-json\/wp\/v2\/users\/2"}],"replies":[{"embeddable":true,"href":"https:\/\/conceptsk2.com\/notreileverte-test\/wp-json\/wp\/v2\/comments?post=7011"}],"version-history":[{"count":76,"href":"https:\/\/conceptsk2.com\/notreileverte-test\/wp-json\/wp\/v2\/pages\/7011\/revisions"}],"predecessor-version":[{"id":8621,"href":"https:\/\/conceptsk2.com\/notreileverte-test\/wp-json\/wp\/v2\/pages\/7011\/revisions\/8621"}],"wp:featuredmedia":[{"embeddable":true,"href":"https:\/\/conceptsk2.com\/notreileverte-test\/wp-json\/wp\/v2\/media\/8027"}],"wp:attachment":[{"href":"https:\/\/conceptsk2.com\/notreileverte-test\/wp-json\/wp\/v2\/media?parent=7011"}],"curies":[{"name":"wp","href":"https:\/\/api.w.org\/{rel}","templated":true}]}}