{"id":7154,"date":"2024-04-16T10:42:42","date_gmt":"2024-04-16T14:42:42","guid":{"rendered":"https:\/\/conceptsk2.com\/notreileverte-test\/?page_id=7154"},"modified":"2024-06-14T15:17:49","modified_gmt":"2024-06-14T19:17:49","slug":"devenez-membre","status":"publish","type":"page","link":"https:\/\/conceptsk2.com\/notreileverte-test\/devenez-membre\/","title":{"rendered":"Devenez membre"},"content":{"rendered":"\t\t<div data-elementor-type=\"wp-post\" data-elementor-id=\"7154\" class=\"elementor elementor-7154\" data-elementor-post-type=\"page\">\n\t\t\t\t\t\t<section class=\"elementor-section elementor-top-section elementor-element elementor-element-d570b7e elementor-section-boxed elementor-section-height-default elementor-section-height-default\" data-id=\"d570b7e\" data-element_type=\"section\">\n\t\t\t\t\t\t<div class=\"elementor-container elementor-column-gap-no\">\n\t\t\t\t\t<div class=\"elementor-column elementor-col-100 elementor-top-column elementor-element elementor-element-282fad6 sc_layouts_column_icons_position_left\" data-id=\"282fad6\" data-element_type=\"column\">\n\t\t\t<div class=\"elementor-widget-wrap elementor-element-populated\">\n\t\t\t\t\t\t<div class=\"elementor-element elementor-element-bcd2b88 sc_fly_static elementor-widget elementor-widget-spacer\" data-id=\"bcd2b88\" data-element_type=\"widget\" data-widget_type=\"spacer.default\">\n\t\t\t\t<div class=\"elementor-widget-container\">\n\t\t\t\t\t<div class=\"elementor-spacer\">\n\t\t\t<div class=\"elementor-spacer-inner\"><\/div>\n\t\t<\/div>\n\t\t\t\t<\/div>\n\t\t\t\t<\/div>\n\t\t\t\t\t<\/div>\n\t\t<\/div>\n\t\t\t\t\t<\/div>\n\t\t<\/section>\n\t\t\t\t<section class=\"elementor-section elementor-top-section elementor-element elementor-element-638974a elementor-section-content-top elementor-section-boxed elementor-section-height-default elementor-section-height-default\" data-id=\"638974a\" data-element_type=\"section\" data-settings=\"{&quot;background_background&quot;:&quot;classic&quot;}\">\n\t\t\t\t\t\t<div class=\"elementor-container elementor-column-gap-extended\">\n\t\t\t\t\t<div class=\"elementor-column elementor-col-50 elementor-top-column elementor-element elementor-element-444de90 sc_layouts_column_icons_position_left elementor-invisible\" data-id=\"444de90\" data-element_type=\"column\" data-settings=\"{&quot;animation&quot;:&quot;fadeInLeft&quot;}\">\n\t\t\t<div class=\"elementor-widget-wrap elementor-element-populated\">\n\t\t\t\t\t\t<div class=\"elementor-element elementor-element-15eec26 sc_fly_static elementor-widget elementor-widget-trx_sc_promo\" data-id=\"15eec26\" data-element_type=\"widget\" data-widget_type=\"trx_sc_promo.default\">\n\t\t\t\t<div class=\"elementor-widget-container\">\n\t\t\t<div  id=\"trx_sc_promo_643566026\" \n\tclass=\"sc_promo sc_promo_preview sc_promo_size_normal sc_promo_image_position_left\"><div class=\"sc_promo_image\" style=\"background-image:url(\/\/conceptsk2.com\/notreileverte-test\/wp-content\/uploads\/2024\/04\/mechoui3001.webp);width:100%;left: 0;height:405px;\"><\/div><!-- \/.sc_promo_image --><div class=\"sc_promo_text\" style=\"float: right; \">\n\t\t\t<div class=\"sc_promo_text_inner trx_addons_inline_924899056\">\n                                \t\t\t\t<\/div>\n\t\t<\/div><!-- \/.sc_promo_text --><\/div><!-- \/.sc_promo -->\t\t<\/div>\n\t\t\t\t<\/div>\n\t\t\t\t\t<\/div>\n\t\t<\/div>\n\t\t\t\t<div class=\"elementor-column elementor-col-50 elementor-top-column elementor-element elementor-element-292aa4f sc_layouts_column_icons_position_left elementor-invisible\" data-id=\"292aa4f\" data-element_type=\"column\" data-settings=\"{&quot;animation&quot;:&quot;fadeInRight&quot;}\">\n\t\t\t<div class=\"elementor-widget-wrap elementor-element-populated\">\n\t\t\t\t\t\t<div class=\"elementor-element elementor-element-1610f85 sc_fly_static elementor-widget elementor-widget-spacer\" data-id=\"1610f85\" data-element_type=\"widget\" data-widget_type=\"spacer.default\">\n\t\t\t\t<div class=\"elementor-widget-container\">\n\t\t\t\t\t<div class=\"elementor-spacer\">\n\t\t\t<div class=\"elementor-spacer-inner\"><\/div>\n\t\t<\/div>\n\t\t\t\t<\/div>\n\t\t\t\t<\/div>\n\t\t\t\t<div class=\"elementor-element elementor-element-565db4d sc_fly_static elementor-widget elementor-widget-trx_sc_title\" data-id=\"565db4d\" data-element_type=\"widget\" data-widget_type=\"trx_sc_title.default\">\n\t\t\t\t<div class=\"elementor-widget-container\">\n\t\t\t<div id=\"trx_sc_title_314067531\"\r\n\t\tclass=\"sc_title sc_title_default\"><span class=\"sc_item_subtitle sc_title_subtitle sc_item_subtitle_above sc_item_title_style_default\">Devenir membre<\/span><h5 class=\"sc_item_title sc_title_title sc_item_title_style_default sc_item_title_tag\"><span class=\"sc_item_title_text\">Conditions d'adh\u00e9sion aux membres r\u00e9guliers<\/span><\/h5><div class=\"sc_item_descr sc_title_descr\"><p>Toute personne peut devenir membre r\u00e9gulier en adressant une demande \u00e0 l'organisme, pourvu que cette personne souhaite promouvoir les objectifs de l'organisme et \u00e0 respecter ses r\u00e8glements, et que sa demande d'adh\u00e9sion soit accept\u00e9e par les administrateurs.<\/p>\n<\/div><\/div><!-- \/.sc_title -->\t\t<\/div>\n\t\t\t\t<\/div>\n\t\t\t\t\t<\/div>\n\t\t<\/div>\n\t\t\t\t\t<\/div>\n\t\t<\/section>\n\t\t\t\t<section class=\"elementor-section elementor-top-section elementor-element elementor-element-9adefc2 elementor-section-boxed elementor-section-height-default elementor-section-height-default\" data-id=\"9adefc2\" data-element_type=\"section\" data-settings=\"{&quot;background_background&quot;:&quot;classic&quot;}\">\n\t\t\t\t\t\t<div class=\"elementor-container elementor-column-gap-extended\">\n\t\t\t\t\t<div class=\"elementor-column elementor-col-50 elementor-top-column elementor-element elementor-element-e3327b6 sc_layouts_column_icons_position_left\" data-id=\"e3327b6\" data-element_type=\"column\">\n\t\t\t<div class=\"elementor-widget-wrap elementor-element-populated\">\n\t\t\t\t\t\t<div class=\"elementor-element elementor-element-af9c080 sc_fly_static elementor-widget elementor-widget-spacer\" data-id=\"af9c080\" data-element_type=\"widget\" data-widget_type=\"spacer.default\">\n\t\t\t\t<div class=\"elementor-widget-container\">\n\t\t\t\t\t<div class=\"elementor-spacer\">\n\t\t\t<div class=\"elementor-spacer-inner\"><\/div>\n\t\t<\/div>\n\t\t\t\t<\/div>\n\t\t\t\t<\/div>\n\t\t\t\t<div class=\"elementor-element elementor-element-e4152d7 sc_fly_static elementor-widget elementor-widget-text-editor\" data-id=\"e4152d7\" data-element_type=\"widget\" data-widget_type=\"text-editor.default\">\n\t\t\t\t<div class=\"elementor-widget-container\">\n\t\t\t\t\t\t\t<p>Pour devenir membre, voir<a href=\"https:\/\/forms.office.com\/r\/7gZpZLUaGv\"> le formulaire d&rsquo;adh\u00e9sion en ligne<\/a> .<\/p><p>Vous pouvez aussi remplir le formulaire d\u2019adh\u00e9sion par la poste et nous l\u2019envoyer \u00e0 l\u2019adresse suivante :<br \/><em>Secr\u00e9taire<\/em><br \/><em>Regroupement pour la p\u00e9rennit\u00e9 de l\u2019ile Verte<\/em><br \/><em>507-30, rue d\u2019Ambre<\/em><br \/><em>Candiac, Qc<\/em><br \/><em>J5R 0S3<\/em><\/p>\t\t\t\t\t\t<\/div>\n\t\t\t\t<\/div>\n\t\t\t\t<div class=\"elementor-element elementor-element-158a942 sc_fly_static elementor-widget elementor-widget-spacer\" data-id=\"158a942\" data-element_type=\"widget\" data-widget_type=\"spacer.default\">\n\t\t\t\t<div class=\"elementor-widget-container\">\n\t\t\t\t\t<div class=\"elementor-spacer\">\n\t\t\t<div class=\"elementor-spacer-inner\"><\/div>\n\t\t<\/div>\n\t\t\t\t<\/div>\n\t\t\t\t<\/div>\n\t\t\t\t\t<\/div>\n\t\t<\/div>\n\t\t\t\t<div class=\"elementor-column elementor-col-50 elementor-top-column elementor-element elementor-element-ee583df sc_layouts_column_icons_position_left\" data-id=\"ee583df\" data-element_type=\"column\">\n\t\t\t<div class=\"elementor-widget-wrap elementor-element-populated\">\n\t\t\t\t\t\t<div class=\"elementor-element elementor-element-ec78d25 sc_fly_static elementor-widget elementor-widget-trx_sc_button\" data-id=\"ec78d25\" data-element_type=\"widget\" data-widget_type=\"trx_sc_button.default\">\n\t\t\t\t<div class=\"elementor-widget-container\">\n\t\t\t<div class=\"sc_item_button sc_button_wrap sc_align_center\"><a href=\"https:\/\/forms.office.com\/pages\/responsepage.aspx?id=C2347h9cBEqgy-cgKj7j_VNlrB2IPRdFpfjxK6XlxEFUOUYwMlU2UkRSWEFDNEFMOE5YRk4wWldPQSQlQCN0PWcu\" id=\"trx_sc_button_986785196\" class=\"sc_button sc_button_default sc_button_size_normal sc_button_icon_left\" target=\"_blank\"><span class=\"sc_button_text\"><span class=\"sc_button_title\">Formulaire d&#039;adh\u00e9sion en ligne<\/span><\/span><!-- \/.sc_button_text --><\/a><!-- \/.sc_button --><\/div><!-- \/.sc_item_button -->\t\t<\/div>\n\t\t\t\t<\/div>\n\t\t\t\t<div class=\"elementor-element elementor-element-696b9b3 sc_fly_static elementor-widget elementor-widget-trx_sc_button\" data-id=\"696b9b3\" data-element_type=\"widget\" data-widget_type=\"trx_sc_button.default\">\n\t\t\t\t<div class=\"elementor-widget-container\">\n\t\t\t<div class=\"sc_item_button sc_button_wrap sc_align_center\"><a href=\"\/wp-content\/uploads\/2024\/05\/rpiv-formulaire-adhesion.pdf\" id=\"trx_sc_button_2095715708\" class=\"sc_button sc_button_default sc_button_size_normal sc_button_icon_left\" target=\"_blank\"><span class=\"sc_button_text\"><span class=\"sc_button_title\">Formulaire d&#039;adh\u00e9sion par la poste<\/span><\/span><!-- \/.sc_button_text --><\/a><!-- \/.sc_button --><\/div><!-- \/.sc_item_button -->\t\t<\/div>\n\t\t\t\t<\/div>\n\t\t\t\t\t<\/div>\n\t\t<\/div>\n\t\t\t\t\t<\/div>\n\t\t<\/section>\n\t\t\t\t<\/div>\n\t\t","protected":false},"excerpt":{"rendered":"<p>Devenir membre Conditions d&rsquo;adh\u00e9sion aux membres r\u00e9guliers Toute personne peut devenir membre r\u00e9gulier en adressant une demande \u00e0 l&rsquo;organisme, pourvu que cette personne souhaite promouvoir les objectifs de l&rsquo;organisme et \u00e0 respecter ses&hellip;<\/p>\n","protected":false},"author":2,"featured_media":8073,"parent":0,"menu_order":0,"comment_status":"closed","ping_status":"closed","template":"","meta":{"footnotes":""},"class_list":["post-7154","page","type-page","status-publish","has-post-thumbnail","hentry"],"_links":{"self":[{"href":"https:\/\/conceptsk2.com\/notreileverte-test\/wp-json\/wp\/v2\/pages\/7154","targetHints":{"allow":["GET"]}}],"collection":[{"href":"https:\/\/conceptsk2.com\/notreileverte-test\/wp-json\/wp\/v2\/pages"}],"about":[{"href":"https:\/\/conceptsk2.com\/notreileverte-test\/wp-json\/wp\/v2\/types\/page"}],"author":[{"embeddable":true,"href":"https:\/\/conceptsk2.com\/notreileverte-test\/wp-json\/wp\/v2\/users\/2"}],"replies":[{"embeddable":true,"href":"https:\/\/conceptsk2.com\/notreileverte-test\/wp-json\/wp\/v2\/comments?post=7154"}],"version-history":[{"count":58,"href":"https:\/\/conceptsk2.com\/notreileverte-test\/wp-json\/wp\/v2\/pages\/7154\/revisions"}],"predecessor-version":[{"id":8689,"href":"https:\/\/conceptsk2.com\/notreileverte-test\/wp-json\/wp\/v2\/pages\/7154\/revisions\/8689"}],"wp:featuredmedia":[{"embeddable":true,"href":"https:\/\/conceptsk2.com\/notreileverte-test\/wp-json\/wp\/v2\/media\/8073"}],"wp:attachment":[{"href":"https:\/\/conceptsk2.com\/notreileverte-test\/wp-json\/wp\/v2\/media?parent=7154"}],"curies":[{"name":"wp","href":"https:\/\/api.w.org\/{rel}","templated":true}]}}