{"id":1397,"date":"2017-10-18T08:46:22","date_gmt":"2017-10-18T08:46:22","guid":{"rendered":"http:\/\/ninzio.com\/fundrize\/?page_id=1397"},"modified":"2025-03-04T20:43:42","modified_gmt":"2025-03-04T20:43:42","slug":"accueil","status":"publish","type":"page","link":"https:\/\/conceptsk2.com\/rosedunord-dev\/","title":{"rendered":"Accueil"},"content":{"rendered":"<div class=\"wpb-content-wrapper\"><p>[vc_row][vc_column][vc_single_image image=\u00a0\u00bb3479&Prime; alignment=\u00a0\u00bbcenter\u00a0\u00bb][\/vc_column][\/vc_row][vc_row][vc_column]\r\n\t<div class=\"wprt-spacer clearfix\" data-desktop=\"50\" data-mobi=\"30\" data-smobi=\"30\"><\/div><div class=\"wprt-headings clearfix text-center\"  style=\"\"><h1 class=\"heading clearfix\" style=\"\">\r\n\t\tROSE du Nord\r\n\t<\/h1><p class=\"sub-heading clearfix\" style=\"font-style:normal;font-weight:600;color:#942c61;font-size:20px;\">\r\n\t\tLe Regroupement des femmes sans emploi du Nord de Qu\u00e9bec\r\n\t<\/p><\/div>\r\n\t<div class=\"wprt-spacer clearfix\" data-desktop=\"50\" data-mobi=\"30\" data-smobi=\"30\"><\/div>[vc_row_inner][vc_column_inner width=\u00a0\u00bb1\/2&Prime;][vc_single_image image=\u00a0\u00bb3480&Prime;][\/vc_column_inner][vc_column_inner width=\u00a0\u00bb1\/2&Prime;]\r\n\t<div class=\"wprt-spacer clearfix\" data-desktop=\"50\" data-mobi=\"30\" data-smobi=\"30\"><\/div>[vc_column_text]<\/p>\n<p style=\"font-size: 20px; text-align: left;\">Tu as des questions sur l\u2019aide sociale?<\/p>\n<p style=\"font-size: 20px; text-align: left;\">Tu es une femme qui veut agir pour une soci\u00e9t\u00e9 plus juste?<\/p>\n<p style=\"font-size: 20px; text-align: left;\">Viens nous voir pour t\u2019impliquer \u00e0 ROSE du Nord.<\/p>\n<p style=\"font-size: 20px; text-align: left;\"><span style=\"color: #942c61; font-size: 20px; font-weight: 600;\">Bienvenue \u00e0 toutes!<\/span><\/p>\n<p>[\/vc_column_text][\/vc_column_inner][\/vc_row_inner]\r\n\t<div class=\"wprt-spacer clearfix\" data-desktop=\"100\" data-mobi=\"60\" data-smobi=\"60\"><\/div>[vc_row_inner][vc_column_inner]\r\n\t<div class=\"wprt-spacer clearfix\" data-desktop=\"30\" data-mobi=\"0\" data-smobi=\"0\"><\/div>[\/vc_column_inner][\/vc_row_inner][\/vc_column][\/vc_row][vc_row full_width=\u00a0\u00bbstretch_row_content_no_spaces\u00a0\u00bb css=\u00a0\u00bb.vc_custom_1508074153215{background-color: #f5f5f5 !important;}\u00a0\u00bb][vc_column width=\u00a0\u00bb1\/2&Prime; css=\u00a0\u00bb.vc_custom_1560518742344{background-position: center !important;background-repeat: no-repeat !important;background-size: cover !important;}\u00a0\u00bb][vc_gmaps link=\u00a0\u00bb#E-8_JTNDaWZyYW1lJTIwc3JjJTNEJTIyaHR0cHMlM0ElMkYlMkZ3d3cuZ29vZ2xlLmNvbSUyRm1hcHMlMkZlbWJlZCUzRnBiJTNEJTIxMW0xOCUyMTFtMTIlMjExbTMlMjExZDI3MjguMjkxMzUwODc1NzkyNCUyMTJkLTcxLjI2NTEyMjc4NDE4MTg2JTIxM2Q0Ni44NTc2Mzg1NDc0MDU5MDUlMjEybTMlMjExZjAlMjEyZjAlMjEzZjAlMjEzbTIlMjExaTEwMjQlMjEyaTc2OCUyMTRmMTMuMSUyMTNtMyUyMTFtMiUyMTFzMHg0Y2I4YmQ2ZjIzNWRhZGNkJTI1M0EweDUwNzMwMTg2NjZlODI0MGMlMjEyczE3NyUyQjcxZSUyQlJ1ZSUyQkUlMjUyQyUyQlF1JTI1QzMlMjVBOWJlYyUyNTJDJTJCUUMlMkJHMUglMkIxTDQlMjE1ZTAlMjEzbTIlMjExc2ZyJTIxMnNjYSUyMTR2MTU2MDUxODY3Mjg1MyUyMTVtMiUyMTFzZnIlMjEyc2NhJTIyJTIwd2lkdGglM0QlMjI2MDAlMjIlMjBoZWlnaHQlM0QlMjI4MDAlMjIlMjBmcmFtZWJvcmRlciUzRCUyMjAlMjIlMjBzdHlsZSUzRCUyMmJvcmRlciUzQTAlMjIlMjBhbGxvd2Z1bGxzY3JlZW4lM0UlM0MlMkZpZnJhbWUlM0U=\u00a0\u00bb css=\u00a0\u00bb\u00a0\u00bb][\/vc_column][vc_column width=\u00a0\u00bb1\/2&Prime;]<div class=\"wprt-content-box clearfix \" data-margin=\"11% 13% 11% 13%\" data-mobimargin=\"7% 7% 7% 7%\">\r\n\t\t<div class=\"inner\" style=\"\">\r\n\t\t\t<div class=\"wprt-headings clearfix \"  style=\"\"><h2 class=\"heading clearfix\" style=\"margin-bottom:7px;\">\r\n\t\tCoordonn\u00e9es\r\n\t<\/h2><p class=\"sub-heading clearfix\" style=\"font-style:normal;font-weight:600;color:#942c61;font-size:20px;line-height:32px;margin-bottom:23px;\">\r\n\t\tRegroupement des femmes sans emploi du nord de Qu\u00e9bec\r\n\t<\/p><\/div><div class=\"wprt-icon-box clearfix icon-left w50 accent-bg align-left  has-width\"><div class=\"icon-wrap\" style=\"font-size:22px;\">\r\n\t\t\t\t<i class=\"entypo-icon entypo-icon-location\"><\/i>\r\n\t\t\t<\/div> <h3 class=\"heading\" style=\"padding-left:75px;font-size:18px;margin-top:5px;margin-bottom:7px;\">\r\n\t\t<a target=\"_blank\" href=\"\">\r\n\t\t\t<span>Adresse<\/span>\r\n\t\t<\/a>\r\n\t<\/h3><p class=\"desc\" style=\"padding-left:75px;\">\r\n\t\t<span>177, 71e rue Est<br \/>\nQu\u00e9bec (Qc), G1H 1L4<\/span>\r\n\t<\/p><\/div><div class=\"wprt-icon-box clearfix icon-left w50 accent-bg align-left  has-width\"><div class=\"icon-wrap\" style=\"font-size:22px;\">\r\n\t\t\t\t<i class=\"entypo-icon entypo-icon-phone\"><\/i>\r\n\t\t\t<\/div> <h3 class=\"heading\" style=\"padding-left:75px;font-size:18px;margin-top:5px;margin-bottom:7px;\">\r\n\t\t<a target=\"_blank\" href=\"\">\r\n\t\t\t<span>T\u00e9l\u00e9phone<\/span>\r\n\t\t<\/a>\r\n\t<\/h3><p class=\"desc\" style=\"padding-left:75px;\">\r\n\t\t<span>418-622-2620<\/span>\r\n\t<\/p><\/div><div class=\"wprt-icon-box clearfix icon-left w50 accent-bg align-left  has-width\"><div class=\"icon-wrap\" style=\"font-size:22px;\">\r\n\t\t\t\t<i class=\"entypo-icon entypo-icon-print\"><\/i>\r\n\t\t\t<\/div> <h3 class=\"heading\" style=\"padding-left:75px;font-size:18px;margin-top:5px;margin-bottom:7px;\">\r\n\t\t<a target=\"_blank\" href=\"\">\r\n\t\t\t<span>T\u00e9l\u00e9copieur<\/span>\r\n\t\t<\/a>\r\n\t<\/h3><p class=\"desc\" style=\"padding-left:75px;\">\r\n\t\t<span>418-622-2621<\/span>\r\n\t<\/p><\/div><div class=\"wprt-icon-box clearfix icon-left w50 accent-bg align-left  has-width\"><div class=\"icon-wrap\" style=\"font-size:22px;\">\r\n\t\t\t\t<i class=\"entypo-icon entypo-icon-mail\"><\/i>\r\n\t\t\t<\/div> <h3 class=\"heading\" style=\"padding-left:75px;font-size:18px;margin-top:5px;margin-bottom:7px;\">\r\n\t\t<a target=\"_blank\" href=\"\">\r\n\t\t\t<span>Courriel<\/span>\r\n\t\t<\/a>\r\n\t<\/h3><p class=\"desc\" style=\"padding-left:75px;\">\r\n\t\t<span>administration@rosedunord.net<br \/>aidesociale@rosedunord.net<br \/>luttesfeministes@rosedunord.net<br \/>info@rosedunord.net<\/span>\r\n\t<\/p><\/div><div class=\"wprt-icon-box clearfix icon-left w50 accent-bg align-left  has-width\"><div class=\"icon-wrap\" style=\"font-size:22px;\">\r\n\t\t\t\t<i class=\"vc-oi vc-oi-lock-open\"><\/i>\r\n\t\t\t<\/div> <h3 class=\"heading\" style=\"padding-left:75px;font-size:18px;margin-top:5px;\">\r\n\t\t<a target=\"_blank\" href=\"\">\r\n\t\t\t<span>Responsable de la protection des renseignements personnels&nbsp;:<\/span>\r\n\t\t<\/a>\r\n\t<\/h3><p class=\"desc\" style=\"padding-left:75px;\">\r\n\t\t<span>Val\u00e9riane Drouin, militante salari\u00e9e \u00e0 la co-coordination et \u00e0 l'administration, joignable aux coordonn\u00e9es ci-dessus.<\/span>\r\n\t<\/p><\/div><div class=\"wprt-list clearfix icon-left icon-middle\">\r\n\t\t<div style=\"padding:;margin-bottom:10px;background-color:#f8f8f8;\">\r\n\t\t\t<span style=\"padding-left:30px;\"><span class=\"icon \">\r\n\t\t\t<i class=\"\" style=\"\"><\/i>\r\n\t\t<\/span> <\/span>\r\n\t\t<\/div>\r\n\t<\/div>\n\r\n\t\t<\/div>\r\n\t<\/div>[\/vc_column][\/vc_row][vc_row full_width=\u00a0\u00bbstretch_row\u00a0\u00bb disable_element=\u00a0\u00bbyes\u00a0\u00bb css=\u00a0\u00bb.vc_custom_1582035657952{background-color: #942c61 !important;}\u00a0\u00bb][vc_column width=\u00a0\u00bb1\/2&Prime;]\r\n\t<div class=\"wprt-spacer clearfix\" data-desktop=\"30\" data-mobi=\"50\" data-smobi=\"50\"><\/div><div class=\"wprt-icon clearfix outline\" style=\"display: block; text-align:center;\"><span class=\"icon \" style=\"font-size:50px;width:60px;height:60px;color:#ffffff;border-style:solid;border-width:2px;line-height:56px;\" ><i class=\"fa fa-clock-o\"><\/i><\/span><\/div>[vc_column_text el_class=\u00a0\u00bbhoraire-autobus\u00a0\u00bb]<\/p>\n<h2 style=\"text-align: center;\">Heures d\u2019ouverture<\/h2>\n<p style=\"text-align: center;\">Du lundi au jeudi<br \/>\nde 9h00 \u00e0 16h00[\/vc_column_text]\r\n\t<div class=\"wprt-spacer clearfix\" data-desktop=\"40\" data-mobi=\"50\" data-smobi=\"50\"><\/div>[\/vc_column][vc_column width=\u00a0\u00bb1\/2&Prime;]\r\n\t<div class=\"wprt-spacer clearfix\" data-desktop=\"30\" data-mobi=\"50\" data-smobi=\"50\"><\/div><div class=\"wprt-icon clearfix outline\" style=\"display: block; text-align:center;\"><span class=\"icon \" style=\"font-size:50px;width:60px;height:60px;color:#ffffff;border-style:solid;border-width:2px;line-height:56px;\" ><i class=\"fa fa-bus\"><\/i><\/span><\/div>[vc_column_text el_class=\u00a0\u00bbhoraire-autobus\u00a0\u00bb]<\/p>\n<h2 style=\"text-align: center;\">Trajets de bus :<\/h2>\n<p style=\"text-align: center;\">M\u00e9trobus 801, arr\u00eat 70e rue.<br \/>\nAutres lignes d\u2019autobus \u00e0 cet arr\u00eat : 330, 331, 530, 931<br \/>\nAutres trajets, arr\u00eat 70e rue : 36, 133, 136.[\/vc_column_text]\r\n\t<div class=\"wprt-spacer clearfix\" data-desktop=\"40\" data-mobi=\"50\" data-smobi=\"50\"><\/div>[\/vc_column][\/vc_row][vc_row full_width=\u00a0\u00bbstretch_row\u00a0\u00bb css=\u00a0\u00bb.vc_custom_1582035647685{background-color: #942c61 !important;}\u00a0\u00bb][vc_column width=\u00a0\u00bb1\/3&Prime;]\r\n\t<div class=\"wprt-spacer clearfix\" data-desktop=\"30\" data-mobi=\"50\" data-smobi=\"50\"><\/div><div class=\"wprt-icon clearfix outline\" style=\"display: block; text-align:center;\"><span class=\"icon \" style=\"font-size:50px;width:60px;height:60px;color:#ffffff;border-style:solid;border-width:2px;line-height:56px;\" ><i class=\"fa fa-bus\"><\/i><\/span><\/div>[vc_column_text el_class=\u00a0\u00bbhoraire-autobus\u00a0\u00bb]<\/p>\n<h2 style=\"text-align: center;\">Trajets de bus<\/h2>\n<p style=\"text-align: center;\">M\u00e9trobus 801, arr\u00eat 70e rue.<br \/>\nAutres lignes d\u2019autobus \u00e0 cet arr\u00eat :<br \/>\n330, 331, 530, 931<br \/>\nAutres trajets, arr\u00eat 70e rue :<br \/>\n36, 133, 136.[\/vc_column_text]\r\n\t<div class=\"wprt-spacer clearfix\" data-desktop=\"40\" data-mobi=\"50\" data-smobi=\"50\"><\/div>[\/vc_column][vc_column width=\u00a0\u00bb1\/3&Prime;]\r\n\t<div class=\"wprt-spacer clearfix\" data-desktop=\"30\" data-mobi=\"50\" data-smobi=\"50\"><\/div><div class=\"wprt-icon clearfix outline\" style=\"display: block; text-align:center;\"><span class=\"icon \" style=\"font-size:50px;width:60px;height:60px;color:#ffffff;border-style:solid;border-width:2px;line-height:56px;\" ><i class=\"fa fa-clock-o\"><\/i><\/span><\/div>[vc_column_text el_class=\u00a0\u00bbhoraire-autobus\u00a0\u00bb]<\/p>\n<h2 style=\"text-align: center;\">Heures d\u2019ouverture<\/h2>\n<p style=\"text-align: center;\">Du lundi au jeudi<br \/>\nde 9h00 \u00e0 16h00[\/vc_column_text]\r\n\t<div class=\"wprt-spacer clearfix\" data-desktop=\"40\" data-mobi=\"50\" data-smobi=\"50\"><\/div>[\/vc_column][vc_column width=\u00a0\u00bb1\/3&Prime; css=\u00a0\u00bb.vc_custom_1581971513005{padding-right: 10px !important;padding-left: 10px !important;}\u00a0\u00bb]\r\n\t<div class=\"wprt-spacer clearfix\" data-desktop=\"30\" data-mobi=\"50\" data-smobi=\"50\"><\/div><div class=\"wprt-icon clearfix outline\" style=\"display: block; text-align:center;\"><span class=\"icon \" style=\"font-size:50px;width:60px;height:60px;color:#ffffff;border-style:solid;border-width:2px;line-height:56px;\" ><i class=\"fa fa-envelope-open-o\"><\/i><\/span><\/div>[vc_column_text css=\u00a0\u00bb.vc_custom_1581972197663{margin-bottom: 20px !important;}\u00a0\u00bb el_class=\u00a0\u00bbhoraire-autobus\u00a0\u00bb]<\/p>\n<h2 style=\"text-align: center;\">S&rsquo;inscrire \u00e0 l&rsquo;infolettre<\/h2>\n<p>[\/vc_column_text][vc_raw_html]JTVCbWM0d3BfZm9ybSUyMGlkJTNEJTIyMTgyNyUyMiU1RA==[\/vc_raw_html]\r\n\t<div class=\"wprt-spacer clearfix\" data-desktop=\"40\" data-mobi=\"50\" data-smobi=\"50\"><\/div>[\/vc_column][\/vc_row][vc_row content_placement=\u00a0\u00bbmiddle\u00a0\u00bb][vc_column]\r\n\t<div class=\"wprt-spacer clearfix\" data-desktop=\"80\" data-mobi=\"50\" data-smobi=\"50\"><\/div><div class=\"wprt-headings clearfix text-center\"  style=\"\"><h2 class=\"heading clearfix\" style=\"margin-bottom:7px;\">\r\n\t\tNos Contributeurs\r\n\t<\/h2><\/div>\r\n\t<div class=\"wprt-spacer clearfix\" data-desktop=\"50\" data-mobi=\"50\" data-smobi=\"50\"><\/div>[vc_row_inner content_placement=\u00a0\u00bbmiddle\u00a0\u00bb][vc_column_inner width=\u00a0\u00bb1\/3&Prime;][vc_single_image image=\u00a0\u00bb2264&Prime; img_size=\u00a0\u00bb\u00a0\u00bb alignment=\u00a0\u00bbcenter\u00a0\u00bb]\r\n\t<div class=\"wprt-spacer clearfix\" data-desktop=\"50\" data-mobi=\"50\" data-smobi=\"50\"><\/div>[\/vc_column_inner][vc_column_inner width=\u00a0\u00bb1\/3&Prime;][vc_single_image image=\u00a0\u00bb2265&Prime; img_size=\u00a0\u00bb\u00a0\u00bb alignment=\u00a0\u00bbcenter\u00a0\u00bb]\r\n\t<div class=\"wprt-spacer clearfix\" data-desktop=\"50\" data-mobi=\"50\" data-smobi=\"50\"><\/div>[\/vc_column_inner][vc_column_inner width=\u00a0\u00bb1\/3&Prime; css=\u00a0\u00bb.vc_custom_1741102231601{margin-top: -30px !important;padding-top: 0px !important;}\u00a0\u00bb][vc_single_image image=\u00a0\u00bb3913&Prime; img_size=\u00a0\u00bb\u00a0\u00bb alignment=\u00a0\u00bbcenter\u00a0\u00bb css=\u00a0\u00bb\u00a0\u00bb][\/vc_column_inner][\/vc_row_inner][\/vc_column][\/vc_row][vc_row][vc_column]\r\n\t<div class=\"wprt-spacer clearfix\" data-desktop=\"50\" data-mobi=\"0\" data-smobi=\"0\"><\/div>[\/vc_column][\/vc_row]<\/p>\n<\/div>","protected":false},"excerpt":{"rendered":"<p>[vc_row][vc_column][vc_single_image image=\u00a0\u00bb3479&Prime; alignment=\u00a0\u00bbcenter\u00a0\u00bb][\/vc_column][\/vc_row][vc_row][vc_column][vc_row_inner][vc_column_inner width=\u00a0\u00bb1\/2&Prime;][vc_single_image image=\u00a0\u00bb3480&Prime;][\/vc_column_inner][vc_column_inner width=\u00a0\u00bb1\/2&Prime;][vc_column_text] Tu as des questions sur l\u2019aide sociale? Tu es une femme qui veut agir pour une soci\u00e9t\u00e9 plus juste? Viens nous voir pour t\u2019impliquer \u00e0 ROSE du Nord. Bienvenue \u00e0 toutes! [\/vc_column_text][\/vc_column_inner][\/vc_row_inner][vc_row_inner][vc_column_inner][\/vc_column_inner][\/vc_row_inner][\/vc_column][\/vc_row][vc_row full_width=\u00a0\u00bbstretch_row_content_no_spaces\u00a0\u00bb css=\u00a0\u00bb.vc_custom_1508074153215{background-color: #f5f5f5 !important;}\u00a0\u00bb][vc_column width=\u00a0\u00bb1\/2&Prime; css=\u00a0\u00bb.vc_custom_1560518742344{background-position: center !important;background-repeat: no-repeat !important;background-size: cover !important;}\u00a0\u00bb][vc_gmaps link=\u00a0\u00bb#E-8_JTNDaWZyYW1lJTIwc3JjJTNEJTIyaHR0cHMlM0ElMkYlMkZ3d3cuZ29vZ2xlLmNvbSUyRm1hcHMlMkZlbWJlZCUzRnBiJTNEJTIxMW0xOCUyMTFtMTIlMjExbTMlMjExZDI3MjguMjkxMzUwODc1NzkyNCUyMTJkLTcxLjI2NTEyMjc4NDE4MTg2JTIxM2Q0Ni44NTc2Mzg1NDc0MDU5MDUlMjEybTMlMjExZjAlMjEyZjAlMjEzZjAlMjEzbTIlMjExaTEwMjQlMjEyaTc2OCUyMTRmMTMuMSUyMTNtMyUyMTFtMiUyMTFzMHg0Y2I4YmQ2ZjIzNWRhZGNkJTI1M0EweDUwNzMwMTg2NjZlODI0MGMlMjEyczE3NyUyQjcxZSUyQlJ1ZSUyQkUlMjUyQyUyQlF1JTI1QzMlMjVBOWJlYyUyNTJDJTJCUUMlMkJHMUglMkIxTDQlMjE1ZTAlMjEzbTIlMjExc2ZyJTIxMnNjYSUyMTR2MTU2MDUxODY3Mjg1MyUyMTVtMiUyMTFzZnIlMjEyc2NhJTIyJTIwd2lkdGglM0QlMjI2MDAlMjIlMjBoZWlnaHQlM0QlMjI4MDAlMjIlMjBmcmFtZWJvcmRlciUzRCUyMjAlMjIlMjBzdHlsZSUzRCUyMmJvcmRlciUzQTAlMjIlMjBhbGxvd2Z1bGxzY3JlZW4lM0UlM0MlMkZpZnJhbWUlM0U=\u00a0\u00bb css=\u00a0\u00bb\u00a0\u00bb][\/vc_column][vc_column width=\u00a0\u00bb1\/2&Prime;][\/vc_column][\/vc_row][vc_row full_width=\u00a0\u00bbstretch_row\u00a0\u00bb disable_element=\u00a0\u00bbyes\u00a0\u00bb&hellip;<\/p>\n","protected":false},"author":1,"featured_media":0,"parent":0,"menu_order":0,"comment_status":"closed","ping_status":"closed","template":"","meta":{"_acf_changed":false,"footnotes":""},"class_list":["post-1397","page","type-page","status-publish","hentry"],"acf":[],"yoast_head":"<!-- This site is optimized with the Yoast SEO plugin v24.7 - https:\/\/yoast.com\/wordpress\/plugins\/seo\/ -->\n<title>Accueil - ROSE du Nord<\/title>\n<meta name=\"robots\" content=\"noindex, follow, max-snippet:-1, max-image-preview:large, max-video-preview:-1\" \/>\n<meta property=\"og:locale\" content=\"fr_FR\" \/>\n<meta property=\"og:type\" content=\"article\" \/>\n<meta property=\"og:title\" content=\"Accueil - ROSE du Nord\" \/>\n<meta property=\"og:description\" content=\"[vc_row][vc_column][vc_single_image image=\u00a0\u00bb3479&Prime; alignment=\u00a0\u00bbcenter\u00a0\u00bb][\/vc_column][\/vc_row][vc_row][vc_column][vc_row_inner][vc_column_inner width=\u00a0\u00bb1\/2&Prime;][vc_single_image image=\u00a0\u00bb3480&Prime;][\/vc_column_inner][vc_column_inner width=\u00a0\u00bb1\/2&Prime;][vc_column_text] Tu as des questions sur l\u2019aide sociale? Tu es une femme qui veut agir pour une soci\u00e9t\u00e9 plus juste? Viens nous voir pour t\u2019impliquer \u00e0 ROSE du Nord. Bienvenue \u00e0 toutes! [\/vc_column_text][\/vc_column_inner][\/vc_row_inner][vc_row_inner][vc_column_inner][\/vc_column_inner][\/vc_row_inner][\/vc_column][\/vc_row][vc_row full_width=\u00a0\u00bbstretch_row_content_no_spaces\u00a0\u00bb css=\u00a0\u00bb.vc_custom_1508074153215{background-color: #f5f5f5 !important;}\u00a0\u00bb][vc_column width=\u00a0\u00bb1\/2&Prime; css=\u00a0\u00bb.vc_custom_1560518742344{background-position: center !important;background-repeat: no-repeat !important;background-size: cover !important;}\u00a0\u00bb][vc_gmaps link=\u00a0\u00bb#E-8_JTNDaWZyYW1lJTIwc3JjJTNEJTIyaHR0cHMlM0ElMkYlMkZ3d3cuZ29vZ2xlLmNvbSUyRm1hcHMlMkZlbWJlZCUzRnBiJTNEJTIxMW0xOCUyMTFtMTIlMjExbTMlMjExZDI3MjguMjkxMzUwODc1NzkyNCUyMTJkLTcxLjI2NTEyMjc4NDE4MTg2JTIxM2Q0Ni44NTc2Mzg1NDc0MDU5MDUlMjEybTMlMjExZjAlMjEyZjAlMjEzZjAlMjEzbTIlMjExaTEwMjQlMjEyaTc2OCUyMTRmMTMuMSUyMTNtMyUyMTFtMiUyMTFzMHg0Y2I4YmQ2ZjIzNWRhZGNkJTI1M0EweDUwNzMwMTg2NjZlODI0MGMlMjEyczE3NyUyQjcxZSUyQlJ1ZSUyQkUlMjUyQyUyQlF1JTI1QzMlMjVBOWJlYyUyNTJDJTJCUUMlMkJHMUglMkIxTDQlMjE1ZTAlMjEzbTIlMjExc2ZyJTIxMnNjYSUyMTR2MTU2MDUxODY3Mjg1MyUyMTVtMiUyMTFzZnIlMjEyc2NhJTIyJTIwd2lkdGglM0QlMjI2MDAlMjIlMjBoZWlnaHQlM0QlMjI4MDAlMjIlMjBmcmFtZWJvcmRlciUzRCUyMjAlMjIlMjBzdHlsZSUzRCUyMmJvcmRlciUzQTAlMjIlMjBhbGxvd2Z1bGxzY3JlZW4lM0UlM0MlMkZpZnJhbWUlM0U=\u00a0\u00bb css=\u00a0\u00bb\u00a0\u00bb][\/vc_column][vc_column width=\u00a0\u00bb1\/2&Prime;][\/vc_column][\/vc_row][vc_row full_width=\u00a0\u00bbstretch_row\u00a0\u00bb disable_element=\u00a0\u00bbyes\u00a0\u00bb&hellip;\" \/>\n<meta property=\"og:url\" content=\"https:\/\/conceptsk2.com\/rosedunord-dev\/\" \/>\n<meta property=\"og:site_name\" content=\"ROSE du Nord\" \/>\n<meta property=\"article:modified_time\" content=\"2025-03-04T20:43:42+00:00\" \/>\n<meta property=\"og:image\" content=\"https:\/\/conceptsk2.com\/rosedunord-dev\/wp-content\/uploads\/2021\/12\/Offre-finale.png\" \/>\n\t<meta property=\"og:image:width\" content=\"1640\" \/>\n\t<meta property=\"og:image:height\" content=\"924\" \/>\n\t<meta property=\"og:image:type\" content=\"image\/png\" \/>\n<meta name=\"twitter:card\" content=\"summary_large_image\" \/>\n<meta name=\"twitter:label1\" content=\"Dur\u00e9e de lecture estim\u00e9e\" \/>\n\t<meta name=\"twitter:data1\" content=\"3 minutes\" \/>\n<script type=\"application\/ld+json\" class=\"yoast-schema-graph\">{\"@context\":\"https:\/\/schema.org\",\"@graph\":[{\"@type\":\"WebPage\",\"@id\":\"https:\/\/conceptsk2.com\/rosedunord-dev\/\",\"url\":\"https:\/\/conceptsk2.com\/rosedunord-dev\/\",\"name\":\"Accueil - ROSE du Nord\",\"isPartOf\":{\"@id\":\"https:\/\/conceptsk2.com\/rosedunord-dev\/#website\"},\"datePublished\":\"2017-10-18T08:46:22+00:00\",\"dateModified\":\"2025-03-04T20:43:42+00:00\",\"breadcrumb\":{\"@id\":\"https:\/\/conceptsk2.com\/rosedunord-dev\/#breadcrumb\"},\"inLanguage\":\"fr-FR\",\"potentialAction\":[{\"@type\":\"ReadAction\",\"target\":[\"https:\/\/conceptsk2.com\/rosedunord-dev\/\"]}]},{\"@type\":\"BreadcrumbList\",\"@id\":\"https:\/\/conceptsk2.com\/rosedunord-dev\/#breadcrumb\",\"itemListElement\":[{\"@type\":\"ListItem\",\"position\":1,\"name\":\"Accueil\",\"item\":\"https:\/\/conceptsk2.com\/rosedunord-dev\/\"},{\"@type\":\"ListItem\",\"position\":2,\"name\":\"Accueil\"}]},{\"@type\":\"WebSite\",\"@id\":\"https:\/\/conceptsk2.com\/rosedunord-dev\/#website\",\"url\":\"https:\/\/conceptsk2.com\/rosedunord-dev\/\",\"name\":\"ROSE du Nord\",\"description\":\"Le Regroupement des femmes sans emploi du Nord de Qu\u00e9bec\",\"publisher\":{\"@id\":\"https:\/\/conceptsk2.com\/rosedunord-dev\/#organization\"},\"potentialAction\":[{\"@type\":\"SearchAction\",\"target\":{\"@type\":\"EntryPoint\",\"urlTemplate\":\"https:\/\/conceptsk2.com\/rosedunord-dev\/?s={search_term_string}\"},\"query-input\":{\"@type\":\"PropertyValueSpecification\",\"valueRequired\":true,\"valueName\":\"search_term_string\"}}],\"inLanguage\":\"fr-FR\"},{\"@type\":\"Organization\",\"@id\":\"https:\/\/conceptsk2.com\/rosedunord-dev\/#organization\",\"name\":\"ROSE du Nord\",\"url\":\"https:\/\/conceptsk2.com\/rosedunord-dev\/\",\"logo\":{\"@type\":\"ImageObject\",\"inLanguage\":\"fr-FR\",\"@id\":\"https:\/\/conceptsk2.com\/rosedunord-dev\/#\/schema\/logo\/image\/\",\"url\":\"\",\"contentUrl\":\"\",\"caption\":\"ROSE du Nord\"},\"image\":{\"@id\":\"https:\/\/conceptsk2.com\/rosedunord-dev\/#\/schema\/logo\/image\/\"}}]}<\/script>\n<!-- \/ Yoast SEO plugin. -->","yoast_head_json":{"title":"Accueil - ROSE du Nord","robots":{"index":"noindex","follow":"follow","max-snippet":"max-snippet:-1","max-image-preview":"max-image-preview:large","max-video-preview":"max-video-preview:-1"},"og_locale":"fr_FR","og_type":"article","og_title":"Accueil - ROSE du Nord","og_description":"[vc_row][vc_column][vc_single_image image=\u00a0\u00bb3479&Prime; alignment=\u00a0\u00bbcenter\u00a0\u00bb][\/vc_column][\/vc_row][vc_row][vc_column][vc_row_inner][vc_column_inner width=\u00a0\u00bb1\/2&Prime;][vc_single_image image=\u00a0\u00bb3480&Prime;][\/vc_column_inner][vc_column_inner width=\u00a0\u00bb1\/2&Prime;][vc_column_text] Tu as des questions sur l\u2019aide sociale? Tu es une femme qui veut agir pour une soci\u00e9t\u00e9 plus juste? Viens nous voir pour t\u2019impliquer \u00e0 ROSE du Nord. Bienvenue \u00e0 toutes! [\/vc_column_text][\/vc_column_inner][\/vc_row_inner][vc_row_inner][vc_column_inner][\/vc_column_inner][\/vc_row_inner][\/vc_column][\/vc_row][vc_row full_width=\u00a0\u00bbstretch_row_content_no_spaces\u00a0\u00bb css=\u00a0\u00bb.vc_custom_1508074153215{background-color: #f5f5f5 !important;}\u00a0\u00bb][vc_column width=\u00a0\u00bb1\/2&Prime; css=\u00a0\u00bb.vc_custom_1560518742344{background-position: center !important;background-repeat: no-repeat !important;background-size: cover !important;}\u00a0\u00bb][vc_gmaps link=\u00a0\u00bb#E-8_JTNDaWZyYW1lJTIwc3JjJTNEJTIyaHR0cHMlM0ElMkYlMkZ3d3cuZ29vZ2xlLmNvbSUyRm1hcHMlMkZlbWJlZCUzRnBiJTNEJTIxMW0xOCUyMTFtMTIlMjExbTMlMjExZDI3MjguMjkxMzUwODc1NzkyNCUyMTJkLTcxLjI2NTEyMjc4NDE4MTg2JTIxM2Q0Ni44NTc2Mzg1NDc0MDU5MDUlMjEybTMlMjExZjAlMjEyZjAlMjEzZjAlMjEzbTIlMjExaTEwMjQlMjEyaTc2OCUyMTRmMTMuMSUyMTNtMyUyMTFtMiUyMTFzMHg0Y2I4YmQ2ZjIzNWRhZGNkJTI1M0EweDUwNzMwMTg2NjZlODI0MGMlMjEyczE3NyUyQjcxZSUyQlJ1ZSUyQkUlMjUyQyUyQlF1JTI1QzMlMjVBOWJlYyUyNTJDJTJCUUMlMkJHMUglMkIxTDQlMjE1ZTAlMjEzbTIlMjExc2ZyJTIxMnNjYSUyMTR2MTU2MDUxODY3Mjg1MyUyMTVtMiUyMTFzZnIlMjEyc2NhJTIyJTIwd2lkdGglM0QlMjI2MDAlMjIlMjBoZWlnaHQlM0QlMjI4MDAlMjIlMjBmcmFtZWJvcmRlciUzRCUyMjAlMjIlMjBzdHlsZSUzRCUyMmJvcmRlciUzQTAlMjIlMjBhbGxvd2Z1bGxzY3JlZW4lM0UlM0MlMkZpZnJhbWUlM0U=\u00a0\u00bb css=\u00a0\u00bb\u00a0\u00bb][\/vc_column][vc_column width=\u00a0\u00bb1\/2&Prime;][\/vc_column][\/vc_row][vc_row full_width=\u00a0\u00bbstretch_row\u00a0\u00bb disable_element=\u00a0\u00bbyes\u00a0\u00bb&hellip;","og_url":"https:\/\/conceptsk2.com\/rosedunord-dev\/","og_site_name":"ROSE du Nord","article_modified_time":"2025-03-04T20:43:42+00:00","og_image":[{"width":1640,"height":924,"url":"https:\/\/conceptsk2.com\/rosedunord-dev\/wp-content\/uploads\/2021\/12\/Offre-finale.png","type":"image\/png"}],"twitter_card":"summary_large_image","twitter_misc":{"Dur\u00e9e de lecture estim\u00e9e":"3 minutes"},"schema":{"@context":"https:\/\/schema.org","@graph":[{"@type":"WebPage","@id":"https:\/\/conceptsk2.com\/rosedunord-dev\/","url":"https:\/\/conceptsk2.com\/rosedunord-dev\/","name":"Accueil - ROSE du Nord","isPartOf":{"@id":"https:\/\/conceptsk2.com\/rosedunord-dev\/#website"},"datePublished":"2017-10-18T08:46:22+00:00","dateModified":"2025-03-04T20:43:42+00:00","breadcrumb":{"@id":"https:\/\/conceptsk2.com\/rosedunord-dev\/#breadcrumb"},"inLanguage":"fr-FR","potentialAction":[{"@type":"ReadAction","target":["https:\/\/conceptsk2.com\/rosedunord-dev\/"]}]},{"@type":"BreadcrumbList","@id":"https:\/\/conceptsk2.com\/rosedunord-dev\/#breadcrumb","itemListElement":[{"@type":"ListItem","position":1,"name":"Accueil","item":"https:\/\/conceptsk2.com\/rosedunord-dev\/"},{"@type":"ListItem","position":2,"name":"Accueil"}]},{"@type":"WebSite","@id":"https:\/\/conceptsk2.com\/rosedunord-dev\/#website","url":"https:\/\/conceptsk2.com\/rosedunord-dev\/","name":"ROSE du Nord","description":"Le Regroupement des femmes sans emploi du Nord de Qu\u00e9bec","publisher":{"@id":"https:\/\/conceptsk2.com\/rosedunord-dev\/#organization"},"potentialAction":[{"@type":"SearchAction","target":{"@type":"EntryPoint","urlTemplate":"https:\/\/conceptsk2.com\/rosedunord-dev\/?s={search_term_string}"},"query-input":{"@type":"PropertyValueSpecification","valueRequired":true,"valueName":"search_term_string"}}],"inLanguage":"fr-FR"},{"@type":"Organization","@id":"https:\/\/conceptsk2.com\/rosedunord-dev\/#organization","name":"ROSE du Nord","url":"https:\/\/conceptsk2.com\/rosedunord-dev\/","logo":{"@type":"ImageObject","inLanguage":"fr-FR","@id":"https:\/\/conceptsk2.com\/rosedunord-dev\/#\/schema\/logo\/image\/","url":"","contentUrl":"","caption":"ROSE du Nord"},"image":{"@id":"https:\/\/conceptsk2.com\/rosedunord-dev\/#\/schema\/logo\/image\/"}}]}},"_links":{"self":[{"href":"https:\/\/conceptsk2.com\/rosedunord-dev\/wp-json\/wp\/v2\/pages\/1397","targetHints":{"allow":["GET"]}}],"collection":[{"href":"https:\/\/conceptsk2.com\/rosedunord-dev\/wp-json\/wp\/v2\/pages"}],"about":[{"href":"https:\/\/conceptsk2.com\/rosedunord-dev\/wp-json\/wp\/v2\/types\/page"}],"author":[{"embeddable":true,"href":"https:\/\/conceptsk2.com\/rosedunord-dev\/wp-json\/wp\/v2\/users\/1"}],"replies":[{"embeddable":true,"href":"https:\/\/conceptsk2.com\/rosedunord-dev\/wp-json\/wp\/v2\/comments?post=1397"}],"version-history":[{"count":150,"href":"https:\/\/conceptsk2.com\/rosedunord-dev\/wp-json\/wp\/v2\/pages\/1397\/revisions"}],"predecessor-version":[{"id":3921,"href":"https:\/\/conceptsk2.com\/rosedunord-dev\/wp-json\/wp\/v2\/pages\/1397\/revisions\/3921"}],"wp:attachment":[{"href":"https:\/\/conceptsk2.com\/rosedunord-dev\/wp-json\/wp\/v2\/media?parent=1397"}],"curies":[{"name":"wp","href":"https:\/\/api.w.org\/{rel}","templated":true}]}}