{"id":2145,"date":"2019-05-28T13:30:05","date_gmt":"2019-05-28T13:30:05","guid":{"rendered":"https:\/\/conceptsk2.com\/rosedunord-dev\/?page_id=2145"},"modified":"2025-03-05T21:45:31","modified_gmt":"2025-03-05T21:45:31","slug":"activites","status":"publish","type":"page","link":"https:\/\/conceptsk2.com\/rosedunord-dev\/activites\/","title":{"rendered":"Activit\u00e9s"},"content":{"rendered":"<div class=\"wpb-content-wrapper\"><p>[vc_row][vc_column]<div class=\"wprt-headings clearfix text-center\"  style=\"\"><h2 class=\"heading clearfix\" style=\"margin-bottom:30px;\">\r\n\t\tCalendrier des activit\u00e9s\r\n\t<\/h2><\/div><div class=\"wprt-lines clearfix center\" style=\"height: 2px;margin-top:20px;margin-bottom:40px;\">\r\n\t\t<div class=\"line-1\" style=\"height:2px; width: 70px; background-color: ; margin-left: -35px; margin-top: -1px\"><\/div>\r\n\t\t<div class=\"line-2\" style=\"height:2px; width: 170px; background-color: ; margin-left: -85px; margin-top: -1px\"><\/div>\r\n\t<\/div>[vc_single_image image=\u00a0\u00bb3866&Prime; img_size=\u00a0\u00bblarge\u00a0\u00bb alignment=\u00a0\u00bbcenter\u00a0\u00bb][vc_single_image image=\u00a0\u00bb3829&Prime; img_size=\u00a0\u00bblarge\u00a0\u00bb alignment=\u00a0\u00bbcenter\u00a0\u00bb][vc_single_image image=\u00a0\u00bb3799&Prime; alignment=\u00a0\u00bbcenter\u00a0\u00bb]\r\n\t<div class=\"wprt-spacer clearfix\" data-desktop=\"0\" data-mobi=\"0\" data-smobi=\"0\"><\/div>[\/vc_column][\/vc_row][vc_row el_id=\u00a0\u00bbcomites\u00a0\u00bb][vc_column]\r\n\t<div class=\"wprt-spacer clearfix\" data-desktop=\"80\" data-mobi=\"80\" data-smobi=\"80\"><\/div><div class=\"wprt-headings clearfix text-center\"  style=\"\"><h2 class=\"heading clearfix\" style=\"\">\r\n\t\tComit\u00e9s\r\n\t<\/h2><\/div><div class=\"wprt-lines clearfix center\" style=\"height: 2px;margin-top:20px;margin-bottom:40px;\">\r\n\t\t<div class=\"line-1\" style=\"height:2px; width: 70px; background-color: ; margin-left: -35px; margin-top: -1px\"><\/div>\r\n\t\t<div class=\"line-2\" style=\"height:2px; width: 170px; background-color: ; margin-left: -85px; margin-top: -1px\"><\/div>\r\n\t<\/div>[\/vc_column][\/vc_row][vc_row][vc_column][vc_basic_grid post_type=\u00a0\u00bbpost\u00a0\u00bb max_items=\u00a0\u00bb12&Prime; orderby=\u00a0\u00bbmenu_order\u00a0\u00bb order=\u00a0\u00bbASC\u00a0\u00bb item=\u00a0\u00bb2343&Prime; grid_id=\u00a0\u00bbvc_gid:1741205574233-5c7951a1068e03bfc285227a08539750-9&Prime; taxonomies=\u00a0\u00bb52&Prime; el_class=\u00a0\u00bbcomites\u00a0\u00bb]\r\n\t<div class=\"wprt-spacer clearfix\" data-desktop=\"60\" data-mobi=\"60\" data-smobi=\"60\"><\/div>[\/vc_column][\/vc_row][vc_row el_id=\u00a0\u00bbequipe\u00a0\u00bb][vc_column]\r\n\t<div class=\"wprt-spacer clearfix\" data-desktop=\"60\" data-mobi=\"60\" data-smobi=\"60\"><\/div><div class=\"wprt-headings clearfix text-center\"  style=\"\"><h2 class=\"heading clearfix\" style=\"\">\r\n\t\t\u00c9quipe de travail\r\n\t<\/h2><\/div><div class=\"wprt-lines clearfix center\" style=\"height: 2px;margin-top:20px;margin-bottom:40px;\">\r\n\t\t<div class=\"line-1\" style=\"height:2px; width: 70px; background-color: ; margin-left: -35px; margin-top: -1px\"><\/div>\r\n\t\t<div class=\"line-2\" style=\"height:2px; width: 170px; background-color: ; margin-left: -85px; margin-top: -1px\"><\/div>\r\n\t<\/div>[vc_column_text css=\u00a0\u00bb.vc_custom_1730226963182{padding-right: 15% !important;padding-left: 15% !important;}\u00a0\u00bb]<\/p>\n<p style=\"text-align: center;\"><em>RO<\/em><em>SE du Nord <\/em>est un collectif de travail compos\u00e9 de 5 militantes salari\u00e9es permanentes qui partagent la gestion quotidienne de l\u2019organisme. Elles ont chacune un volet d\u2019intervention sp\u00e9cifique.<\/p>\n<p>[\/vc_column_text][vc_row_inner equal_height=\u00a0\u00bbyes\u00a0\u00bb content_placement=\u00a0\u00bbmiddle\u00a0\u00bb][vc_column_inner width=\u00a0\u00bb1\/2&Prime;][vc_single_image image=\u00a0\u00bb3833&Prime; img_size=\u00a0\u00bbmedium\u00a0\u00bb alignment=\u00a0\u00bbcenter\u00a0\u00bb]<div class=\"wprt-headings clearfix text-center\"  style=\"\"><h4 class=\"heading clearfix\" style=\"margin-top:20px;\">\r\n\t\tFanny Cantin\r\n\t<\/h4><p class=\"sub-heading clearfix\" style=\"font-style:normal;font-weight:600;color:#942c61;\">\r\n\t\tVolet co-coordination et aide sociale\r\n\t<\/p><\/div>[vc_column_text]Fanny est en remplacement de Marielle Bouchard pour une dur\u00e9e ind\u00e9termin\u00e9e. Elle travaille concernant tout ce qui entoure l&rsquo;aide sociale; la tenue des formations Info-Droits, l&rsquo;accompagnement individualis\u00e9e ainsi que la coordination du comit\u00e9 loi![\/vc_column_text][vc_single_image image=\u00a0\u00bb3461&Prime; img_size=\u00a0\u00bbmedium\u00a0\u00bb alignment=\u00a0\u00bbcenter\u00a0\u00bb]<div class=\"wprt-headings clearfix text-center\"  style=\"\"><h4 class=\"heading clearfix\" style=\"margin-top:20px;\">\r\n\t\tMarielle Bouchard\r\n\t<\/h4><p class=\"sub-heading clearfix\" style=\"font-style:normal;font-weight:600;color:#942c61;\">\r\n\t\tVolet co-coordination et aide sociale\r\n\t<\/p><\/div>[vc_column_text]<\/p>\n<p style=\"text-align: center;\">Si vous avez des questions concernant la loi d\u2019aide sociale, Marielle saura vous informer! En plus d\u2019\u00eatre notre r\u00e9f\u00e9rence pour les suivis individuels en d\u00e9fense des droits des femmes assist\u00e9es sociales, elle est en charge des luttes collectives concernant ces\u00a0 enjeux.<\/p>\n<p>[\/vc_column_text]\r\n\t<div class=\"wprt-spacer clearfix\" data-desktop=\"0\" data-mobi=\"0\" data-smobi=\"0\"><\/div>\r\n\t<div class=\"wprt-spacer clearfix\" data-desktop=\"0\" data-mobi=\"0\" data-smobi=\"0\"><\/div>[\/vc_column_inner][vc_column_inner width=\u00a0\u00bb1\/2&Prime;][vc_single_image image=\u00a0\u00bb3831&Prime; img_size=\u00a0\u00bbmedium\u00a0\u00bb alignment=\u00a0\u00bbcenter\u00a0\u00bb]<div class=\"wprt-headings clearfix text-center\"  style=\"\"><h4 class=\"heading clearfix\" style=\"\">\r\n\t\tVal\u00e9riane Drouin\r\n\t<\/h4><p class=\"sub-heading clearfix\" style=\"font-style:normal;font-weight:600;color:#942c61;\">\r\n\t\tVolet co-coordination et administration\r\n\t<\/p><\/div>[vc_column_text]<\/p>\n<p style=\"text-align: center;\">Val\u00e9riane est responsable de ce qui a trait \u00e0 l&rsquo;administration de ROSE du Nord. Que ce soit en lien avec les recherches de financement, les redditions de compte et la gestion administrative et financi\u00e8re de l&rsquo;organisme, Val\u00e9riane est l\u00e0!<\/p>\n<p>\u00a0[\/vc_column_text][vc_single_image image=\u00a0\u00bb3832&Prime; img_size=\u00a0\u00bbmedium\u00a0\u00bb alignment=\u00a0\u00bbcenter\u00a0\u00bb]<div class=\"wprt-headings clearfix text-center\"  style=\"\"><h4 class=\"heading clearfix\" style=\"\">\r\n\t\tRosalie Fournier-Par\u00e9\r\n\t<\/h4><p class=\"sub-heading clearfix\" style=\"font-style:normal;font-weight:600;color:#942c61;\">\r\n\t\tVolet co-coordination aux communications et \u00e0 la mobilisation\r\n\t<\/p><\/div>[vc_column_text]<\/p>\n<p style=\"text-align: center;\">Rosalie est responsable d&rsquo;assurer la gestion du site web et des r\u00e9seaux sociaux de ROSE du Nord. Elle s&rsquo;occupe de la gestion des communications \u00e0 l&rsquo;interne de l&rsquo;organisme ainsi qu&rsquo;\u00e0 l&rsquo;externe avec les partenaires!<\/p>\n<p>[\/vc_column_text][vc_single_image image=\u00a0\u00bb3721&Prime; img_size=\u00a0\u00bbmedium\u00a0\u00bb alignment=\u00a0\u00bbcenter\u00a0\u00bb]<div class=\"wprt-headings clearfix text-center\"  style=\"\"><h4 class=\"heading clearfix\" style=\"\">\r\n\t\tKatherine Lortie\r\n\t<\/h4><p class=\"sub-heading clearfix\" style=\"font-style:normal;font-weight:600;color:#942c61;\">\r\n\t\tVolet co-coordination et luttes f\u00e9ministes\r\n\t<\/p><\/div>[vc_column_text]<\/p>\n<p style=\"text-align: center;\">Katherine est responsable des luttes f\u00e9ministes \u00e0 ROSE du nord. Impliqu\u00e9e dans l\u2019organisation de diff\u00e9rentes activit\u00e9s du mouvement des femmes, elle est aussi charg\u00e9e de mettre sur pied diff\u00e9rentes formations dans une approche d\u2019\u00e9ducation populaire.<\/p>\n<p>[\/vc_column_text][\/vc_column_inner][\/vc_row_inner]<div class=\"wprt-headings clearfix text-center\"  style=\"\"><\/div>[\/vc_column][\/vc_row][vc_row full_width=\u00a0\u00bbstretch_row\u00a0\u00bb content_placement=\u00a0\u00bbmiddle\u00a0\u00bb css=\u00a0\u00bb.vc_custom_1643315642821{background-color: #942c61 !important;border-radius: 35px !important;}\u00a0\u00bb el_class=\u00a0\u00bbbloc-mauve\u00a0\u00bb el_id=\u00a0\u00bbservices\u00a0\u00bb][vc_column]\r\n\t<div class=\"wprt-spacer clearfix\" data-desktop=\"30\" data-mobi=\"30\" data-smobi=\"30\"><\/div><div class=\"wprt-icon clearfix outline\" style=\"display: block; text-align:center;\"><span class=\"icon \" style=\"font-size:50px;width:60px;height:60px;color:#ffffff;border-style:solid;border-color:#ffffff;border-width:2px;line-height:56px;\" ><i class=\"fa fa-volume-control-phone\"><\/i><\/span><\/div><div class=\"wprt-headings clearfix text-center\"  style=\"\"><h2 class=\"heading clearfix\" style=\"color:#ffffff;margin-bottom:20px;\">\r\n\t\tServices individuels de d\u00e9fense des droits\r\n\t<\/h2><\/div>[vc_column_text css=\u00a0\u00bb.vc_custom_1564501218072{margin-right: 25% !important;margin-left: 25% !important;}\u00a0\u00bb]<\/p>\n<ul>\n<li style=\"text-align: left;\">Tu as des probl\u00e8mes avec l\u2019aide sociale?<\/li>\n<li style=\"text-align: left;\">Tu as eu une coupure sur ton ch\u00e8que et tu ne sais pas comment tu vas faire pour joindre les deux bouts?<\/li>\n<li style=\"text-align: left;\">Tu as v\u00e9cu une exp\u00e9rience difficile avec ton agent ou ton agente d\u2019aide sociale?<\/li>\n<\/ul>\n<p>[\/vc_column_text][vc_column_text css=\u00a0\u00bb.vc_custom_1601573624460{margin-top: 20px !important;}\u00a0\u00bb]<\/p>\n<p style=\"text-align: center;\">Appelle-nous au <strong><span style=\"font-size: 16px;\">418-622-2620<\/span><\/strong> ! On peut te donner de l\u2019information et du soutien pour d\u00e9fendre tes droits.<\/p>\n<p>[\/vc_column_text]<div class=\"wprt-icon clearfix outline\" style=\"display: block; text-align:center;\"><span class=\"icon \" style=\"font-size:50px;width:60px;height:60px;color:#ffffff;border-style:solid;border-color:#ffffff;border-width:2px;line-height:56px;\" ><i class=\"fa fa-gavel\"><\/i><\/span><\/div>[vc_column_text css=\u00a0\u00bb.vc_custom_1643314635775{margin-top: 20px !important;}\u00a0\u00bb]<\/p>\n<p style=\"text-align: center;\"><strong>Tu<span class=\"JsGRdQ\"> peux maintenant faire assermenter tes documents \u00e0 ROSE du Nord sur rendez-vous!<\/span><\/strong><\/p>\n<p style=\"text-align: center;\">\u201cDans le cadre de certaines d\u00e9marches juridiques, vous devez pr\u00eater serment devant un commissaire \u00e0 l&rsquo;assermentation. Vous donnez ainsi un caract\u00e8re officiel \u00e0 un document ou vous accordez une plus grande cr\u00e9dibilit\u00e9 \u00e0 votre t\u00e9moignage.\u201d &#8211; Minist\u00e8re de la justice<\/p>\n<p>[\/vc_column_text]\r\n\t<div class=\"wprt-spacer clearfix\" data-desktop=\"40\" data-mobi=\"40\" data-smobi=\"40\"><\/div>\r\n\t<div class=\"wprt-spacer clearfix\" data-desktop=\"30\" data-mobi=\"30\" data-smobi=\"30\"><\/div>\r\n\t<div class=\"wprt-spacer clearfix\" data-desktop=\"0\" data-mobi=\"0\" data-smobi=\"0\"><\/div><div class=\"wprt-icon clearfix outline\" style=\"\"><\/div>[\/vc_column][\/vc_row][vc_row el_id=\u00a0\u00bbformations\u00a0\u00bb][vc_column]\r\n\t<div class=\"wprt-spacer clearfix\" data-desktop=\"60\" data-mobi=\"60\" data-smobi=\"60\"><\/div><div class=\"wprt-headings clearfix text-center\"  style=\"\"><h2 class=\"heading clearfix\" style=\"\">\r\n\t\tFormations\r\n\t<\/h2><\/div><div class=\"wprt-lines clearfix center\" style=\"height: 2px;margin-top:20px;margin-bottom:40px;\">\r\n\t\t<div class=\"line-1\" style=\"height:2px; width: 70px; background-color: ; margin-left: -35px; margin-top: -1px\"><\/div>\r\n\t\t<div class=\"line-2\" style=\"height:2px; width: 170px; background-color: ; margin-left: -85px; margin-top: -1px\"><\/div>\r\n\t<\/div>[vc_column_text]ROSE du Nord offre des formations \u00e0 l\u2019interne pour les membres de l\u2019organisme, mais nous pouvons aussi donner ces formations dans vos locaux. T\u00e9l\u00e9phonez-nous pour conna\u00eetre nos disponibilit\u00e9s.[\/vc_column_text]\r\n\t<div class=\"wprt-spacer clearfix\" data-desktop=\"60\" data-mobi=\"60\" data-smobi=\"60\"><\/div>[\/vc_column][\/vc_row][vc_row][vc_column][vc_basic_grid post_type=\u00a0\u00bbpost\u00a0\u00bb max_items=\u00a0\u00bb10&Prime; element_width=\u00a0\u00bb12&Prime; item=\u00a0\u00bb2395&Prime; grid_id=\u00a0\u00bbvc_gid:1741205574672-a4ee6a9d4857133a046d27e45a787638-1&Prime; taxonomies=\u00a0\u00bb53&Prime; el_class=\u00a0\u00bbformations\u00a0\u00bb][\/vc_column][\/vc_row]<\/p>\n<\/div>","protected":false},"excerpt":{"rendered":"<p>[vc_row][vc_column][vc_single_image image=\u00a0\u00bb3866&Prime; img_size=\u00a0\u00bblarge\u00a0\u00bb alignment=\u00a0\u00bbcenter\u00a0\u00bb][vc_single_image image=\u00a0\u00bb3829&Prime; img_size=\u00a0\u00bblarge\u00a0\u00bb alignment=\u00a0\u00bbcenter\u00a0\u00bb][vc_single_image image=\u00a0\u00bb3799&Prime; alignment=\u00a0\u00bbcenter\u00a0\u00bb][\/vc_column][\/vc_row][vc_row el_id=\u00a0\u00bbcomites\u00a0\u00bb][vc_column][\/vc_column][\/vc_row][vc_row][vc_column][vc_basic_grid post_type=\u00a0\u00bbpost\u00a0\u00bb max_items=\u00a0\u00bb12&Prime; orderby=\u00a0\u00bbmenu_order\u00a0\u00bb order=\u00a0\u00bbASC\u00a0\u00bb item=\u00a0\u00bb2343&Prime; grid_id=\u00a0\u00bbvc_gid:1741205574233-5c7951a1068e03bfc285227a08539750-9&Prime; taxonomies=\u00a0\u00bb52&Prime; el_class=\u00a0\u00bbcomites\u00a0\u00bb][\/vc_column][\/vc_row][vc_row el_id=\u00a0\u00bbequipe\u00a0\u00bb][vc_column][vc_column_text css=\u00a0\u00bb.vc_custom_1730226963182{padding-right: 15% !important;padding-left: 15% !important;}\u00a0\u00bb] ROSE du Nord est un collectif de travail compos\u00e9 de 5 militantes salari\u00e9es permanentes qui partagent la gestion quotidienne de l\u2019organisme. Elles ont chacune un volet d\u2019intervention sp\u00e9cifique. [\/vc_column_text][vc_row_inner equal_height=\u00a0\u00bbyes\u00a0\u00bb content_placement=\u00a0\u00bbmiddle\u00a0\u00bb][vc_column_inner&hellip;<\/p>\n","protected":false},"author":1,"featured_media":0,"parent":0,"menu_order":0,"comment_status":"closed","ping_status":"closed","template":"","meta":{"_acf_changed":false,"footnotes":""},"class_list":["post-2145","page","type-page","status-publish","hentry"],"acf":[],"yoast_head":"<!-- This site is optimized with the Yoast SEO plugin v24.7 - https:\/\/yoast.com\/wordpress\/plugins\/seo\/ -->\n<title>Activit\u00e9s - ROSE du Nord<\/title>\n<meta name=\"robots\" content=\"noindex, follow, max-snippet:-1, max-image-preview:large, max-video-preview:-1\" \/>\n<meta property=\"og:locale\" content=\"fr_FR\" \/>\n<meta property=\"og:type\" content=\"article\" \/>\n<meta property=\"og:title\" content=\"Activit\u00e9s - ROSE du Nord\" \/>\n<meta property=\"og:description\" content=\"[vc_row][vc_column][vc_single_image image=\u00a0\u00bb3866&Prime; img_size=\u00a0\u00bblarge\u00a0\u00bb alignment=\u00a0\u00bbcenter\u00a0\u00bb][vc_single_image image=\u00a0\u00bb3829&Prime; img_size=\u00a0\u00bblarge\u00a0\u00bb alignment=\u00a0\u00bbcenter\u00a0\u00bb][vc_single_image image=\u00a0\u00bb3799&Prime; alignment=\u00a0\u00bbcenter\u00a0\u00bb][\/vc_column][\/vc_row][vc_row el_id=\u00a0\u00bbcomites\u00a0\u00bb][vc_column][\/vc_column][\/vc_row][vc_row][vc_column][vc_basic_grid post_type=\u00a0\u00bbpost\u00a0\u00bb max_items=\u00a0\u00bb12&Prime; orderby=\u00a0\u00bbmenu_order\u00a0\u00bb order=\u00a0\u00bbASC\u00a0\u00bb item=\u00a0\u00bb2343&Prime; grid_id=\u00a0\u00bbvc_gid:1741205574233-5c7951a1068e03bfc285227a08539750-9&Prime; taxonomies=\u00a0\u00bb52&Prime; el_class=\u00a0\u00bbcomites\u00a0\u00bb][\/vc_column][\/vc_row][vc_row el_id=\u00a0\u00bbequipe\u00a0\u00bb][vc_column][vc_column_text css=\u00a0\u00bb.vc_custom_1730226963182{padding-right: 15% !important;padding-left: 15% !important;}\u00a0\u00bb] ROSE du Nord est un collectif de travail compos\u00e9 de 5 militantes salari\u00e9es permanentes qui partagent la gestion quotidienne de l\u2019organisme. Elles ont chacune un volet d\u2019intervention sp\u00e9cifique. [\/vc_column_text][vc_row_inner equal_height=\u00a0\u00bbyes\u00a0\u00bb content_placement=\u00a0\u00bbmiddle\u00a0\u00bb][vc_column_inner&hellip;\" \/>\n<meta property=\"og:url\" content=\"https:\/\/conceptsk2.com\/rosedunord-dev\/activites\/\" \/>\n<meta property=\"og:site_name\" content=\"ROSE du Nord\" \/>\n<meta property=\"article:modified_time\" content=\"2025-03-05T21:45:31+00:00\" \/>\n<meta property=\"og:image\" content=\"https:\/\/conceptsk2.com\/rosedunord-dev\/wp-content\/uploads\/2021\/12\/Offre-finale.png\" \/>\n\t<meta property=\"og:image:width\" content=\"1640\" \/>\n\t<meta property=\"og:image:height\" content=\"924\" \/>\n\t<meta property=\"og:image:type\" content=\"image\/png\" \/>\n<meta name=\"twitter:card\" content=\"summary_large_image\" \/>\n<meta name=\"twitter:label1\" content=\"Dur\u00e9e de lecture estim\u00e9e\" \/>\n\t<meta name=\"twitter:data1\" content=\"3 minutes\" \/>\n<script type=\"application\/ld+json\" class=\"yoast-schema-graph\">{\"@context\":\"https:\/\/schema.org\",\"@graph\":[{\"@type\":\"WebPage\",\"@id\":\"https:\/\/conceptsk2.com\/rosedunord-dev\/activites\/\",\"url\":\"https:\/\/conceptsk2.com\/rosedunord-dev\/activites\/\",\"name\":\"Activit\u00e9s - ROSE du Nord\",\"isPartOf\":{\"@id\":\"https:\/\/conceptsk2.com\/rosedunord-dev\/#website\"},\"datePublished\":\"2019-05-28T13:30:05+00:00\",\"dateModified\":\"2025-03-05T21:45:31+00:00\",\"breadcrumb\":{\"@id\":\"https:\/\/conceptsk2.com\/rosedunord-dev\/activites\/#breadcrumb\"},\"inLanguage\":\"fr-FR\",\"potentialAction\":[{\"@type\":\"ReadAction\",\"target\":[\"https:\/\/conceptsk2.com\/rosedunord-dev\/activites\/\"]}]},{\"@type\":\"BreadcrumbList\",\"@id\":\"https:\/\/conceptsk2.com\/rosedunord-dev\/activites\/#breadcrumb\",\"itemListElement\":[{\"@type\":\"ListItem\",\"position\":1,\"name\":\"Accueil\",\"item\":\"https:\/\/conceptsk2.com\/rosedunord-dev\/\"},{\"@type\":\"ListItem\",\"position\":2,\"name\":\"Activit\u00e9s\"}]},{\"@type\":\"WebSite\",\"@id\":\"https:\/\/conceptsk2.com\/rosedunord-dev\/#website\",\"url\":\"https:\/\/conceptsk2.com\/rosedunord-dev\/\",\"name\":\"ROSE du Nord\",\"description\":\"Le Regroupement des femmes sans emploi du Nord de Qu\u00e9bec\",\"publisher\":{\"@id\":\"https:\/\/conceptsk2.com\/rosedunord-dev\/#organization\"},\"potentialAction\":[{\"@type\":\"SearchAction\",\"target\":{\"@type\":\"EntryPoint\",\"urlTemplate\":\"https:\/\/conceptsk2.com\/rosedunord-dev\/?s={search_term_string}\"},\"query-input\":{\"@type\":\"PropertyValueSpecification\",\"valueRequired\":true,\"valueName\":\"search_term_string\"}}],\"inLanguage\":\"fr-FR\"},{\"@type\":\"Organization\",\"@id\":\"https:\/\/conceptsk2.com\/rosedunord-dev\/#organization\",\"name\":\"ROSE du Nord\",\"url\":\"https:\/\/conceptsk2.com\/rosedunord-dev\/\",\"logo\":{\"@type\":\"ImageObject\",\"inLanguage\":\"fr-FR\",\"@id\":\"https:\/\/conceptsk2.com\/rosedunord-dev\/#\/schema\/logo\/image\/\",\"url\":\"\",\"contentUrl\":\"\",\"caption\":\"ROSE du Nord\"},\"image\":{\"@id\":\"https:\/\/conceptsk2.com\/rosedunord-dev\/#\/schema\/logo\/image\/\"}}]}<\/script>\n<!-- \/ Yoast SEO plugin. -->","yoast_head_json":{"title":"Activit\u00e9s - ROSE du Nord","robots":{"index":"noindex","follow":"follow","max-snippet":"max-snippet:-1","max-image-preview":"max-image-preview:large","max-video-preview":"max-video-preview:-1"},"og_locale":"fr_FR","og_type":"article","og_title":"Activit\u00e9s - ROSE du Nord","og_description":"[vc_row][vc_column][vc_single_image image=\u00a0\u00bb3866&Prime; img_size=\u00a0\u00bblarge\u00a0\u00bb alignment=\u00a0\u00bbcenter\u00a0\u00bb][vc_single_image image=\u00a0\u00bb3829&Prime; img_size=\u00a0\u00bblarge\u00a0\u00bb alignment=\u00a0\u00bbcenter\u00a0\u00bb][vc_single_image image=\u00a0\u00bb3799&Prime; alignment=\u00a0\u00bbcenter\u00a0\u00bb][\/vc_column][\/vc_row][vc_row el_id=\u00a0\u00bbcomites\u00a0\u00bb][vc_column][\/vc_column][\/vc_row][vc_row][vc_column][vc_basic_grid post_type=\u00a0\u00bbpost\u00a0\u00bb max_items=\u00a0\u00bb12&Prime; orderby=\u00a0\u00bbmenu_order\u00a0\u00bb order=\u00a0\u00bbASC\u00a0\u00bb item=\u00a0\u00bb2343&Prime; grid_id=\u00a0\u00bbvc_gid:1741205574233-5c7951a1068e03bfc285227a08539750-9&Prime; taxonomies=\u00a0\u00bb52&Prime; el_class=\u00a0\u00bbcomites\u00a0\u00bb][\/vc_column][\/vc_row][vc_row el_id=\u00a0\u00bbequipe\u00a0\u00bb][vc_column][vc_column_text css=\u00a0\u00bb.vc_custom_1730226963182{padding-right: 15% !important;padding-left: 15% !important;}\u00a0\u00bb] ROSE du Nord est un collectif de travail compos\u00e9 de 5 militantes salari\u00e9es permanentes qui partagent la gestion quotidienne de l\u2019organisme. Elles ont chacune un volet d\u2019intervention sp\u00e9cifique. [\/vc_column_text][vc_row_inner equal_height=\u00a0\u00bbyes\u00a0\u00bb content_placement=\u00a0\u00bbmiddle\u00a0\u00bb][vc_column_inner&hellip;","og_url":"https:\/\/conceptsk2.com\/rosedunord-dev\/activites\/","og_site_name":"ROSE du Nord","article_modified_time":"2025-03-05T21:45:31+00:00","og_image":[{"width":1640,"height":924,"url":"https:\/\/conceptsk2.com\/rosedunord-dev\/wp-content\/uploads\/2021\/12\/Offre-finale.png","type":"image\/png"}],"twitter_card":"summary_large_image","twitter_misc":{"Dur\u00e9e de lecture estim\u00e9e":"3 minutes"},"schema":{"@context":"https:\/\/schema.org","@graph":[{"@type":"WebPage","@id":"https:\/\/conceptsk2.com\/rosedunord-dev\/activites\/","url":"https:\/\/conceptsk2.com\/rosedunord-dev\/activites\/","name":"Activit\u00e9s - ROSE du Nord","isPartOf":{"@id":"https:\/\/conceptsk2.com\/rosedunord-dev\/#website"},"datePublished":"2019-05-28T13:30:05+00:00","dateModified":"2025-03-05T21:45:31+00:00","breadcrumb":{"@id":"https:\/\/conceptsk2.com\/rosedunord-dev\/activites\/#breadcrumb"},"inLanguage":"fr-FR","potentialAction":[{"@type":"ReadAction","target":["https:\/\/conceptsk2.com\/rosedunord-dev\/activites\/"]}]},{"@type":"BreadcrumbList","@id":"https:\/\/conceptsk2.com\/rosedunord-dev\/activites\/#breadcrumb","itemListElement":[{"@type":"ListItem","position":1,"name":"Accueil","item":"https:\/\/conceptsk2.com\/rosedunord-dev\/"},{"@type":"ListItem","position":2,"name":"Activit\u00e9s"}]},{"@type":"WebSite","@id":"https:\/\/conceptsk2.com\/rosedunord-dev\/#website","url":"https:\/\/conceptsk2.com\/rosedunord-dev\/","name":"ROSE du Nord","description":"Le Regroupement des femmes sans emploi du Nord de Qu\u00e9bec","publisher":{"@id":"https:\/\/conceptsk2.com\/rosedunord-dev\/#organization"},"potentialAction":[{"@type":"SearchAction","target":{"@type":"EntryPoint","urlTemplate":"https:\/\/conceptsk2.com\/rosedunord-dev\/?s={search_term_string}"},"query-input":{"@type":"PropertyValueSpecification","valueRequired":true,"valueName":"search_term_string"}}],"inLanguage":"fr-FR"},{"@type":"Organization","@id":"https:\/\/conceptsk2.com\/rosedunord-dev\/#organization","name":"ROSE du Nord","url":"https:\/\/conceptsk2.com\/rosedunord-dev\/","logo":{"@type":"ImageObject","inLanguage":"fr-FR","@id":"https:\/\/conceptsk2.com\/rosedunord-dev\/#\/schema\/logo\/image\/","url":"","contentUrl":"","caption":"ROSE du Nord"},"image":{"@id":"https:\/\/conceptsk2.com\/rosedunord-dev\/#\/schema\/logo\/image\/"}}]}},"_links":{"self":[{"href":"https:\/\/conceptsk2.com\/rosedunord-dev\/wp-json\/wp\/v2\/pages\/2145","targetHints":{"allow":["GET"]}}],"collection":[{"href":"https:\/\/conceptsk2.com\/rosedunord-dev\/wp-json\/wp\/v2\/pages"}],"about":[{"href":"https:\/\/conceptsk2.com\/rosedunord-dev\/wp-json\/wp\/v2\/types\/page"}],"author":[{"embeddable":true,"href":"https:\/\/conceptsk2.com\/rosedunord-dev\/wp-json\/wp\/v2\/users\/1"}],"replies":[{"embeddable":true,"href":"https:\/\/conceptsk2.com\/rosedunord-dev\/wp-json\/wp\/v2\/comments?post=2145"}],"version-history":[{"count":113,"href":"https:\/\/conceptsk2.com\/rosedunord-dev\/wp-json\/wp\/v2\/pages\/2145\/revisions"}],"predecessor-version":[{"id":3964,"href":"https:\/\/conceptsk2.com\/rosedunord-dev\/wp-json\/wp\/v2\/pages\/2145\/revisions\/3964"}],"wp:attachment":[{"href":"https:\/\/conceptsk2.com\/rosedunord-dev\/wp-json\/wp\/v2\/media?parent=2145"}],"curies":[{"name":"wp","href":"https:\/\/api.w.org\/{rel}","templated":true}]}}