{"id":3886,"date":"2025-03-04T20:56:07","date_gmt":"2025-03-04T20:56:07","guid":{"rendered":"https:\/\/conceptsk2.com\/rosedunord-dev\/?page_id=3886"},"modified":"2025-03-05T15:47:07","modified_gmt":"2025-03-05T15:47:07","slug":"equipe-de-travail","status":"publish","type":"page","link":"https:\/\/conceptsk2.com\/rosedunord-dev\/a-propos\/equipe-de-travail\/","title":{"rendered":"\u00c9quipe de travail"},"content":{"rendered":"<div class=\"wpb-content-wrapper\"><p>[vc_row el_id=\u00a0\u00bbequipe\u00a0\u00bb][vc_column]<div class=\"wprt-headings clearfix text-center\"  style=\"\"><h2 class=\"heading clearfix\" style=\"\">\r\n\t\t\u00c9quipe de travail\r\n\t<\/h2><\/div><div class=\"wprt-lines clearfix center\" style=\"height: 2px;margin-top:20px;margin-bottom:40px;\">\r\n\t\t<div class=\"line-1\" style=\"height:2px; width: 70px; background-color: ; margin-left: -35px; margin-top: -1px\"><\/div>\r\n\t\t<div class=\"line-2\" style=\"height:2px; width: 170px; background-color: ; margin-left: -85px; margin-top: -1px\"><\/div>\r\n\t<\/div>[vc_column_text css=\u00a0\u00bb.vc_custom_1730226963182{padding-right: 15% !important;padding-left: 15% !important;}\u00a0\u00bb]<\/p>\n<p style=\"text-align: center;\"><em>RO<\/em><em>SE du Nord <\/em>est un collectif de travail compos\u00e9 de 5 militantes salari\u00e9es permanentes qui partagent la gestion quotidienne de l\u2019organisme. Elles ont chacune un volet d\u2019intervention sp\u00e9cifique.<\/p>\n<p>[\/vc_column_text]<div class=\"wprt-headings clearfix text-center\"  style=\"\"><\/div>[\/vc_column][\/vc_row][vc_row gap=\u00a0\u00bb20&Prime; equal_height=\u00a0\u00bbyes\u00a0\u00bb][vc_column width=\u00a0\u00bb1\/2&Prime;][vc_single_image image=\u00a0\u00bb3924&Prime; img_size=\u00a0\u00bbmedium\u00a0\u00bb alignment=\u00a0\u00bbcenter\u00a0\u00bb css=\u00a0\u00bb\u00a0\u00bb]<div class=\"wprt-headings clearfix text-center\"  style=\"\"><h4 class=\"heading clearfix\" style=\"margin-top:20px;\">\r\n\t\tFanny Cantin\r\n\t<\/h4><p class=\"sub-heading clearfix\" style=\"font-style:normal;font-weight:600;color:#942c61;\">\r\n\t\tVolet co-coordination et aide sociale\r\n\t<\/p><\/div>[vc_column_text css=\u00a0\u00bb\u00a0\u00bb]<span style=\"font-weight: 400;\">Fanny est en remplacement de Marielle Bouchard pour une dur\u00e9e ind\u00e9termin\u00e9e. Elle travaille avec la Loi de l\u2019aide sociale soit en assurant la tenue des formations Info-Droits, l\u2019accompagnement individualis\u00e9 ainsi que la coordination du comit\u00e9 loi!<\/span>[\/vc_column_text][\/vc_column][vc_column width=\u00a0\u00bb1\/2&Prime;][vc_single_image image=\u00a0\u00bb3926&Prime; img_size=\u00a0\u00bbmedium\u00a0\u00bb alignment=\u00a0\u00bbcenter\u00a0\u00bb css=\u00a0\u00bb\u00a0\u00bb]<div class=\"wprt-headings clearfix text-center\"  style=\"\"><h4 class=\"heading clearfix\" style=\"\">\r\n\t\tRosalie Fournier-Par\u00e9\r\n\t<\/h4><p class=\"sub-heading clearfix\" style=\"font-style:normal;font-weight:600;color:#942c61;\">\r\n\t\t Volet co-coordination et luttes f\u00e9ministes\r\n\t<\/p><\/div>[vc_column_text css=\u00a0\u00bb\u00a0\u00bb]<\/p>\n<p style=\"text-align: left;\"><span style=\"font-weight: 400;\">Rosalie est responsable des luttes f\u00e9ministes \u00e0 ROSE du Nord. Impliqu\u00e9e dans l\u2019organisation de diff\u00e9rentes actions du mouvement des femmes et de lutte \u00e0 la pauvret\u00e9, elle porte la voix de l\u2019organisme dans les repr\u00e9sentations ext\u00e9rieures et elle assure une vigie en ce qui a trait aux enjeux f\u00e9ministes dans l\u2019actualit\u00e9. Elle s\u2019occupe aussi de la gestion des communications \u00e0 l\u2019interne de l\u2019organisme ainsi qu\u2019\u00e0 l\u2019externe avec les partenaires!<\/span><\/p>\n<p>[\/vc_column_text][\/vc_column][\/vc_row][vc_row gap=\u00a0\u00bb20&Prime; equal_height=\u00a0\u00bbyes\u00a0\u00bb][vc_column width=\u00a0\u00bb1\/2&Prime;][vc_single_image image=\u00a0\u00bb3925&Prime; img_size=\u00a0\u00bbmedium\u00a0\u00bb alignment=\u00a0\u00bbcenter\u00a0\u00bb css=\u00a0\u00bb\u00a0\u00bb]<div class=\"wprt-headings clearfix text-center\"  style=\"\"><h4 class=\"heading clearfix\" style=\"margin-top:20px;\">\r\n\t\tMarielle Bouchard\r\n\t<\/h4><p class=\"sub-heading clearfix\" style=\"font-style:normal;font-weight:600;color:#942c61;\">\r\n\t\tVolet co-coordination et aide sociale\r\n\t<\/p><\/div>[vc_column_text css=\u00a0\u00bb\u00a0\u00bb]<\/p>\n<p style=\"text-align: left;\">Si vous avez des questions concernant la loi d\u2019aide sociale, Marielle saura vous informer! En plus d\u2019\u00eatre notre r\u00e9f\u00e9rence pour les suivis individuels en d\u00e9fense des droits des femmes assist\u00e9es sociales, elle est en charge des luttes collectives concernant ces\u00a0 enjeux.<\/p>\n<p>[\/vc_column_text][\/vc_column][vc_column width=\u00a0\u00bb1\/2&Prime;][vc_single_image image=\u00a0\u00bb3927&Prime; img_size=\u00a0\u00bbmedium\u00a0\u00bb alignment=\u00a0\u00bbcenter\u00a0\u00bb css=\u00a0\u00bb\u00a0\u00bb]<div class=\"wprt-headings clearfix text-center\"  style=\"\"><h4 class=\"heading clearfix\" style=\"\">\r\n\t\tKatherine Lortie\r\n\t<\/h4><p class=\"sub-heading clearfix\" style=\"font-style:normal;font-weight:600;color:#942c61;\">\r\n\t\tvolet co-coordonnation et administration\r\n\t<\/p><\/div>[vc_column_text css=\u00a0\u00bb\u00a0\u00bb]<span style=\"font-weight: 400;\">Katherine est responsable de l\u2019administration \u00e0 ROSE du Nord. Que ce soit en lien avec les recherches de financement, les redditions de compte et la gestion administrative et financi\u00e8re de l\u2019organisme, Katherine est l\u00e0!<\/span><\/p>\n<p><span style=\"font-weight: 400;\">Ayant un fort int\u00e9r\u00eat pour les luttes f\u00e9ministes, elle est impliqu\u00e9e au comit\u00e9 femmes du Front commun des personnes assist\u00e9es sociales du Qu\u00e9bec!<\/span>[\/vc_column_text][\/vc_column][\/vc_row]<\/p>\n<\/div>","protected":false},"excerpt":{"rendered":"<p>[vc_row el_id=\u00a0\u00bbequipe\u00a0\u00bb][vc_column][vc_column_text css=\u00a0\u00bb.vc_custom_1730226963182{padding-right: 15% !important;padding-left: 15% !important;}\u00a0\u00bb] ROSE du Nord est un collectif de travail compos\u00e9 de 5 militantes salari\u00e9es permanentes qui partagent la gestion quotidienne de l\u2019organisme. Elles ont chacune un volet d\u2019intervention sp\u00e9cifique. [\/vc_column_text][\/vc_column][\/vc_row][vc_row gap=\u00a0\u00bb20&Prime; equal_height=\u00a0\u00bbyes\u00a0\u00bb][vc_column width=\u00a0\u00bb1\/2&Prime;][vc_single_image image=\u00a0\u00bb3924&Prime; img_size=\u00a0\u00bbmedium\u00a0\u00bb alignment=\u00a0\u00bbcenter\u00a0\u00bb css=\u00a0\u00bb\u00a0\u00bb][vc_column_text css=\u00a0\u00bb\u00a0\u00bb]Fanny est en remplacement de Marielle Bouchard pour une dur\u00e9e ind\u00e9termin\u00e9e. Elle&hellip;<\/p>\n","protected":false},"author":1,"featured_media":0,"parent":2140,"menu_order":0,"comment_status":"closed","ping_status":"closed","template":"","meta":{"_acf_changed":false,"footnotes":""},"class_list":["post-3886","page","type-page","status-publish","hentry"],"acf":[],"yoast_head":"<!-- This site is optimized with the Yoast SEO plugin v24.7 - https:\/\/yoast.com\/wordpress\/plugins\/seo\/ -->\n<title>\u00c9quipe de travail - ROSE du Nord<\/title>\n<meta name=\"robots\" content=\"noindex, follow, max-snippet:-1, max-image-preview:large, max-video-preview:-1\" \/>\n<meta property=\"og:locale\" content=\"fr_FR\" \/>\n<meta property=\"og:type\" content=\"article\" \/>\n<meta property=\"og:title\" content=\"\u00c9quipe de travail - ROSE du Nord\" \/>\n<meta property=\"og:description\" content=\"[vc_row el_id=\u00a0\u00bbequipe\u00a0\u00bb][vc_column][vc_column_text css=\u00a0\u00bb.vc_custom_1730226963182{padding-right: 15% !important;padding-left: 15% !important;}\u00a0\u00bb] ROSE du Nord est un collectif de travail compos\u00e9 de 5 militantes salari\u00e9es permanentes qui partagent la gestion quotidienne de l\u2019organisme. Elles ont chacune un volet d\u2019intervention sp\u00e9cifique. [\/vc_column_text][\/vc_column][\/vc_row][vc_row gap=\u00a0\u00bb20&Prime; equal_height=\u00a0\u00bbyes\u00a0\u00bb][vc_column width=\u00a0\u00bb1\/2&Prime;][vc_single_image image=\u00a0\u00bb3924&Prime; img_size=\u00a0\u00bbmedium\u00a0\u00bb alignment=\u00a0\u00bbcenter\u00a0\u00bb css=\u00a0\u00bb\u00a0\u00bb][vc_column_text css=\u00a0\u00bb\u00a0\u00bb]Fanny est en remplacement de Marielle Bouchard pour une dur\u00e9e ind\u00e9termin\u00e9e. Elle&hellip;\" \/>\n<meta property=\"og:url\" content=\"https:\/\/conceptsk2.com\/rosedunord-dev\/a-propos\/equipe-de-travail\/\" \/>\n<meta property=\"og:site_name\" content=\"ROSE du Nord\" \/>\n<meta property=\"article:modified_time\" content=\"2025-03-05T15:47:07+00:00\" \/>\n<meta property=\"og:image\" content=\"https:\/\/conceptsk2.com\/rosedunord-dev\/wp-content\/uploads\/2021\/12\/Offre-finale.png\" \/>\n\t<meta property=\"og:image:width\" content=\"1640\" \/>\n\t<meta property=\"og:image:height\" content=\"924\" \/>\n\t<meta property=\"og:image:type\" content=\"image\/png\" \/>\n<meta name=\"twitter:card\" content=\"summary_large_image\" \/>\n<script type=\"application\/ld+json\" class=\"yoast-schema-graph\">{\"@context\":\"https:\/\/schema.org\",\"@graph\":[{\"@type\":\"WebPage\",\"@id\":\"https:\/\/conceptsk2.com\/rosedunord-dev\/a-propos\/equipe-de-travail\/\",\"url\":\"https:\/\/conceptsk2.com\/rosedunord-dev\/a-propos\/equipe-de-travail\/\",\"name\":\"\u00c9quipe de travail - ROSE du Nord\",\"isPartOf\":{\"@id\":\"https:\/\/conceptsk2.com\/rosedunord-dev\/#website\"},\"datePublished\":\"2025-03-04T20:56:07+00:00\",\"dateModified\":\"2025-03-05T15:47:07+00:00\",\"breadcrumb\":{\"@id\":\"https:\/\/conceptsk2.com\/rosedunord-dev\/a-propos\/equipe-de-travail\/#breadcrumb\"},\"inLanguage\":\"fr-FR\",\"potentialAction\":[{\"@type\":\"ReadAction\",\"target\":[\"https:\/\/conceptsk2.com\/rosedunord-dev\/a-propos\/equipe-de-travail\/\"]}]},{\"@type\":\"BreadcrumbList\",\"@id\":\"https:\/\/conceptsk2.com\/rosedunord-dev\/a-propos\/equipe-de-travail\/#breadcrumb\",\"itemListElement\":[{\"@type\":\"ListItem\",\"position\":1,\"name\":\"Accueil\",\"item\":\"https:\/\/conceptsk2.com\/rosedunord-dev\/\"},{\"@type\":\"ListItem\",\"position\":2,\"name\":\"\u00c0 propos\",\"item\":\"https:\/\/conceptsk2.com\/rosedunord-dev\/a-propos\/\"},{\"@type\":\"ListItem\",\"position\":3,\"name\":\"\u00c9quipe de travail\"}]},{\"@type\":\"WebSite\",\"@id\":\"https:\/\/conceptsk2.com\/rosedunord-dev\/#website\",\"url\":\"https:\/\/conceptsk2.com\/rosedunord-dev\/\",\"name\":\"ROSE du Nord\",\"description\":\"Le Regroupement des femmes sans emploi du Nord de Qu\u00e9bec\",\"publisher\":{\"@id\":\"https:\/\/conceptsk2.com\/rosedunord-dev\/#organization\"},\"potentialAction\":[{\"@type\":\"SearchAction\",\"target\":{\"@type\":\"EntryPoint\",\"urlTemplate\":\"https:\/\/conceptsk2.com\/rosedunord-dev\/?s={search_term_string}\"},\"query-input\":{\"@type\":\"PropertyValueSpecification\",\"valueRequired\":true,\"valueName\":\"search_term_string\"}}],\"inLanguage\":\"fr-FR\"},{\"@type\":\"Organization\",\"@id\":\"https:\/\/conceptsk2.com\/rosedunord-dev\/#organization\",\"name\":\"ROSE du Nord\",\"url\":\"https:\/\/conceptsk2.com\/rosedunord-dev\/\",\"logo\":{\"@type\":\"ImageObject\",\"inLanguage\":\"fr-FR\",\"@id\":\"https:\/\/conceptsk2.com\/rosedunord-dev\/#\/schema\/logo\/image\/\",\"url\":\"\",\"contentUrl\":\"\",\"caption\":\"ROSE du Nord\"},\"image\":{\"@id\":\"https:\/\/conceptsk2.com\/rosedunord-dev\/#\/schema\/logo\/image\/\"}}]}<\/script>\n<!-- \/ Yoast SEO plugin. -->","yoast_head_json":{"title":"\u00c9quipe de travail - ROSE du Nord","robots":{"index":"noindex","follow":"follow","max-snippet":"max-snippet:-1","max-image-preview":"max-image-preview:large","max-video-preview":"max-video-preview:-1"},"og_locale":"fr_FR","og_type":"article","og_title":"\u00c9quipe de travail - ROSE du Nord","og_description":"[vc_row el_id=\u00a0\u00bbequipe\u00a0\u00bb][vc_column][vc_column_text css=\u00a0\u00bb.vc_custom_1730226963182{padding-right: 15% !important;padding-left: 15% !important;}\u00a0\u00bb] ROSE du Nord est un collectif de travail compos\u00e9 de 5 militantes salari\u00e9es permanentes qui partagent la gestion quotidienne de l\u2019organisme. Elles ont chacune un volet d\u2019intervention sp\u00e9cifique. [\/vc_column_text][\/vc_column][\/vc_row][vc_row gap=\u00a0\u00bb20&Prime; equal_height=\u00a0\u00bbyes\u00a0\u00bb][vc_column width=\u00a0\u00bb1\/2&Prime;][vc_single_image image=\u00a0\u00bb3924&Prime; img_size=\u00a0\u00bbmedium\u00a0\u00bb alignment=\u00a0\u00bbcenter\u00a0\u00bb css=\u00a0\u00bb\u00a0\u00bb][vc_column_text css=\u00a0\u00bb\u00a0\u00bb]Fanny est en remplacement de Marielle Bouchard pour une dur\u00e9e ind\u00e9termin\u00e9e. Elle&hellip;","og_url":"https:\/\/conceptsk2.com\/rosedunord-dev\/a-propos\/equipe-de-travail\/","og_site_name":"ROSE du Nord","article_modified_time":"2025-03-05T15:47:07+00:00","og_image":[{"width":1640,"height":924,"url":"https:\/\/conceptsk2.com\/rosedunord-dev\/wp-content\/uploads\/2021\/12\/Offre-finale.png","type":"image\/png"}],"twitter_card":"summary_large_image","schema":{"@context":"https:\/\/schema.org","@graph":[{"@type":"WebPage","@id":"https:\/\/conceptsk2.com\/rosedunord-dev\/a-propos\/equipe-de-travail\/","url":"https:\/\/conceptsk2.com\/rosedunord-dev\/a-propos\/equipe-de-travail\/","name":"\u00c9quipe de travail - ROSE du Nord","isPartOf":{"@id":"https:\/\/conceptsk2.com\/rosedunord-dev\/#website"},"datePublished":"2025-03-04T20:56:07+00:00","dateModified":"2025-03-05T15:47:07+00:00","breadcrumb":{"@id":"https:\/\/conceptsk2.com\/rosedunord-dev\/a-propos\/equipe-de-travail\/#breadcrumb"},"inLanguage":"fr-FR","potentialAction":[{"@type":"ReadAction","target":["https:\/\/conceptsk2.com\/rosedunord-dev\/a-propos\/equipe-de-travail\/"]}]},{"@type":"BreadcrumbList","@id":"https:\/\/conceptsk2.com\/rosedunord-dev\/a-propos\/equipe-de-travail\/#breadcrumb","itemListElement":[{"@type":"ListItem","position":1,"name":"Accueil","item":"https:\/\/conceptsk2.com\/rosedunord-dev\/"},{"@type":"ListItem","position":2,"name":"\u00c0 propos","item":"https:\/\/conceptsk2.com\/rosedunord-dev\/a-propos\/"},{"@type":"ListItem","position":3,"name":"\u00c9quipe de travail"}]},{"@type":"WebSite","@id":"https:\/\/conceptsk2.com\/rosedunord-dev\/#website","url":"https:\/\/conceptsk2.com\/rosedunord-dev\/","name":"ROSE du Nord","description":"Le Regroupement des femmes sans emploi du Nord de Qu\u00e9bec","publisher":{"@id":"https:\/\/conceptsk2.com\/rosedunord-dev\/#organization"},"potentialAction":[{"@type":"SearchAction","target":{"@type":"EntryPoint","urlTemplate":"https:\/\/conceptsk2.com\/rosedunord-dev\/?s={search_term_string}"},"query-input":{"@type":"PropertyValueSpecification","valueRequired":true,"valueName":"search_term_string"}}],"inLanguage":"fr-FR"},{"@type":"Organization","@id":"https:\/\/conceptsk2.com\/rosedunord-dev\/#organization","name":"ROSE du Nord","url":"https:\/\/conceptsk2.com\/rosedunord-dev\/","logo":{"@type":"ImageObject","inLanguage":"fr-FR","@id":"https:\/\/conceptsk2.com\/rosedunord-dev\/#\/schema\/logo\/image\/","url":"","contentUrl":"","caption":"ROSE du Nord"},"image":{"@id":"https:\/\/conceptsk2.com\/rosedunord-dev\/#\/schema\/logo\/image\/"}}]}},"_links":{"self":[{"href":"https:\/\/conceptsk2.com\/rosedunord-dev\/wp-json\/wp\/v2\/pages\/3886","targetHints":{"allow":["GET"]}}],"collection":[{"href":"https:\/\/conceptsk2.com\/rosedunord-dev\/wp-json\/wp\/v2\/pages"}],"about":[{"href":"https:\/\/conceptsk2.com\/rosedunord-dev\/wp-json\/wp\/v2\/types\/page"}],"author":[{"embeddable":true,"href":"https:\/\/conceptsk2.com\/rosedunord-dev\/wp-json\/wp\/v2\/users\/1"}],"replies":[{"embeddable":true,"href":"https:\/\/conceptsk2.com\/rosedunord-dev\/wp-json\/wp\/v2\/comments?post=3886"}],"version-history":[{"count":7,"href":"https:\/\/conceptsk2.com\/rosedunord-dev\/wp-json\/wp\/v2\/pages\/3886\/revisions"}],"predecessor-version":[{"id":3934,"href":"https:\/\/conceptsk2.com\/rosedunord-dev\/wp-json\/wp\/v2\/pages\/3886\/revisions\/3934"}],"up":[{"embeddable":true,"href":"https:\/\/conceptsk2.com\/rosedunord-dev\/wp-json\/wp\/v2\/pages\/2140"}],"wp:attachment":[{"href":"https:\/\/conceptsk2.com\/rosedunord-dev\/wp-json\/wp\/v2\/media?parent=3886"}],"curies":[{"name":"wp","href":"https:\/\/api.w.org\/{rel}","templated":true}]}}