{"id":3892,"date":"2025-03-04T14:56:03","date_gmt":"2025-03-04T14:56:03","guid":{"rendered":"https:\/\/conceptsk2.com\/rosedunord-dev\/?page_id=3892"},"modified":"2025-03-21T13:52:09","modified_gmt":"2025-03-21T13:52:09","slug":"rose-du-nord-en-action","status":"publish","type":"page","link":"https:\/\/conceptsk2.com\/rosedunord-dev\/rose-du-nord-en-action\/","title":{"rendered":"ROSE du Nord en action"},"content":{"rendered":"<div class=\"wpb-content-wrapper\"><p>[vc_row][vc_column]<div class=\"wprt-headings clearfix text-center\"  style=\"\"><h2 class=\"heading clearfix\" style=\"margin-bottom:30px;\">\r\n\t\tCalendrier des activit\u00e9s\r\n\t<\/h2><\/div><div class=\"wprt-lines clearfix center\" style=\"height: 2px;margin-top:20px;margin-bottom:40px;\">\r\n\t\t<div class=\"line-1\" style=\"height:2px; width: 70px; background-color: ; margin-left: -35px; margin-top: -1px\"><\/div>\r\n\t\t<div class=\"line-2\" style=\"height:2px; width: 170px; background-color: ; margin-left: -85px; margin-top: -1px\"><\/div>\r\n\t<\/div>[vc_single_image image=\u00a0\u00bb3866&Prime; img_size=\u00a0\u00bblarge\u00a0\u00bb alignment=\u00a0\u00bbcenter\u00a0\u00bb][vc_single_image image=\u00a0\u00bb3829&Prime; img_size=\u00a0\u00bblarge\u00a0\u00bb alignment=\u00a0\u00bbcenter\u00a0\u00bb][vc_single_image image=\u00a0\u00bb3799&Prime; alignment=\u00a0\u00bbcenter\u00a0\u00bb]\r\n\t<div class=\"wprt-spacer clearfix\" data-desktop=\"0\" data-mobi=\"0\" data-smobi=\"0\"><\/div>[\/vc_column][\/vc_row][vc_row el_id=\u00a0\u00bbactualites\u00a0\u00bb][vc_column]\r\n\t<div class=\"wprt-spacer clearfix\" data-desktop=\"30\" data-mobi=\"30\" data-smobi=\"30\"><\/div><div class=\"wprt-headings clearfix text-center\"  style=\"\"><h2 class=\"heading clearfix\" style=\"\">\r\n\t\tActualit\u00e9 et \u00e9v\u00e9nements\r\n\t<\/h2><\/div><div class=\"wprt-lines clearfix center\" style=\"height: 2px;margin-top:20px;margin-bottom:40px;\">\r\n\t\t<div class=\"line-1\" style=\"height:2px; width: 70px; background-color: ; margin-left: -35px; margin-top: -1px\"><\/div>\r\n\t\t<div class=\"line-2\" style=\"height:2px; width: 170px; background-color: ; margin-left: -85px; margin-top: -1px\"><\/div>\r\n\t<\/div>[vc_basic_grid post_type=\u00a0\u00bbpost\u00a0\u00bb max_items=\u00a0\u00bb3&Prime; css=\u00a0\u00bb\u00a0\u00bb grid_id=\u00a0\u00bbvc_gid:1742565110379-b3c2a65ffedc1885d41350a30b171fc2-9&Prime; taxonomies=\u00a0\u00bb49&Prime;]\r\n\t<div class=\"wprt-spacer clearfix\" data-desktop=\"100\" data-mobi=\"0\" data-smobi=\"0\"><\/div>[\/vc_column][\/vc_row][vc_row content_placement=\u00a0\u00bbmiddle\u00a0\u00bb][vc_column width=\u00a0\u00bb1\/3&Prime;][\/vc_column][vc_column width=\u00a0\u00bb1\/3&Prime;]<div class=\"button-wrap icon-right\" style=\"display:block; text-align:center;\"><a href=\"https:\/\/conceptsk2.com\/rosedunord-dev\/category\/actualites-nouvelles\/\" target=\"_self\" class=\"wprt-button big solid accent\" style=\"display:block; text-align:center;font-weight:600;font-size:18px;\">\r\n\t\t<span style=\"\">Voir toutes les nouvelles <\/span>\r\n\t<\/a><\/div>[\/vc_column][vc_column width=\u00a0\u00bb1\/3&Prime;][\/vc_column][\/vc_row][vc_row el_id=\u00a0\u00bbcomites\u00a0\u00bb][vc_column][\/vc_column][\/vc_row]<\/p>\n<\/div>","protected":false},"excerpt":{"rendered":"<p>[vc_row][vc_column][vc_single_image image=\u00a0\u00bb3866&Prime; img_size=\u00a0\u00bblarge\u00a0\u00bb alignment=\u00a0\u00bbcenter\u00a0\u00bb][vc_single_image image=\u00a0\u00bb3829&Prime; img_size=\u00a0\u00bblarge\u00a0\u00bb alignment=\u00a0\u00bbcenter\u00a0\u00bb][vc_single_image image=\u00a0\u00bb3799&Prime; alignment=\u00a0\u00bbcenter\u00a0\u00bb][\/vc_column][\/vc_row][vc_row el_id=\u00a0\u00bbactualites\u00a0\u00bb][vc_column][vc_basic_grid post_type=\u00a0\u00bbpost\u00a0\u00bb max_items=\u00a0\u00bb3&Prime; css=\u00a0\u00bb\u00a0\u00bb grid_id=\u00a0\u00bbvc_gid:1742565110379-b3c2a65ffedc1885d41350a30b171fc2-9&Prime; taxonomies=\u00a0\u00bb49&Prime;][\/vc_column][\/vc_row][vc_row content_placement=\u00a0\u00bbmiddle\u00a0\u00bb][vc_column width=\u00a0\u00bb1\/3&Prime;][\/vc_column][vc_column width=\u00a0\u00bb1\/3&Prime;][\/vc_column][vc_column width=\u00a0\u00bb1\/3&Prime;][\/vc_column][\/vc_row][vc_row el_id=\u00a0\u00bbcomites\u00a0\u00bb][vc_column][\/vc_column][\/vc_row]<\/p>\n","protected":false},"author":1,"featured_media":0,"parent":0,"menu_order":0,"comment_status":"closed","ping_status":"closed","template":"","meta":{"_acf_changed":false,"footnotes":""},"class_list":["post-3892","page","type-page","status-publish","hentry"],"acf":[],"yoast_head":"<!-- This site is optimized with the Yoast SEO plugin v24.7 - https:\/\/yoast.com\/wordpress\/plugins\/seo\/ -->\n<title>ROSE du Nord en action - ROSE du Nord<\/title>\n<meta name=\"robots\" content=\"noindex, follow, max-snippet:-1, max-image-preview:large, max-video-preview:-1\" \/>\n<meta property=\"og:locale\" content=\"fr_FR\" \/>\n<meta property=\"og:type\" content=\"article\" \/>\n<meta property=\"og:title\" content=\"ROSE du Nord en action - ROSE du Nord\" \/>\n<meta property=\"og:description\" content=\"[vc_row][vc_column][vc_single_image image=\u00a0\u00bb3866&Prime; img_size=\u00a0\u00bblarge\u00a0\u00bb alignment=\u00a0\u00bbcenter\u00a0\u00bb][vc_single_image image=\u00a0\u00bb3829&Prime; img_size=\u00a0\u00bblarge\u00a0\u00bb alignment=\u00a0\u00bbcenter\u00a0\u00bb][vc_single_image image=\u00a0\u00bb3799&Prime; alignment=\u00a0\u00bbcenter\u00a0\u00bb][\/vc_column][\/vc_row][vc_row el_id=\u00a0\u00bbactualites\u00a0\u00bb][vc_column][vc_basic_grid post_type=\u00a0\u00bbpost\u00a0\u00bb max_items=\u00a0\u00bb3&Prime; css=\u00a0\u00bb\u00a0\u00bb grid_id=\u00a0\u00bbvc_gid:1742565110379-b3c2a65ffedc1885d41350a30b171fc2-9&Prime; taxonomies=\u00a0\u00bb49&Prime;][\/vc_column][\/vc_row][vc_row content_placement=\u00a0\u00bbmiddle\u00a0\u00bb][vc_column width=\u00a0\u00bb1\/3&Prime;][\/vc_column][vc_column width=\u00a0\u00bb1\/3&Prime;][\/vc_column][vc_column width=\u00a0\u00bb1\/3&Prime;][\/vc_column][\/vc_row][vc_row el_id=\u00a0\u00bbcomites\u00a0\u00bb][vc_column][\/vc_column][\/vc_row]\" \/>\n<meta property=\"og:url\" content=\"https:\/\/conceptsk2.com\/rosedunord-dev\/rose-du-nord-en-action\/\" \/>\n<meta property=\"og:site_name\" content=\"ROSE du Nord\" \/>\n<meta property=\"article:modified_time\" content=\"2025-03-21T13:52:09+00:00\" \/>\n<meta property=\"og:image\" content=\"https:\/\/conceptsk2.com\/rosedunord-dev\/wp-content\/uploads\/2021\/12\/Offre-finale.png\" \/>\n\t<meta property=\"og:image:width\" content=\"1640\" \/>\n\t<meta property=\"og:image:height\" content=\"924\" \/>\n\t<meta property=\"og:image:type\" content=\"image\/png\" \/>\n<meta name=\"twitter:card\" content=\"summary_large_image\" \/>\n<script type=\"application\/ld+json\" class=\"yoast-schema-graph\">{\"@context\":\"https:\/\/schema.org\",\"@graph\":[{\"@type\":\"WebPage\",\"@id\":\"https:\/\/conceptsk2.com\/rosedunord-dev\/rose-du-nord-en-action\/\",\"url\":\"https:\/\/conceptsk2.com\/rosedunord-dev\/rose-du-nord-en-action\/\",\"name\":\"ROSE du Nord en action - ROSE du Nord\",\"isPartOf\":{\"@id\":\"https:\/\/conceptsk2.com\/rosedunord-dev\/#website\"},\"datePublished\":\"2025-03-04T14:56:03+00:00\",\"dateModified\":\"2025-03-21T13:52:09+00:00\",\"breadcrumb\":{\"@id\":\"https:\/\/conceptsk2.com\/rosedunord-dev\/rose-du-nord-en-action\/#breadcrumb\"},\"inLanguage\":\"fr-FR\",\"potentialAction\":[{\"@type\":\"ReadAction\",\"target\":[\"https:\/\/conceptsk2.com\/rosedunord-dev\/rose-du-nord-en-action\/\"]}]},{\"@type\":\"BreadcrumbList\",\"@id\":\"https:\/\/conceptsk2.com\/rosedunord-dev\/rose-du-nord-en-action\/#breadcrumb\",\"itemListElement\":[{\"@type\":\"ListItem\",\"position\":1,\"name\":\"Accueil\",\"item\":\"https:\/\/conceptsk2.com\/rosedunord-dev\/\"},{\"@type\":\"ListItem\",\"position\":2,\"name\":\"ROSE du Nord en action\"}]},{\"@type\":\"WebSite\",\"@id\":\"https:\/\/conceptsk2.com\/rosedunord-dev\/#website\",\"url\":\"https:\/\/conceptsk2.com\/rosedunord-dev\/\",\"name\":\"ROSE du Nord\",\"description\":\"Le Regroupement des femmes sans emploi du Nord de Qu\u00e9bec\",\"publisher\":{\"@id\":\"https:\/\/conceptsk2.com\/rosedunord-dev\/#organization\"},\"potentialAction\":[{\"@type\":\"SearchAction\",\"target\":{\"@type\":\"EntryPoint\",\"urlTemplate\":\"https:\/\/conceptsk2.com\/rosedunord-dev\/?s={search_term_string}\"},\"query-input\":{\"@type\":\"PropertyValueSpecification\",\"valueRequired\":true,\"valueName\":\"search_term_string\"}}],\"inLanguage\":\"fr-FR\"},{\"@type\":\"Organization\",\"@id\":\"https:\/\/conceptsk2.com\/rosedunord-dev\/#organization\",\"name\":\"ROSE du Nord\",\"url\":\"https:\/\/conceptsk2.com\/rosedunord-dev\/\",\"logo\":{\"@type\":\"ImageObject\",\"inLanguage\":\"fr-FR\",\"@id\":\"https:\/\/conceptsk2.com\/rosedunord-dev\/#\/schema\/logo\/image\/\",\"url\":\"\",\"contentUrl\":\"\",\"caption\":\"ROSE du Nord\"},\"image\":{\"@id\":\"https:\/\/conceptsk2.com\/rosedunord-dev\/#\/schema\/logo\/image\/\"}}]}<\/script>\n<!-- \/ Yoast SEO plugin. -->","yoast_head_json":{"title":"ROSE du Nord en action - ROSE du Nord","robots":{"index":"noindex","follow":"follow","max-snippet":"max-snippet:-1","max-image-preview":"max-image-preview:large","max-video-preview":"max-video-preview:-1"},"og_locale":"fr_FR","og_type":"article","og_title":"ROSE du Nord en action - ROSE du Nord","og_description":"[vc_row][vc_column][vc_single_image image=\u00a0\u00bb3866&Prime; img_size=\u00a0\u00bblarge\u00a0\u00bb alignment=\u00a0\u00bbcenter\u00a0\u00bb][vc_single_image image=\u00a0\u00bb3829&Prime; img_size=\u00a0\u00bblarge\u00a0\u00bb alignment=\u00a0\u00bbcenter\u00a0\u00bb][vc_single_image image=\u00a0\u00bb3799&Prime; alignment=\u00a0\u00bbcenter\u00a0\u00bb][\/vc_column][\/vc_row][vc_row el_id=\u00a0\u00bbactualites\u00a0\u00bb][vc_column][vc_basic_grid post_type=\u00a0\u00bbpost\u00a0\u00bb max_items=\u00a0\u00bb3&Prime; css=\u00a0\u00bb\u00a0\u00bb grid_id=\u00a0\u00bbvc_gid:1742565110379-b3c2a65ffedc1885d41350a30b171fc2-9&Prime; taxonomies=\u00a0\u00bb49&Prime;][\/vc_column][\/vc_row][vc_row content_placement=\u00a0\u00bbmiddle\u00a0\u00bb][vc_column width=\u00a0\u00bb1\/3&Prime;][\/vc_column][vc_column width=\u00a0\u00bb1\/3&Prime;][\/vc_column][vc_column width=\u00a0\u00bb1\/3&Prime;][\/vc_column][\/vc_row][vc_row el_id=\u00a0\u00bbcomites\u00a0\u00bb][vc_column][\/vc_column][\/vc_row]","og_url":"https:\/\/conceptsk2.com\/rosedunord-dev\/rose-du-nord-en-action\/","og_site_name":"ROSE du Nord","article_modified_time":"2025-03-21T13:52:09+00:00","og_image":[{"width":1640,"height":924,"url":"https:\/\/conceptsk2.com\/rosedunord-dev\/wp-content\/uploads\/2021\/12\/Offre-finale.png","type":"image\/png"}],"twitter_card":"summary_large_image","schema":{"@context":"https:\/\/schema.org","@graph":[{"@type":"WebPage","@id":"https:\/\/conceptsk2.com\/rosedunord-dev\/rose-du-nord-en-action\/","url":"https:\/\/conceptsk2.com\/rosedunord-dev\/rose-du-nord-en-action\/","name":"ROSE du Nord en action - ROSE du Nord","isPartOf":{"@id":"https:\/\/conceptsk2.com\/rosedunord-dev\/#website"},"datePublished":"2025-03-04T14:56:03+00:00","dateModified":"2025-03-21T13:52:09+00:00","breadcrumb":{"@id":"https:\/\/conceptsk2.com\/rosedunord-dev\/rose-du-nord-en-action\/#breadcrumb"},"inLanguage":"fr-FR","potentialAction":[{"@type":"ReadAction","target":["https:\/\/conceptsk2.com\/rosedunord-dev\/rose-du-nord-en-action\/"]}]},{"@type":"BreadcrumbList","@id":"https:\/\/conceptsk2.com\/rosedunord-dev\/rose-du-nord-en-action\/#breadcrumb","itemListElement":[{"@type":"ListItem","position":1,"name":"Accueil","item":"https:\/\/conceptsk2.com\/rosedunord-dev\/"},{"@type":"ListItem","position":2,"name":"ROSE du Nord en action"}]},{"@type":"WebSite","@id":"https:\/\/conceptsk2.com\/rosedunord-dev\/#website","url":"https:\/\/conceptsk2.com\/rosedunord-dev\/","name":"ROSE du Nord","description":"Le Regroupement des femmes sans emploi du Nord de Qu\u00e9bec","publisher":{"@id":"https:\/\/conceptsk2.com\/rosedunord-dev\/#organization"},"potentialAction":[{"@type":"SearchAction","target":{"@type":"EntryPoint","urlTemplate":"https:\/\/conceptsk2.com\/rosedunord-dev\/?s={search_term_string}"},"query-input":{"@type":"PropertyValueSpecification","valueRequired":true,"valueName":"search_term_string"}}],"inLanguage":"fr-FR"},{"@type":"Organization","@id":"https:\/\/conceptsk2.com\/rosedunord-dev\/#organization","name":"ROSE du Nord","url":"https:\/\/conceptsk2.com\/rosedunord-dev\/","logo":{"@type":"ImageObject","inLanguage":"fr-FR","@id":"https:\/\/conceptsk2.com\/rosedunord-dev\/#\/schema\/logo\/image\/","url":"","contentUrl":"","caption":"ROSE du Nord"},"image":{"@id":"https:\/\/conceptsk2.com\/rosedunord-dev\/#\/schema\/logo\/image\/"}}]}},"_links":{"self":[{"href":"https:\/\/conceptsk2.com\/rosedunord-dev\/wp-json\/wp\/v2\/pages\/3892","targetHints":{"allow":["GET"]}}],"collection":[{"href":"https:\/\/conceptsk2.com\/rosedunord-dev\/wp-json\/wp\/v2\/pages"}],"about":[{"href":"https:\/\/conceptsk2.com\/rosedunord-dev\/wp-json\/wp\/v2\/types\/page"}],"author":[{"embeddable":true,"href":"https:\/\/conceptsk2.com\/rosedunord-dev\/wp-json\/wp\/v2\/users\/1"}],"replies":[{"embeddable":true,"href":"https:\/\/conceptsk2.com\/rosedunord-dev\/wp-json\/wp\/v2\/comments?post=3892"}],"version-history":[{"count":17,"href":"https:\/\/conceptsk2.com\/rosedunord-dev\/wp-json\/wp\/v2\/pages\/3892\/revisions"}],"predecessor-version":[{"id":4129,"href":"https:\/\/conceptsk2.com\/rosedunord-dev\/wp-json\/wp\/v2\/pages\/3892\/revisions\/4129"}],"wp:attachment":[{"href":"https:\/\/conceptsk2.com\/rosedunord-dev\/wp-json\/wp\/v2\/media?parent=3892"}],"curies":[{"name":"wp","href":"https:\/\/api.w.org\/{rel}","templated":true}]}}