{"id":3899,"date":"2025-03-04T15:01:06","date_gmt":"2025-03-04T15:01:06","guid":{"rendered":"https:\/\/conceptsk2.com\/rosedunord-dev\/?page_id=3899"},"modified":"2025-03-13T19:54:10","modified_gmt":"2025-03-13T19:54:10","slug":"vulgarisation-de-la-loi","status":"publish","type":"page","link":"https:\/\/conceptsk2.com\/rosedunord-dev\/documentation\/vulgarisation-de-la-loi\/","title":{"rendered":"Vulgarisation de la Loi"},"content":{"rendered":"<div class=\"wpb-content-wrapper\"><p>[vc_row][vc_column][vc_column_text css=\u00a0\u00bb\u00a0\u00bb]<span style=\"font-weight: 400;\">Se d\u00e9m\u00ealer dans les labyrinthes des param\u00e8tres de l\u2019aide sociale au Qu\u00e9bec, ce n\u2019est pas toujours \u00e9vident! !\u00a0 Voici un tableau r\u00e9sumant les grandes lignes des programmes d\u2019assistance sociale accessibles au Qu\u00e9bec.\u00a0<\/span>[\/vc_column_text]\r\n\t<div class=\"wprt-spacer clearfix\" data-desktop=\"60\" data-mobi=\"60\" data-smobi=\"60\"><\/div>[\/vc_column][\/vc_row][vc_row][vc_column width=\u00a0\u00bb1\/2&Prime;]<div class=\"wprt-headings clearfix \" data-font=24 style=\"\"><h2 class=\"heading clearfix\" style=\"font-size:24px;\">\r\n\t\tObjectif\r\n\t<\/h2><\/div><div class=\"wprt-lines clearfix left\" style=\"height: 2px;margin-top:20px;margin-bottom:40px;\">\r\n\t\t<div class=\"line-1\" style=\"height:2px; width: 70px; background-color: ; margin-top: -1px\"><\/div>\r\n\t\t<div class=\"line-2\" style=\"height:2px; width: 170px; background-color: ; margin-top: -1px\"><\/div>\r\n\t<\/div>[vc_column_text css=\u00a0\u00bb\u00a0\u00bb]<span style=\"font-weight: 400;\">Accompagner les personnes dans leurs d\u00e9marches vers l&rsquo;atteinte et le maintien de leur autonomie \u00e9conomique et sociale<\/span>[\/vc_column_text]\r\n\t<div class=\"wprt-spacer clearfix\" data-desktop=\"60\" data-mobi=\"60\" data-smobi=\"60\"><\/div>[\/vc_column][vc_column width=\u00a0\u00bb1\/2&Prime;]<div class=\"wprt-headings clearfix \" data-font=24 style=\"\"><h2 class=\"heading clearfix\" style=\"font-size:24px;\">\r\n\t\tAdmissibilit\u00e9\r\n\t<\/h2><\/div><div class=\"wprt-lines clearfix left\" style=\"height: 2px;margin-top:20px;margin-bottom:40px;\">\r\n\t\t<div class=\"line-1\" style=\"height:2px; width: 70px; background-color: ; margin-top: -1px\"><\/div>\r\n\t\t<div class=\"line-2\" style=\"height:2px; width: 170px; background-color: ; margin-top: -1px\"><\/div>\r\n\t<\/div>[vc_column_text css=\u00a0\u00bb\u00a0\u00bb]<span style=\"font-weight: 400;\">Tout adulte de 18 ans et + qui n&rsquo;est pas un enfant \u00e0 charge, dont les revenus sont inf\u00e9rieurs aux bar\u00e8mes de l&rsquo;aide sociale et qui n&rsquo;est pas exclu en fonction des avoirs liquides et biens permis<\/span>[\/vc_column_text][\/vc_column][\/vc_row][vc_row][vc_column]\r\n\t<div class=\"wprt-spacer clearfix\" data-desktop=\"60\" data-mobi=\"60\" data-smobi=\"60\"><\/div>[\/vc_column][\/vc_row][vc_row][vc_column][vc_single_image image=\u00a0\u00bb4020&Prime; css=\u00a0\u00bb\u00a0\u00bb][\/vc_column][\/vc_row]<\/p>\n<\/div>","protected":false},"excerpt":{"rendered":"<p>[vc_row][vc_column][vc_column_text css=\u00a0\u00bb\u00a0\u00bb]Se d\u00e9m\u00ealer dans les labyrinthes des param\u00e8tres de l\u2019aide sociale au Qu\u00e9bec, ce n\u2019est pas toujours \u00e9vident! !\u00a0 Voici un tableau r\u00e9sumant les grandes lignes des programmes d\u2019assistance sociale accessibles au Qu\u00e9bec.\u00a0[\/vc_column_text][\/vc_column][\/vc_row][vc_row][vc_column width=\u00a0\u00bb1\/2&Prime;][vc_column_text css=\u00a0\u00bb\u00a0\u00bb]Accompagner les personnes dans leurs d\u00e9marches vers l&rsquo;atteinte et le maintien de leur autonomie \u00e9conomique et sociale[\/vc_column_text][\/vc_column][vc_column width=\u00a0\u00bb1\/2&Prime;][vc_column_text css=\u00a0\u00bb\u00a0\u00bb]Tout adulte de&hellip;<\/p>\n","protected":false},"author":1,"featured_media":0,"parent":2147,"menu_order":0,"comment_status":"closed","ping_status":"closed","template":"","meta":{"_acf_changed":false,"footnotes":""},"class_list":["post-3899","page","type-page","status-publish","hentry"],"acf":[],"yoast_head":"<!-- This site is optimized with the Yoast SEO plugin v24.7 - https:\/\/yoast.com\/wordpress\/plugins\/seo\/ -->\n<title>Vulgarisation de la Loi - ROSE du Nord<\/title>\n<meta name=\"robots\" content=\"noindex, follow, max-snippet:-1, max-image-preview:large, max-video-preview:-1\" \/>\n<meta property=\"og:locale\" content=\"fr_FR\" \/>\n<meta property=\"og:type\" content=\"article\" \/>\n<meta property=\"og:title\" content=\"Vulgarisation de la Loi - ROSE du Nord\" \/>\n<meta property=\"og:description\" content=\"[vc_row][vc_column][vc_column_text css=\u00a0\u00bb\u00a0\u00bb]Se d\u00e9m\u00ealer dans les labyrinthes des param\u00e8tres de l\u2019aide sociale au Qu\u00e9bec, ce n\u2019est pas toujours \u00e9vident! !\u00a0 Voici un tableau r\u00e9sumant les grandes lignes des programmes d\u2019assistance sociale accessibles au Qu\u00e9bec.\u00a0[\/vc_column_text][\/vc_column][\/vc_row][vc_row][vc_column width=\u00a0\u00bb1\/2&Prime;][vc_column_text css=\u00a0\u00bb\u00a0\u00bb]Accompagner les personnes dans leurs d\u00e9marches vers l&rsquo;atteinte et le maintien de leur autonomie \u00e9conomique et sociale[\/vc_column_text][\/vc_column][vc_column width=\u00a0\u00bb1\/2&Prime;][vc_column_text css=\u00a0\u00bb\u00a0\u00bb]Tout adulte de&hellip;\" \/>\n<meta property=\"og:url\" content=\"https:\/\/conceptsk2.com\/rosedunord-dev\/documentation\/vulgarisation-de-la-loi\/\" \/>\n<meta property=\"og:site_name\" content=\"ROSE du Nord\" \/>\n<meta property=\"article:modified_time\" content=\"2025-03-13T19:54:10+00:00\" \/>\n<meta property=\"og:image\" content=\"https:\/\/conceptsk2.com\/rosedunord-dev\/wp-content\/uploads\/2021\/12\/Offre-finale.png\" \/>\n\t<meta property=\"og:image:width\" content=\"1640\" \/>\n\t<meta property=\"og:image:height\" content=\"924\" \/>\n\t<meta property=\"og:image:type\" content=\"image\/png\" \/>\n<meta name=\"twitter:card\" content=\"summary_large_image\" \/>\n<meta name=\"twitter:label1\" content=\"Dur\u00e9e de lecture estim\u00e9e\" \/>\n\t<meta name=\"twitter:data1\" content=\"1 minute\" \/>\n<script type=\"application\/ld+json\" class=\"yoast-schema-graph\">{\"@context\":\"https:\/\/schema.org\",\"@graph\":[{\"@type\":\"WebPage\",\"@id\":\"https:\/\/conceptsk2.com\/rosedunord-dev\/documentation\/vulgarisation-de-la-loi\/\",\"url\":\"https:\/\/conceptsk2.com\/rosedunord-dev\/documentation\/vulgarisation-de-la-loi\/\",\"name\":\"Vulgarisation de la Loi - ROSE du Nord\",\"isPartOf\":{\"@id\":\"https:\/\/conceptsk2.com\/rosedunord-dev\/#website\"},\"datePublished\":\"2025-03-04T15:01:06+00:00\",\"dateModified\":\"2025-03-13T19:54:10+00:00\",\"breadcrumb\":{\"@id\":\"https:\/\/conceptsk2.com\/rosedunord-dev\/documentation\/vulgarisation-de-la-loi\/#breadcrumb\"},\"inLanguage\":\"fr-FR\",\"potentialAction\":[{\"@type\":\"ReadAction\",\"target\":[\"https:\/\/conceptsk2.com\/rosedunord-dev\/documentation\/vulgarisation-de-la-loi\/\"]}]},{\"@type\":\"BreadcrumbList\",\"@id\":\"https:\/\/conceptsk2.com\/rosedunord-dev\/documentation\/vulgarisation-de-la-loi\/#breadcrumb\",\"itemListElement\":[{\"@type\":\"ListItem\",\"position\":1,\"name\":\"Accueil\",\"item\":\"https:\/\/conceptsk2.com\/rosedunord-dev\/\"},{\"@type\":\"ListItem\",\"position\":2,\"name\":\"Documentation\",\"item\":\"https:\/\/conceptsk2.com\/rosedunord-dev\/documentation\/\"},{\"@type\":\"ListItem\",\"position\":3,\"name\":\"Vulgarisation de la Loi\"}]},{\"@type\":\"WebSite\",\"@id\":\"https:\/\/conceptsk2.com\/rosedunord-dev\/#website\",\"url\":\"https:\/\/conceptsk2.com\/rosedunord-dev\/\",\"name\":\"ROSE du Nord\",\"description\":\"Le Regroupement des femmes sans emploi du Nord de Qu\u00e9bec\",\"publisher\":{\"@id\":\"https:\/\/conceptsk2.com\/rosedunord-dev\/#organization\"},\"potentialAction\":[{\"@type\":\"SearchAction\",\"target\":{\"@type\":\"EntryPoint\",\"urlTemplate\":\"https:\/\/conceptsk2.com\/rosedunord-dev\/?s={search_term_string}\"},\"query-input\":{\"@type\":\"PropertyValueSpecification\",\"valueRequired\":true,\"valueName\":\"search_term_string\"}}],\"inLanguage\":\"fr-FR\"},{\"@type\":\"Organization\",\"@id\":\"https:\/\/conceptsk2.com\/rosedunord-dev\/#organization\",\"name\":\"ROSE du Nord\",\"url\":\"https:\/\/conceptsk2.com\/rosedunord-dev\/\",\"logo\":{\"@type\":\"ImageObject\",\"inLanguage\":\"fr-FR\",\"@id\":\"https:\/\/conceptsk2.com\/rosedunord-dev\/#\/schema\/logo\/image\/\",\"url\":\"\",\"contentUrl\":\"\",\"caption\":\"ROSE du Nord\"},\"image\":{\"@id\":\"https:\/\/conceptsk2.com\/rosedunord-dev\/#\/schema\/logo\/image\/\"}}]}<\/script>\n<!-- \/ Yoast SEO plugin. -->","yoast_head_json":{"title":"Vulgarisation de la Loi - ROSE du Nord","robots":{"index":"noindex","follow":"follow","max-snippet":"max-snippet:-1","max-image-preview":"max-image-preview:large","max-video-preview":"max-video-preview:-1"},"og_locale":"fr_FR","og_type":"article","og_title":"Vulgarisation de la Loi - ROSE du Nord","og_description":"[vc_row][vc_column][vc_column_text css=\u00a0\u00bb\u00a0\u00bb]Se d\u00e9m\u00ealer dans les labyrinthes des param\u00e8tres de l\u2019aide sociale au Qu\u00e9bec, ce n\u2019est pas toujours \u00e9vident! !\u00a0 Voici un tableau r\u00e9sumant les grandes lignes des programmes d\u2019assistance sociale accessibles au Qu\u00e9bec.\u00a0[\/vc_column_text][\/vc_column][\/vc_row][vc_row][vc_column width=\u00a0\u00bb1\/2&Prime;][vc_column_text css=\u00a0\u00bb\u00a0\u00bb]Accompagner les personnes dans leurs d\u00e9marches vers l&rsquo;atteinte et le maintien de leur autonomie \u00e9conomique et sociale[\/vc_column_text][\/vc_column][vc_column width=\u00a0\u00bb1\/2&Prime;][vc_column_text css=\u00a0\u00bb\u00a0\u00bb]Tout adulte de&hellip;","og_url":"https:\/\/conceptsk2.com\/rosedunord-dev\/documentation\/vulgarisation-de-la-loi\/","og_site_name":"ROSE du Nord","article_modified_time":"2025-03-13T19:54:10+00:00","og_image":[{"width":1640,"height":924,"url":"https:\/\/conceptsk2.com\/rosedunord-dev\/wp-content\/uploads\/2021\/12\/Offre-finale.png","type":"image\/png"}],"twitter_card":"summary_large_image","twitter_misc":{"Dur\u00e9e de lecture estim\u00e9e":"1 minute"},"schema":{"@context":"https:\/\/schema.org","@graph":[{"@type":"WebPage","@id":"https:\/\/conceptsk2.com\/rosedunord-dev\/documentation\/vulgarisation-de-la-loi\/","url":"https:\/\/conceptsk2.com\/rosedunord-dev\/documentation\/vulgarisation-de-la-loi\/","name":"Vulgarisation de la Loi - ROSE du Nord","isPartOf":{"@id":"https:\/\/conceptsk2.com\/rosedunord-dev\/#website"},"datePublished":"2025-03-04T15:01:06+00:00","dateModified":"2025-03-13T19:54:10+00:00","breadcrumb":{"@id":"https:\/\/conceptsk2.com\/rosedunord-dev\/documentation\/vulgarisation-de-la-loi\/#breadcrumb"},"inLanguage":"fr-FR","potentialAction":[{"@type":"ReadAction","target":["https:\/\/conceptsk2.com\/rosedunord-dev\/documentation\/vulgarisation-de-la-loi\/"]}]},{"@type":"BreadcrumbList","@id":"https:\/\/conceptsk2.com\/rosedunord-dev\/documentation\/vulgarisation-de-la-loi\/#breadcrumb","itemListElement":[{"@type":"ListItem","position":1,"name":"Accueil","item":"https:\/\/conceptsk2.com\/rosedunord-dev\/"},{"@type":"ListItem","position":2,"name":"Documentation","item":"https:\/\/conceptsk2.com\/rosedunord-dev\/documentation\/"},{"@type":"ListItem","position":3,"name":"Vulgarisation de la Loi"}]},{"@type":"WebSite","@id":"https:\/\/conceptsk2.com\/rosedunord-dev\/#website","url":"https:\/\/conceptsk2.com\/rosedunord-dev\/","name":"ROSE du Nord","description":"Le Regroupement des femmes sans emploi du Nord de Qu\u00e9bec","publisher":{"@id":"https:\/\/conceptsk2.com\/rosedunord-dev\/#organization"},"potentialAction":[{"@type":"SearchAction","target":{"@type":"EntryPoint","urlTemplate":"https:\/\/conceptsk2.com\/rosedunord-dev\/?s={search_term_string}"},"query-input":{"@type":"PropertyValueSpecification","valueRequired":true,"valueName":"search_term_string"}}],"inLanguage":"fr-FR"},{"@type":"Organization","@id":"https:\/\/conceptsk2.com\/rosedunord-dev\/#organization","name":"ROSE du Nord","url":"https:\/\/conceptsk2.com\/rosedunord-dev\/","logo":{"@type":"ImageObject","inLanguage":"fr-FR","@id":"https:\/\/conceptsk2.com\/rosedunord-dev\/#\/schema\/logo\/image\/","url":"","contentUrl":"","caption":"ROSE du Nord"},"image":{"@id":"https:\/\/conceptsk2.com\/rosedunord-dev\/#\/schema\/logo\/image\/"}}]}},"_links":{"self":[{"href":"https:\/\/conceptsk2.com\/rosedunord-dev\/wp-json\/wp\/v2\/pages\/3899","targetHints":{"allow":["GET"]}}],"collection":[{"href":"https:\/\/conceptsk2.com\/rosedunord-dev\/wp-json\/wp\/v2\/pages"}],"about":[{"href":"https:\/\/conceptsk2.com\/rosedunord-dev\/wp-json\/wp\/v2\/types\/page"}],"author":[{"embeddable":true,"href":"https:\/\/conceptsk2.com\/rosedunord-dev\/wp-json\/wp\/v2\/users\/1"}],"replies":[{"embeddable":true,"href":"https:\/\/conceptsk2.com\/rosedunord-dev\/wp-json\/wp\/v2\/comments?post=3899"}],"version-history":[{"count":8,"href":"https:\/\/conceptsk2.com\/rosedunord-dev\/wp-json\/wp\/v2\/pages\/3899\/revisions"}],"predecessor-version":[{"id":4086,"href":"https:\/\/conceptsk2.com\/rosedunord-dev\/wp-json\/wp\/v2\/pages\/3899\/revisions\/4086"}],"up":[{"embeddable":true,"href":"https:\/\/conceptsk2.com\/rosedunord-dev\/wp-json\/wp\/v2\/pages\/2147"}],"wp:attachment":[{"href":"https:\/\/conceptsk2.com\/rosedunord-dev\/wp-json\/wp\/v2\/media?parent=3899"}],"curies":[{"name":"wp","href":"https:\/\/api.w.org\/{rel}","templated":true}]}}