{"id":3901,"date":"2025-03-04T15:02:01","date_gmt":"2025-03-04T15:02:01","guid":{"rendered":"https:\/\/conceptsk2.com\/rosedunord-dev\/?page_id=3901"},"modified":"2025-03-13T19:55:09","modified_gmt":"2025-03-13T19:55:09","slug":"outils-divers-dinformation","status":"publish","type":"page","link":"https:\/\/conceptsk2.com\/rosedunord-dev\/documentation\/outils-divers-dinformation\/","title":{"rendered":"Outils divers d\u2019information"},"content":{"rendered":"<div class=\"wpb-content-wrapper\"><p>[vc_row][vc_column]<div class=\"wprt-headings clearfix \"  style=\"\"><h2 class=\"heading clearfix\" style=\"\">\r\n\t\tVolet Aide sociale\r\n\t<\/h2><div class=\"sep clearfix\" style=\"width:50px;height:2px;\"><\/div><\/div>\r\n\t<div class=\"wprt-spacer clearfix\" data-desktop=\"25\" data-mobi=\"25\" data-smobi=\"0\"><\/div>[vc_column_text]De nombreuses publications nous aident \u00e0 mieux comprendre les r\u00e9alit\u00e9s des femmes assist\u00e9es sociales ou en situation de pauvret\u00e9, ainsi qu\u2019\u00e0 construire un argumentaire solide lorsque nous menons des luttes pour l\u2019am\u00e9lioration de leurs conditions de vie.<\/p>\n<p>Nous en avons identifi\u00e9 quelques-unes ici\u00a0:[\/vc_column_text][vc_column_text]De nombreuses publications nous aident \u00e0 mieux comprendre les r\u00e9alit\u00e9s des femmes assist\u00e9es sociales ou en situation de pauvret\u00e9, ainsi qu\u2019\u00e0 construire un argumentaire solide lorsque nous menons des luttes pour l\u2019am\u00e9lioration de leurs conditions de vie.<\/p>\n<p>Nous en avons identifi\u00e9 quelques-unes ici\u00a0:[\/vc_column_text][\/vc_column][\/vc_row][vc_row][vc_column][vc_column_text]<\/p>\n<ul>\n<li style=\"list-style-type: none;\">\n<ul>\n<li><strong><img loading=\"lazy\" decoding=\"async\" class=\"alignright wp-image-2824 size-full\" src=\"https:\/\/conceptsk2.com\/rosedunord-dev\/wp-content\/uploads\/2019\/08\/documentation-aide-sociale.jpg\" alt=\"\" width=\"400\" height=\"300\" srcset=\"https:\/\/conceptsk2.com\/rosedunord-dev\/wp-content\/uploads\/2019\/08\/documentation-aide-sociale.jpg 400w, https:\/\/conceptsk2.com\/rosedunord-dev\/wp-content\/uploads\/2019\/08\/documentation-aide-sociale-300x225.jpg 300w\" sizes=\"auto, (max-width: 400px) 100vw, 400px\" \/>Aide \u00e0 la d\u00e9cision en ligne (ADEL).<\/strong><br \/>\nEn ligne\u00a0: <a href=\"http:\/\/www.mani.mess.gouv.qc.ca\/\">http:\/\/www.mani.mess.gouv.qc.ca\/<\/a><\/li>\n<li><strong>CanLII, Institut canadien d\u2019information juridique.<\/strong><br \/>\nEn ligne\u00a0: <a href=\"https:\/\/www.canlii.org\/fr\/qc\/\">https:\/\/www.canlii.org\/fr\/qc\/<\/a><\/li>\n<li><em>Femmes assist\u00e9es sociales, la parole est \u00e0 nous! (2004)<\/em><br \/>\n<strong>Comit\u00e9 femme du Front commun des personnes assist\u00e9es sociales du Qu\u00e9bec<\/strong> (en ligne)<br \/>\n<a href=\"http:\/\/www.pauvrete.qc.ca\/document\/femmes-assistees-sociales-la-parole-est-a-nous\/\" target=\"_blank\" rel=\"noopener noreferrer\">http:\/\/www.pauvrete.qc.ca\/document\/femmes-assistees-sociales-la-parole-est-a-nous\/<\/a><br \/>\nCe rapport rend compte des r\u00e9sultats d\u2019une recherche action men\u00e9e par le comit\u00e9 femmes <em>du Front commun des personnes assist\u00e9es sociales du Qu\u00e9bec<\/em>. Bien que datant de 2004, il nous est toujours tr\u00e8s utile pour bien comprendre le v\u00e9cu ardu des femmes \u00e0 l\u2019aide sociale et des changements qu\u2019elles souhaiteraient voir dans la soci\u00e9t\u00e9 pour am\u00e9liorer leurs conditions de vie.<\/li>\n<li><em>Histoire du droit \u00e0 l\u2019aide sociale au Qu\u00e9bec (1969-2011)<\/em>,<br \/>\n<strong>Front commun des personnes assist\u00e9es sociales du Qu\u00e9bec<\/strong>, en ligne\u00a0:<br \/>\n<a href=\"http:\/\/www.agepa.qc.ca\/documents\/publications-outils\/lhistoire-du-droit-a-laide-sociale-au-quebec-1969-2011-fcpasq-2011.pdf\" target=\"_blank\" rel=\"noopener noreferrer\">http:\/\/www.agepa.qc.ca\/documents\/publications-outils\/lhistoire-du-droit-a-laide-sociale-au-quebec-1969-2011-fcpasq-2011.pdf<\/a><br \/>\nCe document pr\u00e9sente l\u2019histoire de l\u2019aide sociale au Qu\u00e9bec, fruit de plusieurs ann\u00e9es de recherche men\u00e9e par le Front commun des personnes assist\u00e9es sociales du Qu\u00e9bec. Cette ressource permet de remettre en contexte les nombreuses modifications aux programmes d\u2019aide de dernier recours depuis la cr\u00e9ation de la premi\u00e8re Loi sur l\u2019aide sociale, en 1969.<\/li>\n<li><em>Positionnement de la r\u00e9gion et des territoires de centres-locaux d\u2019emploi d\u2019apr\u00e8s l\u2019indice de d\u00e9favorisation mat\u00e9rielle et sociale<\/em> (2011)<br \/>\n<strong>Institut de la Statistique du Qu\u00e9bec<\/strong>, en ligne\u00a0:<br \/>\n<a href=\"http:\/\/www.bdso.gouv.qc.ca\/docs-ken\/multimedia\/PB01600FR_IDMS2011H00F03.pdf\" target=\"_blank\" rel=\"noopener noreferrer\">http:\/\/www.bdso.gouv.qc.ca\/docs-ken\/multimedia\/PB01600FR_IDMS2011H00F03.pdf<\/a><br \/>\nCe document pr\u00e9sente, pour les territoires couverts par chaque Centre local d\u2019emploi, l\u2019indice de <em>d\u00e9favorisation<\/em> mat\u00e9rielle et sociale de la population. Cela nous donne une id\u00e9e des secteurs ou il y a une plus grande proportion de personnes en situation de pauvret\u00e9 ou vivant de l\u2019isolement social. Cela nous donne des informations sur les milieux \u00e0 approcher afin de rejoindre de nouvelles femmes sans emploi qui pourraient \u00eatre int\u00e9ress\u00e9es par les services et activit\u00e9s de ROSE du Nord. De plus, cela nous donne des informations pertinentes sur l\u2019\u00e9tat de la pauvret\u00e9 dans l\u2019arrondissement de Charlesbourg, o\u00f9 se trouvent nos locaux.<\/li>\n<li><em>Les mesures d\u2019aust\u00e9rit\u00e9 et les femmes\u00a0: analyse des documents budg\u00e9taires depuis 2008<\/em> (2015)<br \/>\n<strong>Institut de recherche socio\u00e9conomique<\/strong>, en ligne\u00a0:<br \/>\n<a href=\"https:\/\/cdn.iris-recherche.qc.ca\/uploads\/publication\/file\/Femmes_et_austerite_WEB.pdf\" target=\"_blank\" rel=\"noopener noreferrer\">https:\/\/cdn.iris-recherche.qc.ca\/uploads\/publication\/file\/Femmes_et_austerite_WEB.pdf<\/a><br \/>\nCette \u00e9tude publi\u00e9e en 2015 r\u00e9v\u00e8le les impacts plus grands sur les femmes des politiques d\u2019aust\u00e9rit\u00e9 appliqu\u00e9es par le gouvernement provincial. Ce genre de donn\u00e9es nous aide \u00e0 construire l\u2019argumentaire f\u00e9ministe que nous diffusons dans le cadre de nos luttes.<\/li>\n<li><em>Le revenu viable\u00a0: indicateur de sortie de la pauvret\u00e9 en 2018<\/em> (2018)<br \/>\n<strong>Institut de recherche socio\u00e9conomique<\/strong>, en ligne\u00a0:<br \/>\n<a href=\"https:\/\/cdn.iris-recherche.qc.ca\/uploads\/publication\/file\/Revenu_viable_20180414_WEB.pdf\" target=\"_blank\" rel=\"noopener noreferrer\">https:\/\/cdn.iris-recherche.qc.ca\/uploads\/publication\/file\/Revenu_viable_20180414_WEB.pdf<\/a><br \/>\nCette recherche propose un indicateur probant de sortie de la pauvret\u00e9, ce qui est tr\u00e8s important pour nos revendications, alors que le dernier gouvernement souhaitait instaurer un revenu minimum. De plus, ces donn\u00e9es sont modul\u00e9es par r\u00e9gion, ce qui nous donne des indications pour la ville de Qu\u00e9bec.<\/li>\n<\/ul>\n<\/li>\n<\/ul>\n<p>[\/vc_column_text]\r\n\t<div class=\"wprt-spacer clearfix\" data-desktop=\"60\" data-mobi=\"0\" data-smobi=\"0\"><\/div>[\/vc_column][\/vc_row][vc_row][vc_column]<div class=\"wprt-headings clearfix \"  style=\"\"><h2 class=\"heading clearfix\" style=\"\">\r\n\t\tVolet F\u00e9minisme\r\n\t<\/h2><div class=\"sep clearfix\" style=\"width:50px;height:2px;\"><\/div><\/div>\r\n\t<div class=\"wprt-spacer clearfix\" data-desktop=\"20\" data-mobi=\"0\" data-smobi=\"0\"><\/div>[vc_column_text]<\/p>\n<ul>\n<li><em><img loading=\"lazy\" decoding=\"async\" class=\"alignright wp-image-2821 size-full\" src=\"https:\/\/conceptsk2.com\/rosedunord-dev\/wp-content\/uploads\/2019\/08\/feminisme-documentation.jpg\" alt=\"\" width=\"400\" height=\"300\" srcset=\"https:\/\/conceptsk2.com\/rosedunord-dev\/wp-content\/uploads\/2019\/08\/feminisme-documentation.jpg 400w, https:\/\/conceptsk2.com\/rosedunord-dev\/wp-content\/uploads\/2019\/08\/feminisme-documentation-300x225.jpg 300w\" sizes=\"auto, (max-width: 400px) 100vw, 400px\" \/>Avis : les femmes et la pauvret\u00e9 dans la r\u00e9gion de la Capitale-Nationale (2012) <\/em><br \/>\n<strong>Regroupement des groupes de femmes de la Capitale-Nationale <\/strong> (en ligne)<a href=\"https:\/\/www.chaireclairebonenfant.ulaval.ca\/sites\/chaireclairebonenfant.ulaval.ca\/files\/avis_capitalenationale.pdf\" target=\"_blank\" rel=\"noopener noreferrer\"><br \/>\nhttp:\/\/www.pauvrete.qc.ca\/document\/femmes-assistees-sociales-la-parole-est-a-nous\/<\/a><br \/>\nCet avis offre des statistiques int\u00e9ressantes sur la situation des femmes d\u00e9favoris\u00e9es de la r\u00e9gion de Qu\u00e9bec. Ces donn\u00e9es sont utiles pour mieux comprendre l\u2019ampleur du probl\u00e8me au sein de notre ville.<\/li>\n<li><em>T\u00e2ches domestiques\u00a0: encore loin d\u2019un partage \u00e9quitable<\/em> (2014)<br \/>\n<strong>Institut de recherche socio\u00e9conomique<\/strong>, en ligne:<br \/>\n<a href=\"https:\/\/cdn.iris-recherche.qc.ca\/uploads\/publication\/file\/14-01239-IRIS-Notes-Taches-domestiques_WEB.pdf\" target=\"_blank\" rel=\"noopener noreferrer\">https:\/\/cdn.iris-recherche.qc.ca\/uploads\/publication\/file\/14-01239-IRIS-Notes-Taches-domestiques_WEB.pdf<\/a><br \/>\nCette \u00e9tude publi\u00e9e en 2014 met en lumi\u00e8re l\u2019ampleur du travail invisible effectu\u00e9 par les femmes dans la sph\u00e8re domestique. Ces informations nous permettent encore une fois de bonifier notre argumentaire sur les in\u00e9galit\u00e9s entre les hommes et les femmes.<\/li>\n<li><em>Portrait des qu\u00e9b\u00e9coise <\/em>(2018)<br \/>\n<strong>Conseil du statut de la femme<\/strong>, en ligne\u00a0:<br \/>\n<a href=\"https:\/\/www.csf.gouv.qc.ca\/wp-content\/uploads\/Por_portrait_quebecoises.pdf\" target=\"_blank\" rel=\"noopener noreferrer\">https:\/\/www.csf.gouv.qc.ca\/wp-content\/uploads\/Por_portrait_quebecoises.pdf<\/a><br \/>\nCe document pr\u00e9sente des donn\u00e9es socio\u00e9conomiques concernant diff\u00e9rents aspects de la vie des femmes au Qu\u00e9bec (\u00e9ducation, revenus, situation familiale, participation aux instances de pouvoir, etc.). Cela nous donne une id\u00e9e des in\u00e9galit\u00e9s encore pr\u00e9sentes dans la soci\u00e9t\u00e9 qu\u00e9b\u00e9coise entre les hommes et les femmes. Ces donn\u00e9es influencent notre analyse de la situation des femmes et les revendications f\u00e9ministes que nous portons dans l\u2019espace public.<\/li>\n<\/ul>\n<p>[\/vc_column_text]\r\n\t<div class=\"wprt-spacer clearfix\" data-desktop=\"60\" data-mobi=\"0\" data-smobi=\"0\"><\/div>[\/vc_column][\/vc_row]<\/p>\n<\/div>","protected":false},"excerpt":{"rendered":"<p>[vc_row][vc_column][vc_column_text]De nombreuses publications nous aident \u00e0 mieux comprendre les r\u00e9alit\u00e9s des femmes assist\u00e9es sociales ou en situation de pauvret\u00e9, ainsi qu\u2019\u00e0 construire un argumentaire solide lorsque nous menons des luttes pour l\u2019am\u00e9lioration de leurs conditions de vie. Nous en avons identifi\u00e9 quelques-unes ici\u00a0:[\/vc_column_text][vc_column_text]De nombreuses publications nous aident \u00e0 mieux comprendre les r\u00e9alit\u00e9s des femmes assist\u00e9es&hellip;<\/p>\n","protected":false},"author":1,"featured_media":0,"parent":2147,"menu_order":0,"comment_status":"closed","ping_status":"closed","template":"","meta":{"_acf_changed":false,"footnotes":""},"class_list":["post-3901","page","type-page","status-publish","hentry"],"acf":[],"yoast_head":"<!-- This site is optimized with the Yoast SEO plugin v24.7 - https:\/\/yoast.com\/wordpress\/plugins\/seo\/ -->\n<title>Outils divers d\u2019information - ROSE du Nord<\/title>\n<meta name=\"robots\" content=\"noindex, follow, max-snippet:-1, max-image-preview:large, max-video-preview:-1\" \/>\n<meta property=\"og:locale\" content=\"fr_FR\" \/>\n<meta property=\"og:type\" content=\"article\" \/>\n<meta property=\"og:title\" content=\"Outils divers d\u2019information - ROSE du Nord\" \/>\n<meta property=\"og:description\" content=\"[vc_row][vc_column][vc_column_text]De nombreuses publications nous aident \u00e0 mieux comprendre les r\u00e9alit\u00e9s des femmes assist\u00e9es sociales ou en situation de pauvret\u00e9, ainsi qu\u2019\u00e0 construire un argumentaire solide lorsque nous menons des luttes pour l\u2019am\u00e9lioration de leurs conditions de vie. Nous en avons identifi\u00e9 quelques-unes ici\u00a0:[\/vc_column_text][vc_column_text]De nombreuses publications nous aident \u00e0 mieux comprendre les r\u00e9alit\u00e9s des femmes assist\u00e9es&hellip;\" \/>\n<meta property=\"og:url\" content=\"https:\/\/conceptsk2.com\/rosedunord-dev\/documentation\/outils-divers-dinformation\/\" \/>\n<meta property=\"og:site_name\" content=\"ROSE du Nord\" \/>\n<meta property=\"article:modified_time\" content=\"2025-03-13T19:55:09+00:00\" \/>\n<meta property=\"og:image\" content=\"https:\/\/conceptsk2.com\/rosedunord-dev\/wp-content\/uploads\/2019\/08\/documentation-aide-sociale.jpg\" \/>\n\t<meta property=\"og:image:width\" content=\"400\" \/>\n\t<meta property=\"og:image:height\" content=\"300\" \/>\n\t<meta property=\"og:image:type\" content=\"image\/jpeg\" \/>\n<meta name=\"twitter:card\" content=\"summary_large_image\" \/>\n<meta name=\"twitter:label1\" content=\"Dur\u00e9e de lecture estim\u00e9e\" \/>\n\t<meta name=\"twitter:data1\" content=\"5 minutes\" \/>\n<script type=\"application\/ld+json\" class=\"yoast-schema-graph\">{\"@context\":\"https:\/\/schema.org\",\"@graph\":[{\"@type\":\"WebPage\",\"@id\":\"https:\/\/conceptsk2.com\/rosedunord-dev\/documentation\/outils-divers-dinformation\/\",\"url\":\"https:\/\/conceptsk2.com\/rosedunord-dev\/documentation\/outils-divers-dinformation\/\",\"name\":\"Outils divers d\u2019information - ROSE du Nord\",\"isPartOf\":{\"@id\":\"https:\/\/conceptsk2.com\/rosedunord-dev\/#website\"},\"primaryImageOfPage\":{\"@id\":\"https:\/\/conceptsk2.com\/rosedunord-dev\/documentation\/outils-divers-dinformation\/#primaryimage\"},\"image\":{\"@id\":\"https:\/\/conceptsk2.com\/rosedunord-dev\/documentation\/outils-divers-dinformation\/#primaryimage\"},\"thumbnailUrl\":\"https:\/\/conceptsk2.com\/rosedunord-dev\/wp-content\/uploads\/2019\/08\/documentation-aide-sociale.jpg\",\"datePublished\":\"2025-03-04T15:02:01+00:00\",\"dateModified\":\"2025-03-13T19:55:09+00:00\",\"breadcrumb\":{\"@id\":\"https:\/\/conceptsk2.com\/rosedunord-dev\/documentation\/outils-divers-dinformation\/#breadcrumb\"},\"inLanguage\":\"fr-FR\",\"potentialAction\":[{\"@type\":\"ReadAction\",\"target\":[\"https:\/\/conceptsk2.com\/rosedunord-dev\/documentation\/outils-divers-dinformation\/\"]}]},{\"@type\":\"ImageObject\",\"inLanguage\":\"fr-FR\",\"@id\":\"https:\/\/conceptsk2.com\/rosedunord-dev\/documentation\/outils-divers-dinformation\/#primaryimage\",\"url\":\"https:\/\/conceptsk2.com\/rosedunord-dev\/wp-content\/uploads\/2019\/08\/documentation-aide-sociale.jpg\",\"contentUrl\":\"https:\/\/conceptsk2.com\/rosedunord-dev\/wp-content\/uploads\/2019\/08\/documentation-aide-sociale.jpg\",\"width\":400,\"height\":300},{\"@type\":\"BreadcrumbList\",\"@id\":\"https:\/\/conceptsk2.com\/rosedunord-dev\/documentation\/outils-divers-dinformation\/#breadcrumb\",\"itemListElement\":[{\"@type\":\"ListItem\",\"position\":1,\"name\":\"Accueil\",\"item\":\"https:\/\/conceptsk2.com\/rosedunord-dev\/\"},{\"@type\":\"ListItem\",\"position\":2,\"name\":\"Documentation\",\"item\":\"https:\/\/conceptsk2.com\/rosedunord-dev\/documentation\/\"},{\"@type\":\"ListItem\",\"position\":3,\"name\":\"Outils divers d\u2019information\"}]},{\"@type\":\"WebSite\",\"@id\":\"https:\/\/conceptsk2.com\/rosedunord-dev\/#website\",\"url\":\"https:\/\/conceptsk2.com\/rosedunord-dev\/\",\"name\":\"ROSE du Nord\",\"description\":\"Le Regroupement des femmes sans emploi du Nord de Qu\u00e9bec\",\"publisher\":{\"@id\":\"https:\/\/conceptsk2.com\/rosedunord-dev\/#organization\"},\"potentialAction\":[{\"@type\":\"SearchAction\",\"target\":{\"@type\":\"EntryPoint\",\"urlTemplate\":\"https:\/\/conceptsk2.com\/rosedunord-dev\/?s={search_term_string}\"},\"query-input\":{\"@type\":\"PropertyValueSpecification\",\"valueRequired\":true,\"valueName\":\"search_term_string\"}}],\"inLanguage\":\"fr-FR\"},{\"@type\":\"Organization\",\"@id\":\"https:\/\/conceptsk2.com\/rosedunord-dev\/#organization\",\"name\":\"ROSE du Nord\",\"url\":\"https:\/\/conceptsk2.com\/rosedunord-dev\/\",\"logo\":{\"@type\":\"ImageObject\",\"inLanguage\":\"fr-FR\",\"@id\":\"https:\/\/conceptsk2.com\/rosedunord-dev\/#\/schema\/logo\/image\/\",\"url\":\"\",\"contentUrl\":\"\",\"caption\":\"ROSE du Nord\"},\"image\":{\"@id\":\"https:\/\/conceptsk2.com\/rosedunord-dev\/#\/schema\/logo\/image\/\"}}]}<\/script>\n<!-- \/ Yoast SEO plugin. -->","yoast_head_json":{"title":"Outils divers d\u2019information - ROSE du Nord","robots":{"index":"noindex","follow":"follow","max-snippet":"max-snippet:-1","max-image-preview":"max-image-preview:large","max-video-preview":"max-video-preview:-1"},"og_locale":"fr_FR","og_type":"article","og_title":"Outils divers d\u2019information - ROSE du Nord","og_description":"[vc_row][vc_column][vc_column_text]De nombreuses publications nous aident \u00e0 mieux comprendre les r\u00e9alit\u00e9s des femmes assist\u00e9es sociales ou en situation de pauvret\u00e9, ainsi qu\u2019\u00e0 construire un argumentaire solide lorsque nous menons des luttes pour l\u2019am\u00e9lioration de leurs conditions de vie. Nous en avons identifi\u00e9 quelques-unes ici\u00a0:[\/vc_column_text][vc_column_text]De nombreuses publications nous aident \u00e0 mieux comprendre les r\u00e9alit\u00e9s des femmes assist\u00e9es&hellip;","og_url":"https:\/\/conceptsk2.com\/rosedunord-dev\/documentation\/outils-divers-dinformation\/","og_site_name":"ROSE du Nord","article_modified_time":"2025-03-13T19:55:09+00:00","og_image":[{"width":400,"height":300,"url":"https:\/\/conceptsk2.com\/rosedunord-dev\/wp-content\/uploads\/2019\/08\/documentation-aide-sociale.jpg","type":"image\/jpeg"}],"twitter_card":"summary_large_image","twitter_misc":{"Dur\u00e9e de lecture estim\u00e9e":"5 minutes"},"schema":{"@context":"https:\/\/schema.org","@graph":[{"@type":"WebPage","@id":"https:\/\/conceptsk2.com\/rosedunord-dev\/documentation\/outils-divers-dinformation\/","url":"https:\/\/conceptsk2.com\/rosedunord-dev\/documentation\/outils-divers-dinformation\/","name":"Outils divers d\u2019information - ROSE du Nord","isPartOf":{"@id":"https:\/\/conceptsk2.com\/rosedunord-dev\/#website"},"primaryImageOfPage":{"@id":"https:\/\/conceptsk2.com\/rosedunord-dev\/documentation\/outils-divers-dinformation\/#primaryimage"},"image":{"@id":"https:\/\/conceptsk2.com\/rosedunord-dev\/documentation\/outils-divers-dinformation\/#primaryimage"},"thumbnailUrl":"https:\/\/conceptsk2.com\/rosedunord-dev\/wp-content\/uploads\/2019\/08\/documentation-aide-sociale.jpg","datePublished":"2025-03-04T15:02:01+00:00","dateModified":"2025-03-13T19:55:09+00:00","breadcrumb":{"@id":"https:\/\/conceptsk2.com\/rosedunord-dev\/documentation\/outils-divers-dinformation\/#breadcrumb"},"inLanguage":"fr-FR","potentialAction":[{"@type":"ReadAction","target":["https:\/\/conceptsk2.com\/rosedunord-dev\/documentation\/outils-divers-dinformation\/"]}]},{"@type":"ImageObject","inLanguage":"fr-FR","@id":"https:\/\/conceptsk2.com\/rosedunord-dev\/documentation\/outils-divers-dinformation\/#primaryimage","url":"https:\/\/conceptsk2.com\/rosedunord-dev\/wp-content\/uploads\/2019\/08\/documentation-aide-sociale.jpg","contentUrl":"https:\/\/conceptsk2.com\/rosedunord-dev\/wp-content\/uploads\/2019\/08\/documentation-aide-sociale.jpg","width":400,"height":300},{"@type":"BreadcrumbList","@id":"https:\/\/conceptsk2.com\/rosedunord-dev\/documentation\/outils-divers-dinformation\/#breadcrumb","itemListElement":[{"@type":"ListItem","position":1,"name":"Accueil","item":"https:\/\/conceptsk2.com\/rosedunord-dev\/"},{"@type":"ListItem","position":2,"name":"Documentation","item":"https:\/\/conceptsk2.com\/rosedunord-dev\/documentation\/"},{"@type":"ListItem","position":3,"name":"Outils divers d\u2019information"}]},{"@type":"WebSite","@id":"https:\/\/conceptsk2.com\/rosedunord-dev\/#website","url":"https:\/\/conceptsk2.com\/rosedunord-dev\/","name":"ROSE du Nord","description":"Le Regroupement des femmes sans emploi du Nord de Qu\u00e9bec","publisher":{"@id":"https:\/\/conceptsk2.com\/rosedunord-dev\/#organization"},"potentialAction":[{"@type":"SearchAction","target":{"@type":"EntryPoint","urlTemplate":"https:\/\/conceptsk2.com\/rosedunord-dev\/?s={search_term_string}"},"query-input":{"@type":"PropertyValueSpecification","valueRequired":true,"valueName":"search_term_string"}}],"inLanguage":"fr-FR"},{"@type":"Organization","@id":"https:\/\/conceptsk2.com\/rosedunord-dev\/#organization","name":"ROSE du Nord","url":"https:\/\/conceptsk2.com\/rosedunord-dev\/","logo":{"@type":"ImageObject","inLanguage":"fr-FR","@id":"https:\/\/conceptsk2.com\/rosedunord-dev\/#\/schema\/logo\/image\/","url":"","contentUrl":"","caption":"ROSE du Nord"},"image":{"@id":"https:\/\/conceptsk2.com\/rosedunord-dev\/#\/schema\/logo\/image\/"}}]}},"_links":{"self":[{"href":"https:\/\/conceptsk2.com\/rosedunord-dev\/wp-json\/wp\/v2\/pages\/3901","targetHints":{"allow":["GET"]}}],"collection":[{"href":"https:\/\/conceptsk2.com\/rosedunord-dev\/wp-json\/wp\/v2\/pages"}],"about":[{"href":"https:\/\/conceptsk2.com\/rosedunord-dev\/wp-json\/wp\/v2\/types\/page"}],"author":[{"embeddable":true,"href":"https:\/\/conceptsk2.com\/rosedunord-dev\/wp-json\/wp\/v2\/users\/1"}],"replies":[{"embeddable":true,"href":"https:\/\/conceptsk2.com\/rosedunord-dev\/wp-json\/wp\/v2\/comments?post=3901"}],"version-history":[{"count":6,"href":"https:\/\/conceptsk2.com\/rosedunord-dev\/wp-json\/wp\/v2\/pages\/3901\/revisions"}],"predecessor-version":[{"id":4088,"href":"https:\/\/conceptsk2.com\/rosedunord-dev\/wp-json\/wp\/v2\/pages\/3901\/revisions\/4088"}],"up":[{"embeddable":true,"href":"https:\/\/conceptsk2.com\/rosedunord-dev\/wp-json\/wp\/v2\/pages\/2147"}],"wp:attachment":[{"href":"https:\/\/conceptsk2.com\/rosedunord-dev\/wp-json\/wp\/v2\/media?parent=3901"}],"curies":[{"name":"wp","href":"https:\/\/api.w.org\/{rel}","templated":true}]}}