{"id":3903,"date":"2025-03-04T15:06:49","date_gmt":"2025-03-04T15:06:49","guid":{"rendered":"https:\/\/conceptsk2.com\/rosedunord-dev\/?page_id=3903"},"modified":"2025-03-20T20:14:31","modified_gmt":"2025-03-20T20:14:31","slug":"revue-de-presse","status":"publish","type":"page","link":"https:\/\/conceptsk2.com\/rosedunord-dev\/documentation\/revue-de-presse\/","title":{"rendered":"Revue de Presse"},"content":{"rendered":"<div class=\"wpb-content-wrapper\"><p>[vc_row css=\u00a0\u00bb.vc_custom_1742501636525{margin-bottom: 40px !important;}\u00a0\u00bb][vc_column]<div class=\"wprt-headings clearfix \"  style=\"\"><h2 class=\"heading clearfix\" style=\"\">\r\n\t\t2024\r\n\t<\/h2><div class=\"sep clearfix\" style=\"width:50px;height:2px;\"><\/div><\/div>[\/vc_column][\/vc_row][vc_row][vc_column width=\u00a0\u00bb3\/4&Prime;]<div class=\"wprt-headings clearfix \"  style=\"\"><h4 class=\"heading clearfix\" style=\"font-weight:500;\">\r\n\t\tUne r\u00e9forme de l\u2019assistance sociale \u00e0 co\u00fbt nul pour le minist\u00e8re, on\u00e9reux pour les femmes du Qu\u00e9bec\r\n\t<\/h4><p class=\"sub-heading clearfix\" style=\"font-style:normal;font-weight:600;color:#942C61;\">\r\n\t\tLe Devoir - 8 octobre 2024\r\n\t<\/p><\/div>[\/vc_column][vc_column width=\u00a0\u00bb1\/4&Prime;][vc_btn title=\u00a0\u00bbLIRE L&rsquo;ARTICLE\u00a0\u00bb style=\u00a0\u00bbcustom\u00a0\u00bb custom_background=\u00a0\u00bb#942C61&Prime; custom_text=\u00a0\u00bb#FFFFFF\u00a0\u00bb shape=\u00a0\u00bbsquare\u00a0\u00bb css=\u00a0\u00bb\u00a0\u00bb link=\u00a0\u00bburl:https%3A%2F%2Fconceptsk2.com%2Frosedunord-dev%2Fwp-content%2Fuploads%2F2025%2F03%2Fune-reforme-de-lassistance-sociale-le-devoir.pdf|target:_blank\u00a0\u00bb][\/vc_column][\/vc_row][vc_row css=\u00a0\u00bb.vc_custom_1742501653882{margin-bottom: 40px !important;}\u00a0\u00bb][vc_column]\r\n\t<div class=\"wprt-spacer clearfix\" data-desktop=\"50\" data-mobi=\"50\" data-smobi=\"50\"><\/div><div class=\"wprt-headings clearfix \"  style=\"\"><h2 class=\"heading clearfix\" style=\"\">\r\n\t\t2022\r\n\t<\/h2><div class=\"sep clearfix\" style=\"width:50px;height:2px;\"><\/div><\/div>[\/vc_column][\/vc_row][vc_row][vc_column width=\u00a0\u00bb3\/4&Prime;]<div class=\"wprt-headings clearfix \"  style=\"\"><h4 class=\"heading clearfix\" style=\"font-weight:500;\">\r\n\t\tOpinion -  Pour lutter contre la pauvret\u00e9, \u00e7a prend plus que la guignol\u00e9e\r\n\t<\/h4><p class=\"sub-heading clearfix\" style=\"font-style:normal;font-weight:600;color:#942C61;\">\r\n\t\tLe Devoir - 3 d\u00e9cembre 2022\r\n\t<\/p><\/div>[\/vc_column][vc_column width=\u00a0\u00bb1\/4&Prime;][vc_btn title=\u00a0\u00bbLIRE L&rsquo;ARTICLE\u00a0\u00bb style=\u00a0\u00bbcustom\u00a0\u00bb custom_background=\u00a0\u00bb#942C61&Prime; custom_text=\u00a0\u00bb#FFFFFF\u00a0\u00bb shape=\u00a0\u00bbsquare\u00a0\u00bb css=\u00a0\u00bb\u00a0\u00bb link=\u00a0\u00bburl:https%3A%2F%2Fconceptsk2.com%2Frosedunord-dev%2Fwp-content%2Fuploads%2F2025%2F03%2Fopinion-pour-lutter-contre-la-pauvrete-le-devoir.pdf|target:_blank\u00a0\u00bb][\/vc_column][\/vc_row]<\/p>\n<\/div>","protected":false},"excerpt":{"rendered":"<p>[vc_row css=\u00a0\u00bb.vc_custom_1742501636525{margin-bottom: 40px !important;}\u00a0\u00bb][vc_column][\/vc_column][\/vc_row][vc_row][vc_column width=\u00a0\u00bb3\/4&Prime;][\/vc_column][vc_column width=\u00a0\u00bb1\/4&Prime;][vc_btn title=\u00a0\u00bbLIRE L&rsquo;ARTICLE\u00a0\u00bb style=\u00a0\u00bbcustom\u00a0\u00bb custom_background=\u00a0\u00bb#942C61&Prime; custom_text=\u00a0\u00bb#FFFFFF\u00a0\u00bb shape=\u00a0\u00bbsquare\u00a0\u00bb css=\u00a0\u00bb\u00a0\u00bb link=\u00a0\u00bburl:https%3A%2F%2Fconceptsk2.com%2Frosedunord-dev%2Fwp-content%2Fuploads%2F2025%2F03%2Fune-reforme-de-lassistance-sociale-le-devoir.pdf|target:_blank\u00a0\u00bb][\/vc_column][\/vc_row][vc_row css=\u00a0\u00bb.vc_custom_1742501653882{margin-bottom: 40px !important;}\u00a0\u00bb][vc_column][\/vc_column][\/vc_row][vc_row][vc_column width=\u00a0\u00bb3\/4&Prime;][\/vc_column][vc_column width=\u00a0\u00bb1\/4&Prime;][vc_btn title=\u00a0\u00bbLIRE L&rsquo;ARTICLE\u00a0\u00bb style=\u00a0\u00bbcustom\u00a0\u00bb custom_background=\u00a0\u00bb#942C61&Prime; custom_text=\u00a0\u00bb#FFFFFF\u00a0\u00bb shape=\u00a0\u00bbsquare\u00a0\u00bb css=\u00a0\u00bb\u00a0\u00bb link=\u00a0\u00bburl:https%3A%2F%2Fconceptsk2.com%2Frosedunord-dev%2Fwp-content%2Fuploads%2F2025%2F03%2Fopinion-pour-lutter-contre-la-pauvrete-le-devoir.pdf|target:_blank\u00a0\u00bb][\/vc_column][\/vc_row]<\/p>\n","protected":false},"author":1,"featured_media":0,"parent":2147,"menu_order":0,"comment_status":"closed","ping_status":"closed","template":"","meta":{"_acf_changed":false,"footnotes":""},"class_list":["post-3903","page","type-page","status-publish","hentry"],"acf":[],"yoast_head":"<!-- This site is optimized with the Yoast SEO plugin v24.7 - https:\/\/yoast.com\/wordpress\/plugins\/seo\/ -->\n<title>Revue de Presse - ROSE du Nord<\/title>\n<meta name=\"robots\" content=\"noindex, follow, max-snippet:-1, max-image-preview:large, max-video-preview:-1\" \/>\n<meta property=\"og:locale\" content=\"fr_FR\" \/>\n<meta property=\"og:type\" content=\"article\" \/>\n<meta property=\"og:title\" content=\"Revue de Presse - ROSE du Nord\" \/>\n<meta property=\"og:description\" content=\"[vc_row css=\u00a0\u00bb.vc_custom_1742501636525{margin-bottom: 40px !important;}\u00a0\u00bb][vc_column][\/vc_column][\/vc_row][vc_row][vc_column width=\u00a0\u00bb3\/4&Prime;][\/vc_column][vc_column width=\u00a0\u00bb1\/4&Prime;][vc_btn title=\u00a0\u00bbLIRE L&rsquo;ARTICLE\u00a0\u00bb style=\u00a0\u00bbcustom\u00a0\u00bb custom_background=\u00a0\u00bb#942C61&Prime; custom_text=\u00a0\u00bb#FFFFFF\u00a0\u00bb shape=\u00a0\u00bbsquare\u00a0\u00bb css=\u00a0\u00bb\u00a0\u00bb link=\u00a0\u00bburl:https%3A%2F%2Fconceptsk2.com%2Frosedunord-dev%2Fwp-content%2Fuploads%2F2025%2F03%2Fune-reforme-de-lassistance-sociale-le-devoir.pdf|target:_blank\u00a0\u00bb][\/vc_column][\/vc_row][vc_row css=\u00a0\u00bb.vc_custom_1742501653882{margin-bottom: 40px !important;}\u00a0\u00bb][vc_column][\/vc_column][\/vc_row][vc_row][vc_column width=\u00a0\u00bb3\/4&Prime;][\/vc_column][vc_column width=\u00a0\u00bb1\/4&Prime;][vc_btn title=\u00a0\u00bbLIRE L&rsquo;ARTICLE\u00a0\u00bb style=\u00a0\u00bbcustom\u00a0\u00bb custom_background=\u00a0\u00bb#942C61&Prime; custom_text=\u00a0\u00bb#FFFFFF\u00a0\u00bb shape=\u00a0\u00bbsquare\u00a0\u00bb css=\u00a0\u00bb\u00a0\u00bb link=\u00a0\u00bburl:https%3A%2F%2Fconceptsk2.com%2Frosedunord-dev%2Fwp-content%2Fuploads%2F2025%2F03%2Fopinion-pour-lutter-contre-la-pauvrete-le-devoir.pdf|target:_blank\u00a0\u00bb][\/vc_column][\/vc_row]\" \/>\n<meta property=\"og:url\" content=\"https:\/\/conceptsk2.com\/rosedunord-dev\/documentation\/revue-de-presse\/\" \/>\n<meta property=\"og:site_name\" content=\"ROSE du Nord\" \/>\n<meta property=\"article:modified_time\" content=\"2025-03-20T20:14:31+00:00\" \/>\n<meta property=\"og:image\" content=\"https:\/\/conceptsk2.com\/rosedunord-dev\/wp-content\/uploads\/2021\/12\/Offre-finale.png\" \/>\n\t<meta property=\"og:image:width\" content=\"1640\" \/>\n\t<meta property=\"og:image:height\" content=\"924\" \/>\n\t<meta property=\"og:image:type\" content=\"image\/png\" \/>\n<meta name=\"twitter:card\" content=\"summary_large_image\" \/>\n<meta name=\"twitter:label1\" content=\"Dur\u00e9e de lecture estim\u00e9e\" \/>\n\t<meta name=\"twitter:data1\" content=\"1 minute\" \/>\n<script type=\"application\/ld+json\" class=\"yoast-schema-graph\">{\"@context\":\"https:\/\/schema.org\",\"@graph\":[{\"@type\":\"WebPage\",\"@id\":\"https:\/\/conceptsk2.com\/rosedunord-dev\/documentation\/revue-de-presse\/\",\"url\":\"https:\/\/conceptsk2.com\/rosedunord-dev\/documentation\/revue-de-presse\/\",\"name\":\"Revue de Presse - ROSE du Nord\",\"isPartOf\":{\"@id\":\"https:\/\/conceptsk2.com\/rosedunord-dev\/#website\"},\"datePublished\":\"2025-03-04T15:06:49+00:00\",\"dateModified\":\"2025-03-20T20:14:31+00:00\",\"breadcrumb\":{\"@id\":\"https:\/\/conceptsk2.com\/rosedunord-dev\/documentation\/revue-de-presse\/#breadcrumb\"},\"inLanguage\":\"fr-FR\",\"potentialAction\":[{\"@type\":\"ReadAction\",\"target\":[\"https:\/\/conceptsk2.com\/rosedunord-dev\/documentation\/revue-de-presse\/\"]}]},{\"@type\":\"BreadcrumbList\",\"@id\":\"https:\/\/conceptsk2.com\/rosedunord-dev\/documentation\/revue-de-presse\/#breadcrumb\",\"itemListElement\":[{\"@type\":\"ListItem\",\"position\":1,\"name\":\"Accueil\",\"item\":\"https:\/\/conceptsk2.com\/rosedunord-dev\/\"},{\"@type\":\"ListItem\",\"position\":2,\"name\":\"Documentation\",\"item\":\"https:\/\/conceptsk2.com\/rosedunord-dev\/documentation\/\"},{\"@type\":\"ListItem\",\"position\":3,\"name\":\"Revue de Presse\"}]},{\"@type\":\"WebSite\",\"@id\":\"https:\/\/conceptsk2.com\/rosedunord-dev\/#website\",\"url\":\"https:\/\/conceptsk2.com\/rosedunord-dev\/\",\"name\":\"ROSE du Nord\",\"description\":\"Le Regroupement des femmes sans emploi du Nord de Qu\u00e9bec\",\"publisher\":{\"@id\":\"https:\/\/conceptsk2.com\/rosedunord-dev\/#organization\"},\"potentialAction\":[{\"@type\":\"SearchAction\",\"target\":{\"@type\":\"EntryPoint\",\"urlTemplate\":\"https:\/\/conceptsk2.com\/rosedunord-dev\/?s={search_term_string}\"},\"query-input\":{\"@type\":\"PropertyValueSpecification\",\"valueRequired\":true,\"valueName\":\"search_term_string\"}}],\"inLanguage\":\"fr-FR\"},{\"@type\":\"Organization\",\"@id\":\"https:\/\/conceptsk2.com\/rosedunord-dev\/#organization\",\"name\":\"ROSE du Nord\",\"url\":\"https:\/\/conceptsk2.com\/rosedunord-dev\/\",\"logo\":{\"@type\":\"ImageObject\",\"inLanguage\":\"fr-FR\",\"@id\":\"https:\/\/conceptsk2.com\/rosedunord-dev\/#\/schema\/logo\/image\/\",\"url\":\"\",\"contentUrl\":\"\",\"caption\":\"ROSE du Nord\"},\"image\":{\"@id\":\"https:\/\/conceptsk2.com\/rosedunord-dev\/#\/schema\/logo\/image\/\"}}]}<\/script>\n<!-- \/ Yoast SEO plugin. -->","yoast_head_json":{"title":"Revue de Presse - ROSE du Nord","robots":{"index":"noindex","follow":"follow","max-snippet":"max-snippet:-1","max-image-preview":"max-image-preview:large","max-video-preview":"max-video-preview:-1"},"og_locale":"fr_FR","og_type":"article","og_title":"Revue de Presse - ROSE du Nord","og_description":"[vc_row css=\u00a0\u00bb.vc_custom_1742501636525{margin-bottom: 40px !important;}\u00a0\u00bb][vc_column][\/vc_column][\/vc_row][vc_row][vc_column width=\u00a0\u00bb3\/4&Prime;][\/vc_column][vc_column width=\u00a0\u00bb1\/4&Prime;][vc_btn title=\u00a0\u00bbLIRE L&rsquo;ARTICLE\u00a0\u00bb style=\u00a0\u00bbcustom\u00a0\u00bb custom_background=\u00a0\u00bb#942C61&Prime; custom_text=\u00a0\u00bb#FFFFFF\u00a0\u00bb shape=\u00a0\u00bbsquare\u00a0\u00bb css=\u00a0\u00bb\u00a0\u00bb link=\u00a0\u00bburl:https%3A%2F%2Fconceptsk2.com%2Frosedunord-dev%2Fwp-content%2Fuploads%2F2025%2F03%2Fune-reforme-de-lassistance-sociale-le-devoir.pdf|target:_blank\u00a0\u00bb][\/vc_column][\/vc_row][vc_row css=\u00a0\u00bb.vc_custom_1742501653882{margin-bottom: 40px !important;}\u00a0\u00bb][vc_column][\/vc_column][\/vc_row][vc_row][vc_column width=\u00a0\u00bb3\/4&Prime;][\/vc_column][vc_column width=\u00a0\u00bb1\/4&Prime;][vc_btn title=\u00a0\u00bbLIRE L&rsquo;ARTICLE\u00a0\u00bb style=\u00a0\u00bbcustom\u00a0\u00bb custom_background=\u00a0\u00bb#942C61&Prime; custom_text=\u00a0\u00bb#FFFFFF\u00a0\u00bb shape=\u00a0\u00bbsquare\u00a0\u00bb css=\u00a0\u00bb\u00a0\u00bb link=\u00a0\u00bburl:https%3A%2F%2Fconceptsk2.com%2Frosedunord-dev%2Fwp-content%2Fuploads%2F2025%2F03%2Fopinion-pour-lutter-contre-la-pauvrete-le-devoir.pdf|target:_blank\u00a0\u00bb][\/vc_column][\/vc_row]","og_url":"https:\/\/conceptsk2.com\/rosedunord-dev\/documentation\/revue-de-presse\/","og_site_name":"ROSE du Nord","article_modified_time":"2025-03-20T20:14:31+00:00","og_image":[{"width":1640,"height":924,"url":"https:\/\/conceptsk2.com\/rosedunord-dev\/wp-content\/uploads\/2021\/12\/Offre-finale.png","type":"image\/png"}],"twitter_card":"summary_large_image","twitter_misc":{"Dur\u00e9e de lecture estim\u00e9e":"1 minute"},"schema":{"@context":"https:\/\/schema.org","@graph":[{"@type":"WebPage","@id":"https:\/\/conceptsk2.com\/rosedunord-dev\/documentation\/revue-de-presse\/","url":"https:\/\/conceptsk2.com\/rosedunord-dev\/documentation\/revue-de-presse\/","name":"Revue de Presse - ROSE du Nord","isPartOf":{"@id":"https:\/\/conceptsk2.com\/rosedunord-dev\/#website"},"datePublished":"2025-03-04T15:06:49+00:00","dateModified":"2025-03-20T20:14:31+00:00","breadcrumb":{"@id":"https:\/\/conceptsk2.com\/rosedunord-dev\/documentation\/revue-de-presse\/#breadcrumb"},"inLanguage":"fr-FR","potentialAction":[{"@type":"ReadAction","target":["https:\/\/conceptsk2.com\/rosedunord-dev\/documentation\/revue-de-presse\/"]}]},{"@type":"BreadcrumbList","@id":"https:\/\/conceptsk2.com\/rosedunord-dev\/documentation\/revue-de-presse\/#breadcrumb","itemListElement":[{"@type":"ListItem","position":1,"name":"Accueil","item":"https:\/\/conceptsk2.com\/rosedunord-dev\/"},{"@type":"ListItem","position":2,"name":"Documentation","item":"https:\/\/conceptsk2.com\/rosedunord-dev\/documentation\/"},{"@type":"ListItem","position":3,"name":"Revue de Presse"}]},{"@type":"WebSite","@id":"https:\/\/conceptsk2.com\/rosedunord-dev\/#website","url":"https:\/\/conceptsk2.com\/rosedunord-dev\/","name":"ROSE du Nord","description":"Le Regroupement des femmes sans emploi du Nord de Qu\u00e9bec","publisher":{"@id":"https:\/\/conceptsk2.com\/rosedunord-dev\/#organization"},"potentialAction":[{"@type":"SearchAction","target":{"@type":"EntryPoint","urlTemplate":"https:\/\/conceptsk2.com\/rosedunord-dev\/?s={search_term_string}"},"query-input":{"@type":"PropertyValueSpecification","valueRequired":true,"valueName":"search_term_string"}}],"inLanguage":"fr-FR"},{"@type":"Organization","@id":"https:\/\/conceptsk2.com\/rosedunord-dev\/#organization","name":"ROSE du Nord","url":"https:\/\/conceptsk2.com\/rosedunord-dev\/","logo":{"@type":"ImageObject","inLanguage":"fr-FR","@id":"https:\/\/conceptsk2.com\/rosedunord-dev\/#\/schema\/logo\/image\/","url":"","contentUrl":"","caption":"ROSE du Nord"},"image":{"@id":"https:\/\/conceptsk2.com\/rosedunord-dev\/#\/schema\/logo\/image\/"}}]}},"_links":{"self":[{"href":"https:\/\/conceptsk2.com\/rosedunord-dev\/wp-json\/wp\/v2\/pages\/3903","targetHints":{"allow":["GET"]}}],"collection":[{"href":"https:\/\/conceptsk2.com\/rosedunord-dev\/wp-json\/wp\/v2\/pages"}],"about":[{"href":"https:\/\/conceptsk2.com\/rosedunord-dev\/wp-json\/wp\/v2\/types\/page"}],"author":[{"embeddable":true,"href":"https:\/\/conceptsk2.com\/rosedunord-dev\/wp-json\/wp\/v2\/users\/1"}],"replies":[{"embeddable":true,"href":"https:\/\/conceptsk2.com\/rosedunord-dev\/wp-json\/wp\/v2\/comments?post=3903"}],"version-history":[{"count":12,"href":"https:\/\/conceptsk2.com\/rosedunord-dev\/wp-json\/wp\/v2\/pages\/3903\/revisions"}],"predecessor-version":[{"id":4116,"href":"https:\/\/conceptsk2.com\/rosedunord-dev\/wp-json\/wp\/v2\/pages\/3903\/revisions\/4116"}],"up":[{"embeddable":true,"href":"https:\/\/conceptsk2.com\/rosedunord-dev\/wp-json\/wp\/v2\/pages\/2147"}],"wp:attachment":[{"href":"https:\/\/conceptsk2.com\/rosedunord-dev\/wp-json\/wp\/v2\/media?parent=3903"}],"curies":[{"name":"wp","href":"https:\/\/api.w.org\/{rel}","templated":true}]}}