{"id":3905,"date":"2025-03-04T15:07:25","date_gmt":"2025-03-04T15:07:25","guid":{"rendered":"https:\/\/conceptsk2.com\/rosedunord-dev\/?page_id=3905"},"modified":"2025-03-13T18:25:52","modified_gmt":"2025-03-13T18:25:52","slug":"violences-institutionnelles","status":"publish","type":"page","link":"https:\/\/conceptsk2.com\/rosedunord-dev\/documentation\/violences-institutionnelles\/","title":{"rendered":"Violences institutionnelles"},"content":{"rendered":"<div class=\"wpb-content-wrapper\"><p>[vc_row][vc_column]<div class=\"wprt-headings clearfix \"  style=\"\"><h2 class=\"heading clearfix\" style=\"color:#000000;\">\r\n\t\tLes violences institutionnelles r\u00e9sum\u00e9 et documentation\r\n\t<\/h2><div class=\"sep clearfix\" style=\"width:50px;height:2px;background-color:#c1075e;\"><\/div><\/div>\r\n\t<div class=\"wprt-spacer clearfix\" data-desktop=\"40\" data-mobi=\"40\" data-smobi=\"40\"><\/div>[\/vc_column][\/vc_row][vc_row][vc_column width=\u00a0\u00bb2\/3&Prime;][vc_column_text css=\u00a0\u00bb\u00a0\u00bb]<span style=\"font-weight: 400;\">R\u00e9sum\u00e9 d\u2019une d\u00e9marche de r\u00e9flexion collective et de recherche documentaire sur la d\u00e9finition de ce concept selon une approche f\u00e9ministe intersectionnelle et conscientisante<\/span>[\/vc_column_text][\/vc_column][vc_column width=\u00a0\u00bb1\/3&Prime;]<div class=\"button-wrap icon-right has-icon\" style=\"display:block; text-align:center;\"><a href=\"https:\/\/conceptsk2.com\/rosedunord-dev\/wp-content\/uploads\/2025\/03\/La-violence-institutionnelle-vecue-par-les-femmes-assistees-sociales.pdf\" target=\"_blank\" class=\"wprt-button big solid accent\" style=\"display:block; text-align:center;\">\r\n\t\t<span style=\"\">La violence institutionnelle v\u00e9cue par les femmes assist\u00e9es sociales <span class=\"icon\" style=\"font-size:20px;\"><i class=\"vc-oi vc-oi-down-circle\"><\/i><\/span><\/span>\r\n\t<\/a><\/div>[\/vc_column][\/vc_row][vc_row][vc_column]\r\n\t<div class=\"wprt-spacer clearfix\" data-desktop=\"40\" data-mobi=\"40\" data-smobi=\"40\"><\/div><div class=\"wprt-headings clearfix \"  style=\"\"><h3 class=\"heading clearfix\" style=\"color:#000000;\">\r\n\t\tViolence institutionnelle d\u00e9finition\r\n\t<\/h3><\/div>[vc_column_text css=\u00a0\u00bb\u00a0\u00bb]<span style=\"font-weight: 400;\">\u00ab Toute action commise dans et par une institution, ou toute absence d\u2019action, qui cause \u00e0 [la personne] une souffrance physique ou psychologique inutile et\/ou qui entrave son \u00e9volution ult\u00e9rieure \u00bb (Tomckiewiz dans Bemben, 2016, p.4).<\/span>[\/vc_column_text]\r\n\t<div class=\"wprt-spacer clearfix\" data-desktop=\"40\" data-mobi=\"40\" data-smobi=\"40\"><\/div>[\/vc_column][\/vc_row][vc_row css=\u00a0\u00bb.vc_custom_1563305711138{margin-top: -30px !important;}\u00a0\u00bb][vc_column][\/vc_column][vc_column css=\u00a0\u00bb.vc_custom_1563305724199{margin-top: -30px !important;}\u00a0\u00bb][vc_empty_space height=\u00a0\u00bb70px\u00a0\u00bb]<div class=\"wprt-headings clearfix \"  style=\"\"><h2 class=\"heading clearfix\" style=\"color:#000000;\">\r\n\t\tVolet Arts et solidarit\u00e9\r\n\t<\/h2><div class=\"sep clearfix\" style=\"width:50px;height:2px;background-color:#c1075e;\"><\/div><\/div>[vc_video link=\u00a0\u00bbhttps:\/\/vimeo.com\/889226881&Prime; el_width=\u00a0\u00bb80&Prime; css=\u00a0\u00bb\u00a0\u00bb][\/vc_column][\/vc_row][vc_row css=\u00a0\u00bb.vc_custom_1563305711138{margin-top: -30px !important;}\u00a0\u00bb][vc_column css=\u00a0\u00bb.vc_custom_1563305724199{margin-top: -30px !important;}\u00a0\u00bb][vc_empty_space height=\u00a0\u00bb70px\u00a0\u00bb]<div class=\"wprt-headings clearfix \"  style=\"\"><h2 class=\"heading clearfix\" style=\"color:#000000;\">\r\n\t\tSection 3\r\n\t<\/h2><div class=\"sep clearfix\" style=\"width:50px;height:2px;background-color:#c1075e;\"><\/div><\/div>[\/vc_column][\/vc_row][vc_row][vc_column]<div class=\"wprt-headings clearfix \"  style=\"\"><h3 class=\"heading clearfix\" style=\"color:#000000;margin-top:50px;\">\r\n\t\tLe syst\u00e8me d\u2019aide sociale et les violences institutionnelles\r\n\t<\/h3><\/div>[vc_video link=\u00a0\u00bbhttps:\/\/vimeo.com\/889226881&Prime; el_width=\u00a0\u00bb80&Prime; css=\u00a0\u00bb\u00a0\u00bb][\/vc_column][\/vc_row][vc_row][vc_column]<div class=\"wprt-headings clearfix \"  style=\"\"><h3 class=\"heading clearfix\" style=\"color:#000000;margin-top:50px;\">\r\n\t\tViolence psychologique\r\n\t<\/h3><\/div>[vc_video link=\u00a0\u00bbhttps:\/\/vimeo.com\/889226881&Prime; el_width=\u00a0\u00bb80&Prime; css=\u00a0\u00bb\u00a0\u00bb][\/vc_column][\/vc_row][vc_row][vc_column]<div class=\"wprt-headings clearfix \"  style=\"\"><h3 class=\"heading clearfix\" style=\"color:#000000;margin-top:50px;\">\r\n\t\tViolence physique\r\n\t<\/h3><\/div>[vc_video link=\u00a0\u00bbhttps:\/\/vimeo.com\/889226881&Prime; el_width=\u00a0\u00bb80&Prime; css=\u00a0\u00bb\u00a0\u00bb][\/vc_column][\/vc_row][vc_row][vc_column]<div class=\"wprt-headings clearfix \"  style=\"\"><h3 class=\"heading clearfix\" style=\"color:#000000;margin-top:50px;\">\r\n\t\tViolence \u00e9conomique\r\n\t<\/h3><\/div>[vc_video link=\u00a0\u00bbhttps:\/\/vimeo.com\/889226881&Prime; el_width=\u00a0\u00bb80&Prime; css=\u00a0\u00bb\u00a0\u00bb][\/vc_column][\/vc_row][vc_row][vc_column]<div class=\"wprt-headings clearfix \"  style=\"\"><h3 class=\"heading clearfix\" style=\"color:#000000;margin-top:50px;\">\r\n\t\tViolence administrative\r\n\t<\/h3><\/div>[vc_video link=\u00a0\u00bbhttps:\/\/vimeo.com\/889226881&Prime; el_width=\u00a0\u00bb80&Prime; css=\u00a0\u00bb\u00a0\u00bb][\/vc_column][\/vc_row]<\/p>\n<\/div>","protected":false},"excerpt":{"rendered":"<p>[vc_row][vc_column][\/vc_column][\/vc_row][vc_row][vc_column width=\u00a0\u00bb2\/3&Prime;][vc_column_text css=\u00a0\u00bb\u00a0\u00bb]R\u00e9sum\u00e9 d\u2019une d\u00e9marche de r\u00e9flexion collective et de recherche documentaire sur la d\u00e9finition de ce concept selon une approche f\u00e9ministe intersectionnelle et conscientisante[\/vc_column_text][\/vc_column][vc_column width=\u00a0\u00bb1\/3&Prime;][\/vc_column][\/vc_row][vc_row][vc_column][vc_column_text css=\u00a0\u00bb\u00a0\u00bb]\u00ab Toute action commise dans et par une institution, ou toute absence d\u2019action, qui cause \u00e0 [la personne] une souffrance physique ou psychologique inutile et\/ou qui entrave son \u00e9volution&hellip;<\/p>\n","protected":false},"author":1,"featured_media":0,"parent":2147,"menu_order":0,"comment_status":"closed","ping_status":"closed","template":"","meta":{"_acf_changed":false,"footnotes":""},"class_list":["post-3905","page","type-page","status-publish","hentry"],"acf":[],"yoast_head":"<!-- This site is optimized with the Yoast SEO plugin v24.7 - https:\/\/yoast.com\/wordpress\/plugins\/seo\/ -->\n<title>Violences institutionnelles - ROSE du Nord<\/title>\n<meta name=\"robots\" content=\"noindex, follow, max-snippet:-1, max-image-preview:large, max-video-preview:-1\" \/>\n<meta property=\"og:locale\" content=\"fr_FR\" \/>\n<meta property=\"og:type\" content=\"article\" \/>\n<meta property=\"og:title\" content=\"Violences institutionnelles - ROSE du Nord\" \/>\n<meta property=\"og:description\" content=\"[vc_row][vc_column][\/vc_column][\/vc_row][vc_row][vc_column width=\u00a0\u00bb2\/3&Prime;][vc_column_text css=\u00a0\u00bb\u00a0\u00bb]R\u00e9sum\u00e9 d\u2019une d\u00e9marche de r\u00e9flexion collective et de recherche documentaire sur la d\u00e9finition de ce concept selon une approche f\u00e9ministe intersectionnelle et conscientisante[\/vc_column_text][\/vc_column][vc_column width=\u00a0\u00bb1\/3&Prime;][\/vc_column][\/vc_row][vc_row][vc_column][vc_column_text css=\u00a0\u00bb\u00a0\u00bb]\u00ab Toute action commise dans et par une institution, ou toute absence d\u2019action, qui cause \u00e0 [la personne] une souffrance physique ou psychologique inutile et\/ou qui entrave son \u00e9volution&hellip;\" \/>\n<meta property=\"og:url\" content=\"https:\/\/conceptsk2.com\/rosedunord-dev\/documentation\/violences-institutionnelles\/\" \/>\n<meta property=\"og:site_name\" content=\"ROSE du Nord\" \/>\n<meta property=\"article:modified_time\" content=\"2025-03-13T18:25:52+00:00\" \/>\n<meta property=\"og:image\" content=\"https:\/\/conceptsk2.com\/rosedunord-dev\/wp-content\/uploads\/2021\/12\/Offre-finale.png\" \/>\n\t<meta property=\"og:image:width\" content=\"1640\" \/>\n\t<meta property=\"og:image:height\" content=\"924\" \/>\n\t<meta property=\"og:image:type\" content=\"image\/png\" \/>\n<meta name=\"twitter:card\" content=\"summary_large_image\" \/>\n<meta name=\"twitter:label1\" content=\"Dur\u00e9e de lecture estim\u00e9e\" \/>\n\t<meta name=\"twitter:data1\" content=\"2 minutes\" \/>\n<script type=\"application\/ld+json\" class=\"yoast-schema-graph\">{\"@context\":\"https:\/\/schema.org\",\"@graph\":[{\"@type\":\"WebPage\",\"@id\":\"https:\/\/conceptsk2.com\/rosedunord-dev\/documentation\/violences-institutionnelles\/\",\"url\":\"https:\/\/conceptsk2.com\/rosedunord-dev\/documentation\/violences-institutionnelles\/\",\"name\":\"Violences institutionnelles - ROSE du Nord\",\"isPartOf\":{\"@id\":\"https:\/\/conceptsk2.com\/rosedunord-dev\/#website\"},\"datePublished\":\"2025-03-04T15:07:25+00:00\",\"dateModified\":\"2025-03-13T18:25:52+00:00\",\"breadcrumb\":{\"@id\":\"https:\/\/conceptsk2.com\/rosedunord-dev\/documentation\/violences-institutionnelles\/#breadcrumb\"},\"inLanguage\":\"fr-FR\",\"potentialAction\":[{\"@type\":\"ReadAction\",\"target\":[\"https:\/\/conceptsk2.com\/rosedunord-dev\/documentation\/violences-institutionnelles\/\"]}]},{\"@type\":\"BreadcrumbList\",\"@id\":\"https:\/\/conceptsk2.com\/rosedunord-dev\/documentation\/violences-institutionnelles\/#breadcrumb\",\"itemListElement\":[{\"@type\":\"ListItem\",\"position\":1,\"name\":\"Accueil\",\"item\":\"https:\/\/conceptsk2.com\/rosedunord-dev\/\"},{\"@type\":\"ListItem\",\"position\":2,\"name\":\"Documentation\",\"item\":\"https:\/\/conceptsk2.com\/rosedunord-dev\/documentation\/\"},{\"@type\":\"ListItem\",\"position\":3,\"name\":\"Violences institutionnelles\"}]},{\"@type\":\"WebSite\",\"@id\":\"https:\/\/conceptsk2.com\/rosedunord-dev\/#website\",\"url\":\"https:\/\/conceptsk2.com\/rosedunord-dev\/\",\"name\":\"ROSE du Nord\",\"description\":\"Le Regroupement des femmes sans emploi du Nord de Qu\u00e9bec\",\"publisher\":{\"@id\":\"https:\/\/conceptsk2.com\/rosedunord-dev\/#organization\"},\"potentialAction\":[{\"@type\":\"SearchAction\",\"target\":{\"@type\":\"EntryPoint\",\"urlTemplate\":\"https:\/\/conceptsk2.com\/rosedunord-dev\/?s={search_term_string}\"},\"query-input\":{\"@type\":\"PropertyValueSpecification\",\"valueRequired\":true,\"valueName\":\"search_term_string\"}}],\"inLanguage\":\"fr-FR\"},{\"@type\":\"Organization\",\"@id\":\"https:\/\/conceptsk2.com\/rosedunord-dev\/#organization\",\"name\":\"ROSE du Nord\",\"url\":\"https:\/\/conceptsk2.com\/rosedunord-dev\/\",\"logo\":{\"@type\":\"ImageObject\",\"inLanguage\":\"fr-FR\",\"@id\":\"https:\/\/conceptsk2.com\/rosedunord-dev\/#\/schema\/logo\/image\/\",\"url\":\"\",\"contentUrl\":\"\",\"caption\":\"ROSE du Nord\"},\"image\":{\"@id\":\"https:\/\/conceptsk2.com\/rosedunord-dev\/#\/schema\/logo\/image\/\"}}]}<\/script>\n<!-- \/ Yoast SEO plugin. -->","yoast_head_json":{"title":"Violences institutionnelles - ROSE du Nord","robots":{"index":"noindex","follow":"follow","max-snippet":"max-snippet:-1","max-image-preview":"max-image-preview:large","max-video-preview":"max-video-preview:-1"},"og_locale":"fr_FR","og_type":"article","og_title":"Violences institutionnelles - ROSE du Nord","og_description":"[vc_row][vc_column][\/vc_column][\/vc_row][vc_row][vc_column width=\u00a0\u00bb2\/3&Prime;][vc_column_text css=\u00a0\u00bb\u00a0\u00bb]R\u00e9sum\u00e9 d\u2019une d\u00e9marche de r\u00e9flexion collective et de recherche documentaire sur la d\u00e9finition de ce concept selon une approche f\u00e9ministe intersectionnelle et conscientisante[\/vc_column_text][\/vc_column][vc_column width=\u00a0\u00bb1\/3&Prime;][\/vc_column][\/vc_row][vc_row][vc_column][vc_column_text css=\u00a0\u00bb\u00a0\u00bb]\u00ab Toute action commise dans et par une institution, ou toute absence d\u2019action, qui cause \u00e0 [la personne] une souffrance physique ou psychologique inutile et\/ou qui entrave son \u00e9volution&hellip;","og_url":"https:\/\/conceptsk2.com\/rosedunord-dev\/documentation\/violences-institutionnelles\/","og_site_name":"ROSE du Nord","article_modified_time":"2025-03-13T18:25:52+00:00","og_image":[{"width":1640,"height":924,"url":"https:\/\/conceptsk2.com\/rosedunord-dev\/wp-content\/uploads\/2021\/12\/Offre-finale.png","type":"image\/png"}],"twitter_card":"summary_large_image","twitter_misc":{"Dur\u00e9e de lecture estim\u00e9e":"2 minutes"},"schema":{"@context":"https:\/\/schema.org","@graph":[{"@type":"WebPage","@id":"https:\/\/conceptsk2.com\/rosedunord-dev\/documentation\/violences-institutionnelles\/","url":"https:\/\/conceptsk2.com\/rosedunord-dev\/documentation\/violences-institutionnelles\/","name":"Violences institutionnelles - ROSE du Nord","isPartOf":{"@id":"https:\/\/conceptsk2.com\/rosedunord-dev\/#website"},"datePublished":"2025-03-04T15:07:25+00:00","dateModified":"2025-03-13T18:25:52+00:00","breadcrumb":{"@id":"https:\/\/conceptsk2.com\/rosedunord-dev\/documentation\/violences-institutionnelles\/#breadcrumb"},"inLanguage":"fr-FR","potentialAction":[{"@type":"ReadAction","target":["https:\/\/conceptsk2.com\/rosedunord-dev\/documentation\/violences-institutionnelles\/"]}]},{"@type":"BreadcrumbList","@id":"https:\/\/conceptsk2.com\/rosedunord-dev\/documentation\/violences-institutionnelles\/#breadcrumb","itemListElement":[{"@type":"ListItem","position":1,"name":"Accueil","item":"https:\/\/conceptsk2.com\/rosedunord-dev\/"},{"@type":"ListItem","position":2,"name":"Documentation","item":"https:\/\/conceptsk2.com\/rosedunord-dev\/documentation\/"},{"@type":"ListItem","position":3,"name":"Violences institutionnelles"}]},{"@type":"WebSite","@id":"https:\/\/conceptsk2.com\/rosedunord-dev\/#website","url":"https:\/\/conceptsk2.com\/rosedunord-dev\/","name":"ROSE du Nord","description":"Le Regroupement des femmes sans emploi du Nord de Qu\u00e9bec","publisher":{"@id":"https:\/\/conceptsk2.com\/rosedunord-dev\/#organization"},"potentialAction":[{"@type":"SearchAction","target":{"@type":"EntryPoint","urlTemplate":"https:\/\/conceptsk2.com\/rosedunord-dev\/?s={search_term_string}"},"query-input":{"@type":"PropertyValueSpecification","valueRequired":true,"valueName":"search_term_string"}}],"inLanguage":"fr-FR"},{"@type":"Organization","@id":"https:\/\/conceptsk2.com\/rosedunord-dev\/#organization","name":"ROSE du Nord","url":"https:\/\/conceptsk2.com\/rosedunord-dev\/","logo":{"@type":"ImageObject","inLanguage":"fr-FR","@id":"https:\/\/conceptsk2.com\/rosedunord-dev\/#\/schema\/logo\/image\/","url":"","contentUrl":"","caption":"ROSE du Nord"},"image":{"@id":"https:\/\/conceptsk2.com\/rosedunord-dev\/#\/schema\/logo\/image\/"}}]}},"_links":{"self":[{"href":"https:\/\/conceptsk2.com\/rosedunord-dev\/wp-json\/wp\/v2\/pages\/3905","targetHints":{"allow":["GET"]}}],"collection":[{"href":"https:\/\/conceptsk2.com\/rosedunord-dev\/wp-json\/wp\/v2\/pages"}],"about":[{"href":"https:\/\/conceptsk2.com\/rosedunord-dev\/wp-json\/wp\/v2\/types\/page"}],"author":[{"embeddable":true,"href":"https:\/\/conceptsk2.com\/rosedunord-dev\/wp-json\/wp\/v2\/users\/1"}],"replies":[{"embeddable":true,"href":"https:\/\/conceptsk2.com\/rosedunord-dev\/wp-json\/wp\/v2\/comments?post=3905"}],"version-history":[{"count":10,"href":"https:\/\/conceptsk2.com\/rosedunord-dev\/wp-json\/wp\/v2\/pages\/3905\/revisions"}],"predecessor-version":[{"id":4078,"href":"https:\/\/conceptsk2.com\/rosedunord-dev\/wp-json\/wp\/v2\/pages\/3905\/revisions\/4078"}],"up":[{"embeddable":true,"href":"https:\/\/conceptsk2.com\/rosedunord-dev\/wp-json\/wp\/v2\/pages\/2147"}],"wp:attachment":[{"href":"https:\/\/conceptsk2.com\/rosedunord-dev\/wp-json\/wp\/v2\/media?parent=3905"}],"curies":[{"name":"wp","href":"https:\/\/api.w.org\/{rel}","templated":true}]}}